{"id":991,"date":"2025-02-07T18:46:12","date_gmt":"2025-02-07T18:46:12","guid":{"rendered":"https:\/\/triumph4all.dk\/?page_id=991"},"modified":"2025-02-09T20:12:27","modified_gmt":"2025-02-09T20:12:27","slug":"ratstamme-oevre","status":"publish","type":"page","link":"https:\/\/triumph4all.dk\/?page_id=991","title":{"rendered":"Ratstamme \u00f8vre"},"content":{"rendered":"\n<p class=\"has-text-align-center\">S\u00e5 blev det tid til ratstamme \u00f8vre p\u00e5 billedet under se hvordan det ser ud s\u00e5 kan jeg kigge p\u00e5 det mens jeg igen som tidligere leder efter disse dele.<\/p>\n\n\n<div class=\"wp-block-image\">\n<figure class=\"aligncenter size-full\"><img loading=\"lazy\" decoding=\"async\" width=\"506\" height=\"450\" src=\"https:\/\/triumph4all.dk\/wp-content\/uploads\/2025\/02\/Ratstamme-oevre.jpg\" alt=\"\" class=\"wp-image-993\" srcset=\"https:\/\/triumph4all.dk\/wp-content\/uploads\/2025\/02\/Ratstamme-oevre.jpg 506w, https:\/\/triumph4all.dk\/wp-content\/uploads\/2025\/02\/Ratstamme-oevre-300x267.jpg 300w\" sizes=\"auto, (max-width: 506px) 100vw, 506px\" \/><\/figure>\n<\/div>\n\n\n<p class=\"has-text-align-center\">Ligger lige et billede op af hvordan det ser ud ved opstart.<\/p>\n\n\n\n<div class=\"wp-block-columns is-layout-flex wp-container-core-columns-is-layout-9d6595d7 wp-block-columns-is-layout-flex\">\n<div class=\"wp-block-column is-layout-flow wp-block-column-is-layout-flow\"><div class=\"wp-block-image\">\n<figure class=\"aligncenter size-large\"><img loading=\"lazy\" decoding=\"async\" width=\"1024\" height=\"529\" src=\"https:\/\/triumph4all.dk\/wp-content\/uploads\/2025\/02\/DSC01016-scaled-e1738952324850-1024x529.jpg\" alt=\"\" class=\"wp-image-994\" srcset=\"https:\/\/triumph4all.dk\/wp-content\/uploads\/2025\/02\/DSC01016-scaled-e1738952324850-1024x529.jpg 1024w, https:\/\/triumph4all.dk\/wp-content\/uploads\/2025\/02\/DSC01016-scaled-e1738952324850-300x155.jpg 300w, https:\/\/triumph4all.dk\/wp-content\/uploads\/2025\/02\/DSC01016-scaled-e1738952324850-768x397.jpg 768w, https:\/\/triumph4all.dk\/wp-content\/uploads\/2025\/02\/DSC01016-scaled-e1738952324850-1536x794.jpg 1536w, https:\/\/triumph4all.dk\/wp-content\/uploads\/2025\/02\/DSC01016-scaled-e1738952324850-2048x1058.jpg 2048w\" sizes=\"auto, (max-width: 1024px) 100vw, 1024px\" \/><\/figure>\n<\/div><\/div>\n<\/div>\n\n\n\n<p class=\"has-text-align-center\">Starter med at rense gammel maling af og derefter grunder jeg det. Her et billede som viser en med gammel maling og en hvor dette er renset af. Bem\u00e6rk at dette er st\u00e5l modellen efter hvad jeg ved s\u00e5 findes der ogs\u00e5 nogle som er lavet af plastik om de har v\u00e6ret monteret p\u00e5 de nye biler fra dengang eller om de er lavet som reservedele p\u00e5 et senere tidpunkt er jeg ikke klar over.<\/p>\n\n\n<div class=\"wp-block-image\">\n<figure class=\"aligncenter size-large\"><img loading=\"lazy\" decoding=\"async\" width=\"1024\" height=\"577\" src=\"https:\/\/triumph4all.dk\/wp-content\/uploads\/2025\/02\/DSC01028-1024x577.jpg\" alt=\"\" class=\"wp-image-995\" srcset=\"https:\/\/triumph4all.dk\/wp-content\/uploads\/2025\/02\/DSC01028-1024x577.jpg 1024w, https:\/\/triumph4all.dk\/wp-content\/uploads\/2025\/02\/DSC01028-300x169.jpg 300w, https:\/\/triumph4all.dk\/wp-content\/uploads\/2025\/02\/DSC01028-768x433.jpg 768w, https:\/\/triumph4all.dk\/wp-content\/uploads\/2025\/02\/DSC01028-1536x866.jpg 1536w, https:\/\/triumph4all.dk\/wp-content\/uploads\/2025\/02\/DSC01028-2048x1154.jpg 2048w\" sizes=\"auto, (max-width: 1024px) 100vw, 1024px\" \/><\/figure>\n<\/div>\n\n\n<p class=\"has-text-align-center\">S\u00e5 blev det f\u00f8rste grundet og malet sort.<\/p>\n\n\n\n<div class=\"wp-block-columns is-layout-flex wp-container-core-columns-is-layout-9d6595d7 wp-block-columns-is-layout-flex\">\n<div class=\"wp-block-column is-layout-flow wp-block-column-is-layout-flow\">\n<figure class=\"wp-block-image size-large\"><img loading=\"lazy\" decoding=\"async\" width=\"1024\" height=\"577\" src=\"https:\/\/triumph4all.dk\/wp-content\/uploads\/2025\/02\/DSC01029-1024x577.jpg\" alt=\"\" class=\"wp-image-1006\" srcset=\"https:\/\/triumph4all.dk\/wp-content\/uploads\/2025\/02\/DSC01029-1024x577.jpg 1024w, https:\/\/triumph4all.dk\/wp-content\/uploads\/2025\/02\/DSC01029-300x169.jpg 300w, https:\/\/triumph4all.dk\/wp-content\/uploads\/2025\/02\/DSC01029-768x433.jpg 768w, https:\/\/triumph4all.dk\/wp-content\/uploads\/2025\/02\/DSC01029-1536x866.jpg 1536w, https:\/\/triumph4all.dk\/wp-content\/uploads\/2025\/02\/DSC01029-2048x1154.jpg 2048w\" sizes=\"auto, (max-width: 1024px) 100vw, 1024px\" \/><\/figure>\n<\/div>\n\n\n\n<div class=\"wp-block-column is-layout-flow wp-block-column-is-layout-flow\">\n<figure class=\"wp-block-image size-large\"><img loading=\"lazy\" decoding=\"async\" width=\"1024\" height=\"577\" src=\"https:\/\/triumph4all.dk\/wp-content\/uploads\/2025\/02\/DSC01019-1024x577.jpg\" alt=\"\" class=\"wp-image-996\" srcset=\"https:\/\/triumph4all.dk\/wp-content\/uploads\/2025\/02\/DSC01019-1024x577.jpg 1024w, https:\/\/triumph4all.dk\/wp-content\/uploads\/2025\/02\/DSC01019-300x169.jpg 300w, https:\/\/triumph4all.dk\/wp-content\/uploads\/2025\/02\/DSC01019-768x433.jpg 768w, https:\/\/triumph4all.dk\/wp-content\/uploads\/2025\/02\/DSC01019-1536x866.jpg 1536w, https:\/\/triumph4all.dk\/wp-content\/uploads\/2025\/02\/DSC01019-2048x1154.jpg 2048w\" sizes=\"auto, (max-width: 1024px) 100vw, 1024px\" \/><\/figure>\n<\/div>\n<\/div>\n\n\n\n<p class=\"has-text-align-center\">Her ses et billede af rattet som heldigvis ser ganske p\u00e6nt ud.<\/p>\n\n\n<div class=\"wp-block-image\">\n<figure class=\"aligncenter size-large\"><img loading=\"lazy\" decoding=\"async\" width=\"1024\" height=\"577\" src=\"https:\/\/triumph4all.dk\/wp-content\/uploads\/2025\/02\/DSC01021-1024x577.jpg\" alt=\"\" class=\"wp-image-997\" srcset=\"https:\/\/triumph4all.dk\/wp-content\/uploads\/2025\/02\/DSC01021-1024x577.jpg 1024w, https:\/\/triumph4all.dk\/wp-content\/uploads\/2025\/02\/DSC01021-300x169.jpg 300w, https:\/\/triumph4all.dk\/wp-content\/uploads\/2025\/02\/DSC01021-768x433.jpg 768w, https:\/\/triumph4all.dk\/wp-content\/uploads\/2025\/02\/DSC01021-1536x866.jpg 1536w, https:\/\/triumph4all.dk\/wp-content\/uploads\/2025\/02\/DSC01021-2048x1154.jpg 2048w\" sizes=\"auto, (max-width: 1024px) 100vw, 1024px\" \/><\/figure>\n<\/div>\n\n\n<p class=\"has-text-align-center\">Mere f\u00f8lger&#8230;<\/p>\n","protected":false},"excerpt":{"rendered":"<p>S\u00e5 blev det tid til ratstamme \u00f8vre p\u00e5 billedet under se hvordan det ser ud s\u00e5 kan jeg kigge p\u00e5 det mens jeg igen som tidligere leder efter disse dele. Ligger lige et billede op af hvordan det ser ud ved opstart. Starter med at rense gammel maling af og derefter grunder jeg det. Her&hellip;&nbsp;<a href=\"https:\/\/triumph4all.dk\/?page_id=991\" rel=\"bookmark\">L\u00e6s mere &raquo;<span class=\"screen-reader-text\">Ratstamme \u00f8vre<\/span><\/a><\/p>\n","protected":false},"author":2,"featured_media":0,"parent":0,"menu_order":0,"comment_status":"closed","ping_status":"closed","template":"","meta":{"neve_meta_sidebar":"","neve_meta_container":"","neve_meta_enable_content_width":"","neve_meta_content_width":0,"neve_meta_title_alignment":"","neve_meta_author_avatar":"","neve_post_elements_order":"","neve_meta_disable_header":"","neve_meta_disable_footer":"","neve_meta_disable_title":"","footnotes":""},"class_list":["post-991","page","type-page","status-publish","hentry"],"_links":{"self":[{"href":"https:\/\/triumph4all.dk\/index.php?rest_route=\/wp\/v2\/pages\/991","targetHints":{"allow":["GET"]}}],"collection":[{"href":"https:\/\/triumph4all.dk\/index.php?rest_route=\/wp\/v2\/pages"}],"about":[{"href":"https:\/\/triumph4all.dk\/index.php?rest_route=\/wp\/v2\/types\/page"}],"author":[{"embeddable":true,"href":"https:\/\/triumph4all.dk\/index.php?rest_route=\/wp\/v2\/users\/2"}],"replies":[{"embeddable":true,"href":"https:\/\/triumph4all.dk\/index.php?rest_route=%2Fwp%2Fv2%2Fcomments&post=991"}],"version-history":[{"count":3,"href":"https:\/\/triumph4all.dk\/index.php?rest_route=\/wp\/v2\/pages\/991\/revisions"}],"predecessor-version":[{"id":1008,"href":"https:\/\/triumph4all.dk\/index.php?rest_route=\/wp\/v2\/pages\/991\/revisions\/1008"}],"wp:attachment":[{"href":"https:\/\/triumph4all.dk\/index.php?rest_route=%2Fwp%2Fv2%2Fmedia&parent=991"}],"curies":[{"name":"wp","href":"https:\/\/api.w.org\/{rel}","templated":true}]}}