{"id":948,"date":"2023-06-30T20:57:41","date_gmt":"2023-06-30T20:57:41","guid":{"rendered":"https:\/\/triumph4all.dk\/?page_id=948"},"modified":"2023-07-01T23:59:06","modified_gmt":"2023-07-01T23:59:06","slug":"soda-blaeser","status":"publish","type":"page","link":"https:\/\/triumph4all.dk\/?page_id=948","title":{"rendered":"Soda bl\u00e6ser"},"content":{"rendered":"\n<p>Efter at have set en del videoer p\u00e5 nettet om soda bl\u00e6sning og da de resultater som jeg s\u00e5 andre opn\u00e5ede blev det min tur til at bygge en s\u00e5 her kan man se hvordan jeg lavede min.<\/p>\n\n\n<div class=\"wp-block-image\">\n<figure class=\"aligncenter size-large\"><img loading=\"lazy\" decoding=\"async\" width=\"1024\" height=\"577\" src=\"https:\/\/triumph4all.dk\/wp-content\/uploads\/2023\/06\/DSC00997-1024x577.jpg\" alt=\"\" class=\"wp-image-949\" srcset=\"https:\/\/triumph4all.dk\/wp-content\/uploads\/2023\/06\/DSC00997-1024x577.jpg 1024w, https:\/\/triumph4all.dk\/wp-content\/uploads\/2023\/06\/DSC00997-300x169.jpg 300w, https:\/\/triumph4all.dk\/wp-content\/uploads\/2023\/06\/DSC00997-768x433.jpg 768w, https:\/\/triumph4all.dk\/wp-content\/uploads\/2023\/06\/DSC00997-1536x866.jpg 1536w, https:\/\/triumph4all.dk\/wp-content\/uploads\/2023\/06\/DSC00997-2048x1154.jpg 2048w\" sizes=\"auto, (max-width: 1024px) 100vw, 1024px\" \/><\/figure>\n<\/div>\n\n\n<p>&#8216;Jeg valgte at k\u00f8be en forholdsvis stor plastkasse med l\u00e5g i et byggemarked til en ok billig pris samt et par hansker af den model som ogs\u00e5 bruges i en sandbl\u00e6ser lavede huller i kassen s\u00e5 jeg kunne f\u00e5 h\u00e6nderne ind p\u00e5 samme m\u00e5de som ved sandbl\u00e6sning samt lavede jeg et hul til luftslangen bem\u00e6rk at de runde rinde som hanskerne er sat p\u00e5 er 3d printet.<\/p>\n\n\n<div class=\"wp-block-image\">\n<figure class=\"aligncenter size-large\"><img loading=\"lazy\" decoding=\"async\" width=\"1024\" height=\"577\" src=\"https:\/\/triumph4all.dk\/wp-content\/uploads\/2023\/06\/DSC00993-1024x577.jpg\" alt=\"\" class=\"wp-image-950\" srcset=\"https:\/\/triumph4all.dk\/wp-content\/uploads\/2023\/06\/DSC00993-1024x577.jpg 1024w, https:\/\/triumph4all.dk\/wp-content\/uploads\/2023\/06\/DSC00993-300x169.jpg 300w, https:\/\/triumph4all.dk\/wp-content\/uploads\/2023\/06\/DSC00993-768x433.jpg 768w, https:\/\/triumph4all.dk\/wp-content\/uploads\/2023\/06\/DSC00993-1536x866.jpg 1536w, https:\/\/triumph4all.dk\/wp-content\/uploads\/2023\/06\/DSC00993-2048x1154.jpg 2048w\" sizes=\"auto, (max-width: 1024px) 100vw, 1024px\" \/><figcaption class=\"wp-element-caption\">Billede 1<\/figcaption><\/figure>\n<\/div>\n\n<div class=\"wp-block-image\">\n<figure class=\"aligncenter size-large\"><img loading=\"lazy\" decoding=\"async\" width=\"1024\" height=\"577\" src=\"https:\/\/triumph4all.dk\/wp-content\/uploads\/2023\/06\/DSC00996-1024x577.jpg\" alt=\"\" class=\"wp-image-951\" srcset=\"https:\/\/triumph4all.dk\/wp-content\/uploads\/2023\/06\/DSC00996-1024x577.jpg 1024w, https:\/\/triumph4all.dk\/wp-content\/uploads\/2023\/06\/DSC00996-300x169.jpg 300w, https:\/\/triumph4all.dk\/wp-content\/uploads\/2023\/06\/DSC00996-768x433.jpg 768w, https:\/\/triumph4all.dk\/wp-content\/uploads\/2023\/06\/DSC00996-1536x866.jpg 1536w, https:\/\/triumph4all.dk\/wp-content\/uploads\/2023\/06\/DSC00996-2048x1154.jpg 2048w\" sizes=\"auto, (max-width: 1024px) 100vw, 1024px\" \/><figcaption class=\"wp-element-caption\">Billede 2<\/figcaption><\/figure>\n<\/div>\n\n\n<p>K\u00f8bte p\u00e5 nettet denne pistol en BGS 3244 (billede 1) som jeg bruger til at bl\u00e6se med fylder den op bl\u00e6ser med l\u00e5get p\u00e5 kassen s\u00e5 det ikke sviner s\u00e5 meget i rummet. P\u00e5 billede 2 kan man se hvordan hanskerne er monteret med plastikstrips det hvide som ses i venstre side er lavet s\u00e5 overtryk i kassen kan komme ud denne samtidigt med kan der monteres en st\u00f8vsuger denne del er ogs\u00e5 3d printet.<\/p>\n","protected":false},"excerpt":{"rendered":"<p>Efter at have set en del videoer p\u00e5 nettet om soda bl\u00e6sning og da de resultater som jeg s\u00e5 andre opn\u00e5ede blev det min tur til at bygge en s\u00e5 her kan man se hvordan jeg lavede min. &#8216;Jeg valgte at k\u00f8be en forholdsvis stor plastkasse med l\u00e5g i et byggemarked til en ok billig&hellip;&nbsp;<a href=\"https:\/\/triumph4all.dk\/?page_id=948\" rel=\"bookmark\">L\u00e6s mere &raquo;<span class=\"screen-reader-text\">Soda bl\u00e6ser<\/span><\/a><\/p>\n","protected":false},"author":2,"featured_media":0,"parent":0,"menu_order":0,"comment_status":"closed","ping_status":"closed","template":"","meta":{"neve_meta_sidebar":"","neve_meta_container":"","neve_meta_enable_content_width":"","neve_meta_content_width":0,"neve_meta_title_alignment":"","neve_meta_author_avatar":"","neve_post_elements_order":"","neve_meta_disable_header":"","neve_meta_disable_footer":"","neve_meta_disable_title":"","footnotes":""},"class_list":["post-948","page","type-page","status-publish","hentry"],"_links":{"self":[{"href":"https:\/\/triumph4all.dk\/index.php?rest_route=\/wp\/v2\/pages\/948","targetHints":{"allow":["GET"]}}],"collection":[{"href":"https:\/\/triumph4all.dk\/index.php?rest_route=\/wp\/v2\/pages"}],"about":[{"href":"https:\/\/triumph4all.dk\/index.php?rest_route=\/wp\/v2\/types\/page"}],"author":[{"embeddable":true,"href":"https:\/\/triumph4all.dk\/index.php?rest_route=\/wp\/v2\/users\/2"}],"replies":[{"embeddable":true,"href":"https:\/\/triumph4all.dk\/index.php?rest_route=%2Fwp%2Fv2%2Fcomments&post=948"}],"version-history":[{"count":3,"href":"https:\/\/triumph4all.dk\/index.php?rest_route=\/wp\/v2\/pages\/948\/revisions"}],"predecessor-version":[{"id":956,"href":"https:\/\/triumph4all.dk\/index.php?rest_route=\/wp\/v2\/pages\/948\/revisions\/956"}],"wp:attachment":[{"href":"https:\/\/triumph4all.dk\/index.php?rest_route=%2Fwp%2Fv2%2Fmedia&parent=948"}],"curies":[{"name":"wp","href":"https:\/\/api.w.org\/{rel}","templated":true}]}}