{"id":935,"date":"2023-05-04T06:41:11","date_gmt":"2023-05-04T06:41:11","guid":{"rendered":"https:\/\/triumph4all.dk\/?page_id=935"},"modified":"2025-02-07T17:55:03","modified_gmt":"2025-02-07T17:55:03","slug":"ratstamme","status":"publish","type":"page","link":"https:\/\/triumph4all.dk\/?page_id=935","title":{"rendered":"Ratstamme nedre"},"content":{"rendered":"\n<p class=\"has-text-align-center\">S\u00e5 blev det den nederste del af ratstammen som skal renoveres starter lige med med lidt billeder af delene.<\/p>\n\n\n<div class=\"wp-block-image\">\n<figure class=\"aligncenter size-full\"><img loading=\"lazy\" decoding=\"async\" width=\"570\" height=\"437\" src=\"https:\/\/triumph4all.dk\/wp-content\/uploads\/2023\/05\/Ratstamme.jpg\" alt=\"\" class=\"wp-image-936\" srcset=\"https:\/\/triumph4all.dk\/wp-content\/uploads\/2023\/05\/Ratstamme.jpg 570w, https:\/\/triumph4all.dk\/wp-content\/uploads\/2023\/05\/Ratstamme-300x230.jpg 300w\" sizes=\"auto, (max-width: 570px) 100vw, 570px\" \/><\/figure>\n<\/div>\n\n\n<p class=\"has-text-align-center\">S\u00e5 blev delene fundet og som man kan se s\u00e5 skal der ogs\u00e5 her indk\u00f8bes lidt nye dele tror ikke de fleksible gummi dele helt kan genbruges det samme g\u00e6lder ledningen som bruges til horn kontakt.<\/p>\n\n\n\n<figure class=\"wp-block-gallery has-nested-images columns-default is-cropped wp-block-gallery-1 is-layout-flex wp-block-gallery-is-layout-flex\">\n<figure class=\"wp-block-image size-large\"><img loading=\"lazy\" decoding=\"async\" width=\"1024\" height=\"577\" data-id=\"938\" src=\"https:\/\/triumph4all.dk\/wp-content\/uploads\/2023\/05\/DSC00977-1024x577.jpg\" alt=\"\" class=\"wp-image-938\" srcset=\"https:\/\/triumph4all.dk\/wp-content\/uploads\/2023\/05\/DSC00977-1024x577.jpg 1024w, https:\/\/triumph4all.dk\/wp-content\/uploads\/2023\/05\/DSC00977-300x169.jpg 300w, https:\/\/triumph4all.dk\/wp-content\/uploads\/2023\/05\/DSC00977-768x433.jpg 768w, https:\/\/triumph4all.dk\/wp-content\/uploads\/2023\/05\/DSC00977-1536x866.jpg 1536w, https:\/\/triumph4all.dk\/wp-content\/uploads\/2023\/05\/DSC00977-2048x1154.jpg 2048w\" sizes=\"auto, (max-width: 1024px) 100vw, 1024px\" \/><\/figure>\n\n\n\n<figure class=\"wp-block-image size-large\"><img loading=\"lazy\" decoding=\"async\" width=\"1024\" height=\"577\" data-id=\"937\" src=\"https:\/\/triumph4all.dk\/wp-content\/uploads\/2023\/05\/DSC00974-1024x577.jpg\" alt=\"\" class=\"wp-image-937\" srcset=\"https:\/\/triumph4all.dk\/wp-content\/uploads\/2023\/05\/DSC00974-1024x577.jpg 1024w, https:\/\/triumph4all.dk\/wp-content\/uploads\/2023\/05\/DSC00974-300x169.jpg 300w, https:\/\/triumph4all.dk\/wp-content\/uploads\/2023\/05\/DSC00974-768x433.jpg 768w, https:\/\/triumph4all.dk\/wp-content\/uploads\/2023\/05\/DSC00974-1536x866.jpg 1536w, https:\/\/triumph4all.dk\/wp-content\/uploads\/2023\/05\/DSC00974-2048x1154.jpg 2048w\" sizes=\"auto, (max-width: 1024px) 100vw, 1024px\" \/><\/figure>\n<\/figure>\n\n\n\n<p class=\"has-text-align-center\">Er blevet bl\u00e6st, grundet og malet s\u00e5 nu er det med at f\u00e5 bestilt nye dele til dette.<\/p>\n\n\n\n<figure class=\"wp-block-gallery has-nested-images columns-default is-cropped wp-block-gallery-2 is-layout-flex wp-block-gallery-is-layout-flex\">\n<figure class=\"wp-block-image size-large\"><img loading=\"lazy\" decoding=\"async\" width=\"1024\" height=\"577\" data-id=\"939\" src=\"https:\/\/triumph4all.dk\/wp-content\/uploads\/2023\/05\/DSC00979-1024x577.jpg\" alt=\"\" class=\"wp-image-939\" srcset=\"https:\/\/triumph4all.dk\/wp-content\/uploads\/2023\/05\/DSC00979-1024x577.jpg 1024w, https:\/\/triumph4all.dk\/wp-content\/uploads\/2023\/05\/DSC00979-300x169.jpg 300w, https:\/\/triumph4all.dk\/wp-content\/uploads\/2023\/05\/DSC00979-768x433.jpg 768w, https:\/\/triumph4all.dk\/wp-content\/uploads\/2023\/05\/DSC00979-1536x866.jpg 1536w, https:\/\/triumph4all.dk\/wp-content\/uploads\/2023\/05\/DSC00979-2048x1154.jpg 2048w\" sizes=\"auto, (max-width: 1024px) 100vw, 1024px\" \/><\/figure>\n\n\n\n<figure class=\"wp-block-image size-large\"><img loading=\"lazy\" decoding=\"async\" width=\"1024\" height=\"577\" data-id=\"940\" src=\"https:\/\/triumph4all.dk\/wp-content\/uploads\/2023\/05\/DSC00990-1024x577.jpg\" alt=\"\" class=\"wp-image-940\" srcset=\"https:\/\/triumph4all.dk\/wp-content\/uploads\/2023\/05\/DSC00990-1024x577.jpg 1024w, https:\/\/triumph4all.dk\/wp-content\/uploads\/2023\/05\/DSC00990-300x169.jpg 300w, https:\/\/triumph4all.dk\/wp-content\/uploads\/2023\/05\/DSC00990-768x433.jpg 768w, https:\/\/triumph4all.dk\/wp-content\/uploads\/2023\/05\/DSC00990-1536x866.jpg 1536w, https:\/\/triumph4all.dk\/wp-content\/uploads\/2023\/05\/DSC00990-2048x1154.jpg 2048w\" sizes=\"auto, (max-width: 1024px) 100vw, 1024px\" \/><\/figure>\n<\/figure>\n\n\n\n<p class=\"has-text-align-center\">Mere f\u00f8lger !!!!<\/p>\n","protected":false},"excerpt":{"rendered":"<p>S\u00e5 blev det den nederste del af ratstammen som skal renoveres starter lige med med lidt billeder af delene. S\u00e5 blev delene fundet og som man kan se s\u00e5 skal der ogs\u00e5 her indk\u00f8bes lidt nye dele tror ikke de fleksible gummi dele helt kan genbruges det samme g\u00e6lder ledningen som bruges til horn kontakt.&hellip;&nbsp;<a href=\"https:\/\/triumph4all.dk\/?page_id=935\" rel=\"bookmark\">L\u00e6s mere &raquo;<span class=\"screen-reader-text\">Ratstamme nedre<\/span><\/a><\/p>\n","protected":false},"author":2,"featured_media":0,"parent":0,"menu_order":0,"comment_status":"closed","ping_status":"closed","template":"","meta":{"neve_meta_sidebar":"","neve_meta_container":"","neve_meta_enable_content_width":"","neve_meta_content_width":0,"neve_meta_title_alignment":"","neve_meta_author_avatar":"","neve_post_elements_order":"","neve_meta_disable_header":"","neve_meta_disable_footer":"","neve_meta_disable_title":"","footnotes":""},"class_list":["post-935","page","type-page","status-publish","hentry"],"_links":{"self":[{"href":"https:\/\/triumph4all.dk\/index.php?rest_route=\/wp\/v2\/pages\/935","targetHints":{"allow":["GET"]}}],"collection":[{"href":"https:\/\/triumph4all.dk\/index.php?rest_route=\/wp\/v2\/pages"}],"about":[{"href":"https:\/\/triumph4all.dk\/index.php?rest_route=\/wp\/v2\/types\/page"}],"author":[{"embeddable":true,"href":"https:\/\/triumph4all.dk\/index.php?rest_route=\/wp\/v2\/users\/2"}],"replies":[{"embeddable":true,"href":"https:\/\/triumph4all.dk\/index.php?rest_route=%2Fwp%2Fv2%2Fcomments&post=935"}],"version-history":[{"count":3,"href":"https:\/\/triumph4all.dk\/index.php?rest_route=\/wp\/v2\/pages\/935\/revisions"}],"predecessor-version":[{"id":990,"href":"https:\/\/triumph4all.dk\/index.php?rest_route=\/wp\/v2\/pages\/935\/revisions\/990"}],"wp:attachment":[{"href":"https:\/\/triumph4all.dk\/index.php?rest_route=%2Fwp%2Fv2%2Fmedia&parent=935"}],"curies":[{"name":"wp","href":"https:\/\/api.w.org\/{rel}","templated":true}]}}