{"id":920,"date":"2023-04-23T17:59:52","date_gmt":"2023-04-23T17:59:52","guid":{"rendered":"https:\/\/triumph4all.dk\/?page_id=920"},"modified":"2025-02-16T09:50:31","modified_gmt":"2025-02-16T09:50:31","slug":"nav-kilerem","status":"publish","type":"page","link":"https:\/\/triumph4all.dk\/?page_id=920","title":{"rendered":"Nav kilerem"},"content":{"rendered":"\n<p>Navet til kileremmen bliver samlet af flere dele som kan ses p\u00e5 billedet under men som mange af de andre dele i dette projekt er der ogs\u00e5 startet op p\u00e5 disse men man har desv\u00e6rre ikke sluttet af med en gang maling s\u00e5 jeg starter forfra bem\u00e6rk yderst mod k\u00f8leren bliver ventilatoren til k\u00f8leren monteret se den <a href=\"https:\/\/triumph4all.dk\/?page_id=909\" data-type=\"URL\" data-id=\"https:\/\/triumph4all.dk\/?page_id=909\">her<\/a><\/p>\n\n\n\n<div class=\"wp-block-columns is-layout-flex wp-container-core-columns-is-layout-9d6595d7 wp-block-columns-is-layout-flex\">\n<div class=\"wp-block-column is-layout-flow wp-block-column-is-layout-flow\"><div class=\"wp-block-image\">\n<figure class=\"aligncenter size-full is-resized\"><img loading=\"lazy\" decoding=\"async\" width=\"172\" height=\"258\" src=\"https:\/\/triumph4all.dk\/wp-content\/uploads\/2025\/02\/Nav-kilrem.jpg\" alt=\"\" class=\"wp-image-1016\" style=\"width:227px;height:auto\"\/><\/figure>\n<\/div><\/div>\n<\/div>\n\n\n\n<div class=\"wp-block-columns is-layout-flex wp-container-core-columns-is-layout-9d6595d7 wp-block-columns-is-layout-flex\">\n<div class=\"wp-block-column is-layout-flow wp-block-column-is-layout-flow\">\n<figure class=\"wp-block-image size-large\"><img loading=\"lazy\" decoding=\"async\" width=\"1024\" height=\"577\" src=\"https:\/\/triumph4all.dk\/wp-content\/uploads\/2023\/04\/DSC00956-1024x577.jpg\" alt=\"\" class=\"wp-image-921\" srcset=\"https:\/\/triumph4all.dk\/wp-content\/uploads\/2023\/04\/DSC00956-1024x577.jpg 1024w, https:\/\/triumph4all.dk\/wp-content\/uploads\/2023\/04\/DSC00956-300x169.jpg 300w, https:\/\/triumph4all.dk\/wp-content\/uploads\/2023\/04\/DSC00956-768x433.jpg 768w, https:\/\/triumph4all.dk\/wp-content\/uploads\/2023\/04\/DSC00956-1536x866.jpg 1536w, https:\/\/triumph4all.dk\/wp-content\/uploads\/2023\/04\/DSC00956-2048x1154.jpg 2048w\" sizes=\"auto, (max-width: 1024px) 100vw, 1024px\" \/><\/figure>\n<\/div>\n\n\n\n<div class=\"wp-block-column is-layout-flow wp-block-column-is-layout-flow\">\n<figure class=\"wp-block-image size-large\"><img loading=\"lazy\" decoding=\"async\" width=\"1024\" height=\"577\" src=\"https:\/\/triumph4all.dk\/wp-content\/uploads\/2023\/04\/DSC00960-1024x577.jpg\" alt=\"\" class=\"wp-image-922\" srcset=\"https:\/\/triumph4all.dk\/wp-content\/uploads\/2023\/04\/DSC00960-1024x577.jpg 1024w, https:\/\/triumph4all.dk\/wp-content\/uploads\/2023\/04\/DSC00960-300x169.jpg 300w, https:\/\/triumph4all.dk\/wp-content\/uploads\/2023\/04\/DSC00960-768x433.jpg 768w, https:\/\/triumph4all.dk\/wp-content\/uploads\/2023\/04\/DSC00960-1536x866.jpg 1536w, https:\/\/triumph4all.dk\/wp-content\/uploads\/2023\/04\/DSC00960-2048x1154.jpg 2048w\" sizes=\"auto, (max-width: 1024px) 100vw, 1024px\" \/><\/figure>\n<\/div>\n<\/div>\n\n\n\n<p>Inden jeg sandbl\u00e6ser delene har jeg sp\u00e6ndt en bolt med sp\u00e6ndeskiver p\u00e5 s\u00e5 der ikke kommer sand ind og \u00f8del\u00e6gger hulet som skal bruges n\u00e5r den skal monteres p\u00e5 krumtapakslen. Her se hvordan samt efter alle dele er sandbl\u00e6st.<\/p>\n\n\n\n<div class=\"wp-block-columns is-layout-flex wp-container-core-columns-is-layout-9d6595d7 wp-block-columns-is-layout-flex\">\n<div class=\"wp-block-column is-layout-flow wp-block-column-is-layout-flow\">\n<figure class=\"wp-block-image size-large\"><img loading=\"lazy\" decoding=\"async\" width=\"1024\" height=\"577\" src=\"https:\/\/triumph4all.dk\/wp-content\/uploads\/2023\/04\/DSC00961-1024x577.jpg\" alt=\"\" class=\"wp-image-923\" srcset=\"https:\/\/triumph4all.dk\/wp-content\/uploads\/2023\/04\/DSC00961-1024x577.jpg 1024w, https:\/\/triumph4all.dk\/wp-content\/uploads\/2023\/04\/DSC00961-300x169.jpg 300w, https:\/\/triumph4all.dk\/wp-content\/uploads\/2023\/04\/DSC00961-768x433.jpg 768w, https:\/\/triumph4all.dk\/wp-content\/uploads\/2023\/04\/DSC00961-1536x866.jpg 1536w, https:\/\/triumph4all.dk\/wp-content\/uploads\/2023\/04\/DSC00961-2048x1154.jpg 2048w\" sizes=\"auto, (max-width: 1024px) 100vw, 1024px\" \/><\/figure>\n<\/div>\n\n\n\n<div class=\"wp-block-column is-layout-flow wp-block-column-is-layout-flow\">\n<figure class=\"wp-block-image size-large\"><img loading=\"lazy\" decoding=\"async\" width=\"1024\" height=\"577\" src=\"https:\/\/triumph4all.dk\/wp-content\/uploads\/2023\/04\/DSC00962-1024x577.jpg\" alt=\"\" class=\"wp-image-924\" srcset=\"https:\/\/triumph4all.dk\/wp-content\/uploads\/2023\/04\/DSC00962-1024x577.jpg 1024w, https:\/\/triumph4all.dk\/wp-content\/uploads\/2023\/04\/DSC00962-300x169.jpg 300w, https:\/\/triumph4all.dk\/wp-content\/uploads\/2023\/04\/DSC00962-768x433.jpg 768w, https:\/\/triumph4all.dk\/wp-content\/uploads\/2023\/04\/DSC00962-1536x866.jpg 1536w, https:\/\/triumph4all.dk\/wp-content\/uploads\/2023\/04\/DSC00962-2048x1154.jpg 2048w\" sizes=\"auto, (max-width: 1024px) 100vw, 1024px\" \/><\/figure>\n<\/div>\n\n\n\n<div class=\"wp-block-column is-layout-flow wp-block-column-is-layout-flow\">\n<figure class=\"wp-block-image size-large\"><img loading=\"lazy\" decoding=\"async\" width=\"1024\" height=\"577\" src=\"https:\/\/triumph4all.dk\/wp-content\/uploads\/2023\/04\/DSC00966-1024x577.jpg\" alt=\"\" class=\"wp-image-925\" srcset=\"https:\/\/triumph4all.dk\/wp-content\/uploads\/2023\/04\/DSC00966-1024x577.jpg 1024w, https:\/\/triumph4all.dk\/wp-content\/uploads\/2023\/04\/DSC00966-300x169.jpg 300w, https:\/\/triumph4all.dk\/wp-content\/uploads\/2023\/04\/DSC00966-768x433.jpg 768w, https:\/\/triumph4all.dk\/wp-content\/uploads\/2023\/04\/DSC00966-1536x866.jpg 1536w, https:\/\/triumph4all.dk\/wp-content\/uploads\/2023\/04\/DSC00966-2048x1154.jpg 2048w\" sizes=\"auto, (max-width: 1024px) 100vw, 1024px\" \/><\/figure>\n<\/div>\n<\/div>\n\n\n\n<p class=\"has-text-align-center\">S\u00e5 blev det grundet l\u00f8b t\u00f8r for min normale grunder s\u00e5 har ikke helt lige f\u00e5et bestilt den jeg normalt k\u00f8ber derfor for s\u00e5 hvid.<\/p>\n\n\n\n<div class=\"wp-block-columns is-layout-flex wp-container-core-columns-is-layout-9d6595d7 wp-block-columns-is-layout-flex\">\n<div class=\"wp-block-column is-layout-flow wp-block-column-is-layout-flow\"><div class=\"wp-block-image\">\n<figure class=\"aligncenter size-large\"><img loading=\"lazy\" decoding=\"async\" width=\"1024\" height=\"577\" src=\"https:\/\/triumph4all.dk\/wp-content\/uploads\/2025\/02\/DSC01030-1024x577.jpg\" alt=\"\" class=\"wp-image-1001\" srcset=\"https:\/\/triumph4all.dk\/wp-content\/uploads\/2025\/02\/DSC01030-1024x577.jpg 1024w, https:\/\/triumph4all.dk\/wp-content\/uploads\/2025\/02\/DSC01030-300x169.jpg 300w, https:\/\/triumph4all.dk\/wp-content\/uploads\/2025\/02\/DSC01030-768x433.jpg 768w, https:\/\/triumph4all.dk\/wp-content\/uploads\/2025\/02\/DSC01030-1536x866.jpg 1536w, https:\/\/triumph4all.dk\/wp-content\/uploads\/2025\/02\/DSC01030-2048x1154.jpg 2048w\" sizes=\"auto, (max-width: 1024px) 100vw, 1024px\" \/><\/figure>\n<\/div><\/div>\n<\/div>\n\n\n\n<p class=\"has-text-align-center\">Mere f\u00f8lger !!!<\/p>\n","protected":false},"excerpt":{"rendered":"<p>Navet til kileremmen bliver samlet af flere dele som kan ses p\u00e5 billedet under men som mange af de andre dele i dette projekt er der ogs\u00e5 startet op p\u00e5 disse men man har desv\u00e6rre ikke sluttet af med en gang maling s\u00e5 jeg starter forfra bem\u00e6rk yderst mod k\u00f8leren bliver ventilatoren til k\u00f8leren monteret&hellip;&nbsp;<a href=\"https:\/\/triumph4all.dk\/?page_id=920\" rel=\"bookmark\">L\u00e6s mere &raquo;<span class=\"screen-reader-text\">Nav kilerem<\/span><\/a><\/p>\n","protected":false},"author":2,"featured_media":0,"parent":0,"menu_order":0,"comment_status":"closed","ping_status":"closed","template":"","meta":{"neve_meta_sidebar":"","neve_meta_container":"","neve_meta_enable_content_width":"","neve_meta_content_width":0,"neve_meta_title_alignment":"","neve_meta_author_avatar":"","neve_post_elements_order":"","neve_meta_disable_header":"","neve_meta_disable_footer":"","neve_meta_disable_title":"","footnotes":""},"class_list":["post-920","page","type-page","status-publish","hentry"],"_links":{"self":[{"href":"https:\/\/triumph4all.dk\/index.php?rest_route=\/wp\/v2\/pages\/920","targetHints":{"allow":["GET"]}}],"collection":[{"href":"https:\/\/triumph4all.dk\/index.php?rest_route=\/wp\/v2\/pages"}],"about":[{"href":"https:\/\/triumph4all.dk\/index.php?rest_route=\/wp\/v2\/types\/page"}],"author":[{"embeddable":true,"href":"https:\/\/triumph4all.dk\/index.php?rest_route=\/wp\/v2\/users\/2"}],"replies":[{"embeddable":true,"href":"https:\/\/triumph4all.dk\/index.php?rest_route=%2Fwp%2Fv2%2Fcomments&post=920"}],"version-history":[{"count":4,"href":"https:\/\/triumph4all.dk\/index.php?rest_route=\/wp\/v2\/pages\/920\/revisions"}],"predecessor-version":[{"id":1017,"href":"https:\/\/triumph4all.dk\/index.php?rest_route=\/wp\/v2\/pages\/920\/revisions\/1017"}],"wp:attachment":[{"href":"https:\/\/triumph4all.dk\/index.php?rest_route=%2Fwp%2Fv2%2Fmedia&parent=920"}],"curies":[{"name":"wp","href":"https:\/\/api.w.org\/{rel}","templated":true}]}}