{"id":92,"date":"2020-07-24T18:45:21","date_gmt":"2020-07-24T18:45:21","guid":{"rendered":"http:\/\/triumph4all.dk\/?page_id=92"},"modified":"2025-02-07T18:49:09","modified_gmt":"2025-02-07T18:49:09","slug":"indhold-2","status":"publish","type":"page","link":"https:\/\/triumph4all.dk\/","title":{"rendered":"Triumph4all.dk"},"content":{"rendered":"\n<div class=\"wp-block-columns is-layout-flex wp-container-core-columns-is-layout-9d6595d7 wp-block-columns-is-layout-flex\">\n<div class=\"wp-block-column is-layout-flow wp-block-column-is-layout-flow\"><div class=\"wp-block-image\">\n<figure class=\"aligncenter size-large\"><img loading=\"lazy\" decoding=\"async\" width=\"1024\" height=\"577\" src=\"https:\/\/triumph4all.dk\/wp-content\/uploads\/2023\/03\/DSC00038-1024x577.jpg\" alt=\"\" class=\"wp-image-798\" srcset=\"https:\/\/triumph4all.dk\/wp-content\/uploads\/2023\/03\/DSC00038-1024x577.jpg 1024w, https:\/\/triumph4all.dk\/wp-content\/uploads\/2023\/03\/DSC00038-300x169.jpg 300w, https:\/\/triumph4all.dk\/wp-content\/uploads\/2023\/03\/DSC00038-768x433.jpg 768w, https:\/\/triumph4all.dk\/wp-content\/uploads\/2023\/03\/DSC00038-1536x866.jpg 1536w, https:\/\/triumph4all.dk\/wp-content\/uploads\/2023\/03\/DSC00038-2048x1154.jpg 2048w\" sizes=\"auto, (max-width: 1024px) 100vw, 1024px\" \/><figcaption class=\"wp-element-caption\">S\u00e5dan s\u00e5 bilen ud da jeg overtog den. Mere om det <a href=\"https:\/\/triumph4all.dk\/?page_id=51\">her<\/a><\/figcaption><\/figure>\n<\/div><\/div>\n\n\n\n<div class=\"wp-block-column is-layout-flow wp-block-column-is-layout-flow\"><div class=\"wp-block-image\">\n<figure class=\"aligncenter size-full is-resized\"><img loading=\"lazy\" decoding=\"async\" width=\"500\" height=\"334\" src=\"https:\/\/triumph4all.dk\/wp-content\/uploads\/2020\/07\/tr4-2.jpg\" alt=\"\" class=\"wp-image-125\" style=\"width:462px;height:308px\" srcset=\"https:\/\/triumph4all.dk\/wp-content\/uploads\/2020\/07\/tr4-2.jpg 500w, https:\/\/triumph4all.dk\/wp-content\/uploads\/2020\/07\/tr4-2-300x200.jpg 300w\" sizes=\"auto, (max-width: 500px) 100vw, 500px\" \/><figcaption class=\"wp-element-caption\">S\u00e5dan h\u00e5ber jeg det f\u00e6rdige resultalt bliver.<\/figcaption><\/figure>\n<\/div><\/div>\n<\/div>\n\n\n\n<p class=\"has-text-align-center\">Her p\u00e5 siden kan du f\u00f8lge med i hvordan det g\u00e5r med renoveringen af denne Triumph tr4 s\u00e5 kig forbi og hold dig opdateret.<\/p>\n\n\n\n<div class=\"wp-block-buttons is-layout-flex wp-block-buttons-is-layout-flex\">\n<div class=\"wp-block-button aligncenter\"><a class=\"wp-block-button__link wp-element-button\" href=\"https:\/\/triumph4all.dk\/?page_id=991\">Sidste nyt p\u00e5 siden<\/a><\/div>\n<\/div>\n\n\n\n<p><\/p>\n\n\n\n<p class=\"has-text-align-center\">Interesseret i at se hvordan disse dele er blevet renoveret s\u00e5 klik p\u00e5 billedet eller v\u00e6lg selv en del i menuen \u00f8verst.<\/p>\n\n\n\n<div class=\"wp-block-columns is-layout-flex wp-container-core-columns-is-layout-9d6595d7 wp-block-columns-is-layout-flex\">\n<div class=\"wp-block-column is-layout-flow wp-block-column-is-layout-flow\">\n<div class=\"alignnormal\"><div id=\"metaslider-id-878\" style=\"width: 100%;\" class=\"ml-slider-3-106-0 metaslider metaslider-flex metaslider-878 ml-slider has-dots-nav ms-theme-default\" role=\"region\" aria-label=\"triumph4all - 1\" data-height=\"450\" data-width=\"800\">\n    <div id=\"metaslider_container_878\">\n        <div id=\"metaslider_878\">\n            <ul class='slides'>\n                <li style=\"display: block; width: 100%;\" class=\"slide-880 ms-image \" aria-roledescription=\"slide\" data-date=\"2023-03-13 20:33:33\" data-filename=\"DSC00709-scaled-800x450.jpg\" data-slide-type=\"image\"><a href=\"https:\/\/triumph4all.dk\/?page_id=456\" target=\"_self\" aria-label=\"View Slide Details\" class=\"metaslider_image_link\"><img loading=\"lazy\" decoding=\"async\" src=\"https:\/\/triumph4all.dk\/wp-content\/uploads\/2022\/03\/DSC00709-scaled-800x450.jpg\" height=\"450\" width=\"800\" alt=\"\" class=\"slider-878 slide-880 msDefaultImage\" title=\"DSC00709\" \/><\/a><\/li>\n                <li style=\"display: none; width: 100%;\" class=\"slide-881 ms-image \" aria-roledescription=\"slide\" data-date=\"2023-03-13 20:34:22\" data-filename=\"DSC00483-scaled-800x450.jpg\" data-slide-type=\"image\"><a href=\"https:\/\/triumph4all.dk\/?page_id=334\" target=\"_self\" aria-label=\"View Slide Details\" class=\"metaslider_image_link\"><img loading=\"lazy\" decoding=\"async\" src=\"https:\/\/triumph4all.dk\/wp-content\/uploads\/2022\/02\/DSC00483-scaled-800x450.jpg\" height=\"450\" width=\"800\" alt=\"\" class=\"slider-878 slide-881 msDefaultImage\" title=\"DSC00483\" \/><\/a><\/li>\n                <li style=\"display: none; width: 100%;\" class=\"slide-882 ms-image \" aria-roledescription=\"slide\" data-date=\"2023-03-13 20:36:37\" data-filename=\"DSC00876-scaled-800x450.jpg\" data-slide-type=\"image\"><a href=\"https:\/\/triumph4all.dk\/?page_id=557\" target=\"_self\" aria-label=\"View Slide Details\" class=\"metaslider_image_link\"><img loading=\"lazy\" decoding=\"async\" src=\"https:\/\/triumph4all.dk\/wp-content\/uploads\/2022\/05\/DSC00876-scaled-800x450.jpg\" height=\"450\" width=\"800\" alt=\"\" class=\"slider-878 slide-882 msDefaultImage\" title=\"DSC00876\" \/><\/a><\/li>\n            <\/ul>\n        <\/div>\n        \n    <\/div>\n<\/div><\/div>\n<\/div>\n\n\n\n<div class=\"wp-block-column is-layout-flow wp-block-column-is-layout-flow\">\n<div class=\"alignnormal\"><div id=\"metaslider-id-873\" style=\"width: 100%;\" class=\"ml-slider-3-106-0 metaslider metaslider-flex metaslider-873 ml-slider has-dots-nav ms-theme-default\" role=\"region\" aria-label=\"Triumph4all - 2\" data-height=\"450\" data-width=\"800\">\n    <div id=\"metaslider_container_873\">\n        <div id=\"metaslider_873\">\n            <ul class='slides'>\n                <li style=\"display: block; width: 100%;\" class=\"slide-874 ms-image \" aria-roledescription=\"slide\" data-date=\"2023-03-13 20:25:56\" data-filename=\"DSC00925-scaled-800x450.jpg\" data-slide-type=\"image\"><a href=\"https:\/\/triumph4all.dk\/?page_id=463\" target=\"_self\" aria-label=\"View Slide Details\" class=\"metaslider_image_link\"><img loading=\"lazy\" decoding=\"async\" src=\"https:\/\/triumph4all.dk\/wp-content\/uploads\/2022\/09\/DSC00925-scaled-800x450.jpg\" height=\"450\" width=\"800\" alt=\"\" class=\"slider-873 slide-874 msDefaultImage\" title=\"DSC00925\" \/><\/a><\/li>\n                <li style=\"display: none; width: 100%;\" class=\"slide-875 ms-image \" aria-roledescription=\"slide\" data-date=\"2023-03-13 20:27:07\" data-filename=\"DSC00764-scaled-800x450.jpg\" data-slide-type=\"image\"><a href=\"https:\/\/triumph4all.dk\/?page_id=415\" target=\"_self\" aria-label=\"View Slide Details\" class=\"metaslider_image_link\"><img loading=\"lazy\" decoding=\"async\" src=\"https:\/\/triumph4all.dk\/wp-content\/uploads\/2022\/04\/DSC00764-scaled-800x450.jpg\" height=\"450\" width=\"800\" alt=\"\" class=\"slider-873 slide-875 msDefaultImage\" title=\"DSC00764\" \/><\/a><\/li>\n                <li style=\"display: none; width: 100%;\" class=\"slide-876 ms-image \" aria-roledescription=\"slide\" data-date=\"2023-03-13 20:27:49\" data-filename=\"DSC00932-scaled-800x450.jpg\" data-slide-type=\"image\"><a href=\"https:\/\/triumph4all.dk\/?page_id=594\" target=\"_self\" aria-label=\"View Slide Details\" class=\"metaslider_image_link\"><img loading=\"lazy\" decoding=\"async\" src=\"https:\/\/triumph4all.dk\/wp-content\/uploads\/2022\/09\/DSC00932-scaled-800x450.jpg\" height=\"450\" width=\"800\" alt=\"\" class=\"slider-873 slide-876 msDefaultImage\" title=\"DSC00932\" \/><\/a><\/li>\n            <\/ul>\n        <\/div>\n        \n    <\/div>\n<\/div><\/div>\n<\/div>\n\n\n\n<div class=\"wp-block-column is-layout-flow wp-block-column-is-layout-flow\">\n<div class=\"alignnormal\"><div id=\"metaslider-id-883\" style=\"width: 100%;\" class=\"ml-slider-3-106-0 metaslider metaslider-flex metaslider-883 ml-slider has-dots-nav ms-theme-default\" role=\"region\" aria-label=\"Triumph4all - 3\" data-height=\"450\" data-width=\"800\">\n    <div id=\"metaslider_container_883\">\n        <div id=\"metaslider_883\">\n            <ul class='slides'>\n                <li style=\"display: block; width: 100%;\" class=\"slide-884 ms-image \" aria-roledescription=\"slide\" data-date=\"2023-03-13 20:39:37\" data-filename=\"DSC00574-scaled-800x450.jpg\" data-slide-type=\"image\"><a href=\"https:\/\/triumph4all.dk\/?page_id=383\" target=\"_self\" aria-label=\"View Slide Details\" class=\"metaslider_image_link\"><img loading=\"lazy\" decoding=\"async\" src=\"https:\/\/triumph4all.dk\/wp-content\/uploads\/2022\/03\/DSC00574-scaled-800x450.jpg\" height=\"450\" width=\"800\" alt=\"\" class=\"slider-883 slide-884 msDefaultImage\" title=\"DSC00574\" \/><\/a><\/li>\n                <li style=\"display: none; width: 100%;\" class=\"slide-885 ms-image \" aria-roledescription=\"slide\" data-date=\"2023-03-13 20:41:01\" data-filename=\"DSC00935-scaled-800x450.jpg\" data-slide-type=\"image\"><a href=\"https:\/\/triumph4all.dk\/?page_id=579\" target=\"_self\" aria-label=\"View Slide Details\" class=\"metaslider_image_link\"><img loading=\"lazy\" decoding=\"async\" src=\"https:\/\/triumph4all.dk\/wp-content\/uploads\/2022\/09\/DSC00935-scaled-800x450.jpg\" height=\"450\" width=\"800\" alt=\"\" class=\"slider-883 slide-885 msDefaultImage\" title=\"DSC00935\" \/><\/a><\/li>\n                <li style=\"display: none; width: 100%;\" class=\"slide-886 ms-image \" aria-roledescription=\"slide\" data-date=\"2023-03-13 20:43:28\" data-filename=\"Firkant-faerdig-scaled-800x450.jpg\" data-slide-type=\"image\"><a href=\"https:\/\/triumph4all.dk\/?page_id=191\" target=\"_self\" aria-label=\"View Slide Details\" class=\"metaslider_image_link\"><img loading=\"lazy\" decoding=\"async\" src=\"https:\/\/triumph4all.dk\/wp-content\/uploads\/2020\/10\/Firkant-faerdig-scaled-800x450.jpg\" height=\"450\" width=\"800\" alt=\"\" class=\"slider-883 slide-886 msDefaultImage\" title=\"Firkant-faerdig\" \/><\/a><\/li>\n            <\/ul>\n        <\/div>\n        \n    <\/div>\n<\/div><\/div>\n<\/div>\n<\/div>\n","protected":false},"excerpt":{"rendered":"<p>Her p\u00e5 siden kan du f\u00f8lge med i hvordan det g\u00e5r med renoveringen af denne Triumph tr4 s\u00e5 kig forbi og hold dig opdateret. Interesseret i at se hvordan disse dele er blevet renoveret s\u00e5 klik p\u00e5 billedet eller v\u00e6lg selv en del i menuen \u00f8verst.<\/p>\n","protected":false},"author":2,"featured_media":0,"parent":0,"menu_order":0,"comment_status":"closed","ping_status":"closed","template":"","meta":{"neve_meta_sidebar":"full-width","neve_meta_container":"","neve_meta_enable_content_width":"on","neve_meta_content_width":84,"neve_meta_title_alignment":"center","neve_meta_author_avatar":"","neve_post_elements_order":"","neve_meta_disable_header":"","neve_meta_disable_footer":"","neve_meta_disable_title":"","footnotes":""},"class_list":["post-92","page","type-page","status-publish","hentry"],"_links":{"self":[{"href":"https:\/\/triumph4all.dk\/index.php?rest_route=\/wp\/v2\/pages\/92","targetHints":{"allow":["GET"]}}],"collection":[{"href":"https:\/\/triumph4all.dk\/index.php?rest_route=\/wp\/v2\/pages"}],"about":[{"href":"https:\/\/triumph4all.dk\/index.php?rest_route=\/wp\/v2\/types\/page"}],"author":[{"embeddable":true,"href":"https:\/\/triumph4all.dk\/index.php?rest_route=\/wp\/v2\/users\/2"}],"replies":[{"embeddable":true,"href":"https:\/\/triumph4all.dk\/index.php?rest_route=%2Fwp%2Fv2%2Fcomments&post=92"}],"version-history":[{"count":19,"href":"https:\/\/triumph4all.dk\/index.php?rest_route=\/wp\/v2\/pages\/92\/revisions"}],"predecessor-version":[{"id":1000,"href":"https:\/\/triumph4all.dk\/index.php?rest_route=\/wp\/v2\/pages\/92\/revisions\/1000"}],"wp:attachment":[{"href":"https:\/\/triumph4all.dk\/index.php?rest_route=%2Fwp%2Fv2%2Fmedia&parent=92"}],"curies":[{"name":"wp","href":"https:\/\/api.w.org\/{rel}","templated":true}]}}