{"id":909,"date":"2023-04-23T17:30:55","date_gmt":"2023-04-23T17:30:55","guid":{"rendered":"https:\/\/triumph4all.dk\/?page_id=909"},"modified":"2025-02-16T13:52:29","modified_gmt":"2025-02-16T13:52:29","slug":"ventilator-koeler","status":"publish","type":"page","link":"https:\/\/triumph4all.dk\/?page_id=909","title":{"rendered":"Ventilator k\u00f8ler"},"content":{"rendered":"\n<p class=\"has-text-align-center\">Endnu en del som der har v\u00e6ret startet op p\u00e5 s\u00e5 det er forfra igen.<\/p>\n\n\n<div class=\"wp-block-image\">\n<figure class=\"aligncenter size-large\"><img loading=\"lazy\" decoding=\"async\" width=\"1024\" height=\"573\" src=\"https:\/\/triumph4all.dk\/wp-content\/uploads\/2023\/04\/DSC00958-scaled-e1682270126593-1024x573.jpg\" alt=\"\" class=\"wp-image-910\" srcset=\"https:\/\/triumph4all.dk\/wp-content\/uploads\/2023\/04\/DSC00958-scaled-e1682270126593-1024x573.jpg 1024w, https:\/\/triumph4all.dk\/wp-content\/uploads\/2023\/04\/DSC00958-scaled-e1682270126593-300x168.jpg 300w, https:\/\/triumph4all.dk\/wp-content\/uploads\/2023\/04\/DSC00958-scaled-e1682270126593-768x430.jpg 768w, https:\/\/triumph4all.dk\/wp-content\/uploads\/2023\/04\/DSC00958-scaled-e1682270126593-1536x860.jpg 1536w, https:\/\/triumph4all.dk\/wp-content\/uploads\/2023\/04\/DSC00958-scaled-e1682270126593-2048x1147.jpg 2048w\" sizes=\"auto, (max-width: 1024px) 100vw, 1024px\" \/><\/figure>\n<\/div>\n\n\n<p class=\"has-text-align-center\">Sandbl\u00e6ser p\u00e5 ny men det et jo let at se hvor langt man n\u00e5r og her ses det f\u00e6rdige resultat. Gummi b\u00f8s bliver ogs\u00e5 skiftet<\/p>\n\n\n\n<figure class=\"wp-block-gallery has-nested-images columns-default is-cropped wp-block-gallery-1 is-layout-flex wp-block-gallery-is-layout-flex\">\n<figure class=\"wp-block-image size-large\"><img loading=\"lazy\" decoding=\"async\" width=\"1024\" height=\"577\" data-id=\"912\" src=\"https:\/\/triumph4all.dk\/wp-content\/uploads\/2023\/04\/DSC00963-1024x577.jpg\" alt=\"\" class=\"wp-image-912\" srcset=\"https:\/\/triumph4all.dk\/wp-content\/uploads\/2023\/04\/DSC00963-1024x577.jpg 1024w, https:\/\/triumph4all.dk\/wp-content\/uploads\/2023\/04\/DSC00963-300x169.jpg 300w, https:\/\/triumph4all.dk\/wp-content\/uploads\/2023\/04\/DSC00963-768x433.jpg 768w, https:\/\/triumph4all.dk\/wp-content\/uploads\/2023\/04\/DSC00963-1536x866.jpg 1536w, https:\/\/triumph4all.dk\/wp-content\/uploads\/2023\/04\/DSC00963-2048x1154.jpg 2048w\" sizes=\"auto, (max-width: 1024px) 100vw, 1024px\" \/><\/figure>\n\n\n\n<figure class=\"wp-block-image size-large\"><img loading=\"lazy\" decoding=\"async\" width=\"1024\" height=\"577\" data-id=\"911\" src=\"https:\/\/triumph4all.dk\/wp-content\/uploads\/2023\/04\/DSC00965-1024x577.jpg\" alt=\"\" class=\"wp-image-911\" srcset=\"https:\/\/triumph4all.dk\/wp-content\/uploads\/2023\/04\/DSC00965-1024x577.jpg 1024w, https:\/\/triumph4all.dk\/wp-content\/uploads\/2023\/04\/DSC00965-300x169.jpg 300w, https:\/\/triumph4all.dk\/wp-content\/uploads\/2023\/04\/DSC00965-768x433.jpg 768w, https:\/\/triumph4all.dk\/wp-content\/uploads\/2023\/04\/DSC00965-1536x866.jpg 1536w, https:\/\/triumph4all.dk\/wp-content\/uploads\/2023\/04\/DSC00965-2048x1154.jpg 2048w\" sizes=\"auto, (max-width: 1024px) 100vw, 1024px\" \/><\/figure>\n<\/figure>\n\n\n\n<p class=\"has-text-align-center\">Her er gummib\u00f8s fjernet afstandsr\u00f8r vil blive genbrugt s\u00e5 nu er jeg klar til at male.<\/p>\n\n\n\n<figure class=\"wp-block-gallery has-nested-images columns-default is-cropped wp-block-gallery-2 is-layout-flex wp-block-gallery-is-layout-flex\">\n<figure class=\"wp-block-image size-large\"><img loading=\"lazy\" decoding=\"async\" width=\"1024\" height=\"577\" data-id=\"914\" src=\"https:\/\/triumph4all.dk\/wp-content\/uploads\/2023\/04\/DSC00969-1024x577.jpg\" alt=\"\" class=\"wp-image-914\" srcset=\"https:\/\/triumph4all.dk\/wp-content\/uploads\/2023\/04\/DSC00969-1024x577.jpg 1024w, https:\/\/triumph4all.dk\/wp-content\/uploads\/2023\/04\/DSC00969-300x169.jpg 300w, https:\/\/triumph4all.dk\/wp-content\/uploads\/2023\/04\/DSC00969-768x433.jpg 768w, https:\/\/triumph4all.dk\/wp-content\/uploads\/2023\/04\/DSC00969-1536x866.jpg 1536w, https:\/\/triumph4all.dk\/wp-content\/uploads\/2023\/04\/DSC00969-2048x1154.jpg 2048w\" sizes=\"auto, (max-width: 1024px) 100vw, 1024px\" \/><\/figure>\n\n\n\n<figure class=\"wp-block-image size-large\"><img loading=\"lazy\" decoding=\"async\" width=\"1024\" height=\"577\" data-id=\"913\" src=\"https:\/\/triumph4all.dk\/wp-content\/uploads\/2023\/04\/DSC00980-1024x577.jpg\" alt=\"\" class=\"wp-image-913\" srcset=\"https:\/\/triumph4all.dk\/wp-content\/uploads\/2023\/04\/DSC00980-1024x577.jpg 1024w, https:\/\/triumph4all.dk\/wp-content\/uploads\/2023\/04\/DSC00980-300x169.jpg 300w, https:\/\/triumph4all.dk\/wp-content\/uploads\/2023\/04\/DSC00980-768x433.jpg 768w, https:\/\/triumph4all.dk\/wp-content\/uploads\/2023\/04\/DSC00980-1536x866.jpg 1536w, https:\/\/triumph4all.dk\/wp-content\/uploads\/2023\/04\/DSC00980-2048x1154.jpg 2048w\" sizes=\"auto, (max-width: 1024px) 100vw, 1024px\" \/><\/figure>\n<\/figure>\n\n\n\n<p class=\"has-text-align-center\">S\u00e5 blev den grundet og malet overvejer pt. hvad jeg g\u00f8r med vingen om jeg pudser den eller &#8230; venter ogs\u00e5 p\u00e5 de nye gummib\u00f8s.<\/p>\n\n\n\n<div class=\"wp-block-columns is-layout-flex wp-container-core-columns-is-layout-9d6595d7 wp-block-columns-is-layout-flex\">\n<div class=\"wp-block-column is-layout-flow wp-block-column-is-layout-flow\" style=\"flex-basis:33.33%\"><div class=\"wp-block-image\">\n<figure class=\"aligncenter size-large\"><img loading=\"lazy\" decoding=\"async\" width=\"1024\" height=\"577\" src=\"https:\/\/triumph4all.dk\/wp-content\/uploads\/2025\/02\/DSC01031-1024x577.jpg\" alt=\"\" class=\"wp-image-1018\" srcset=\"https:\/\/triumph4all.dk\/wp-content\/uploads\/2025\/02\/DSC01031-1024x577.jpg 1024w, https:\/\/triumph4all.dk\/wp-content\/uploads\/2025\/02\/DSC01031-300x169.jpg 300w, https:\/\/triumph4all.dk\/wp-content\/uploads\/2025\/02\/DSC01031-768x433.jpg 768w, https:\/\/triumph4all.dk\/wp-content\/uploads\/2025\/02\/DSC01031-1536x866.jpg 1536w, https:\/\/triumph4all.dk\/wp-content\/uploads\/2025\/02\/DSC01031-2048x1154.jpg 2048w\" sizes=\"auto, (max-width: 1024px) 100vw, 1024px\" \/><figcaption class=\"wp-element-caption\">S\u00e5 kom posen med de manglede gummib\u00f8s og skruer<\/figcaption><\/figure>\n<\/div><\/div>\n\n\n\n<div class=\"wp-block-column is-layout-flow wp-block-column-is-layout-flow\" style=\"flex-basis:66.66%\">\n<figure class=\"wp-block-image size-large\"><img loading=\"lazy\" decoding=\"async\" width=\"1024\" height=\"577\" src=\"https:\/\/triumph4all.dk\/wp-content\/uploads\/2023\/05\/DSC00987-1024x577.jpg\" alt=\"\" class=\"wp-image-932\" srcset=\"https:\/\/triumph4all.dk\/wp-content\/uploads\/2023\/05\/DSC00987-1024x577.jpg 1024w, https:\/\/triumph4all.dk\/wp-content\/uploads\/2023\/05\/DSC00987-300x169.jpg 300w, https:\/\/triumph4all.dk\/wp-content\/uploads\/2023\/05\/DSC00987-768x433.jpg 768w, https:\/\/triumph4all.dk\/wp-content\/uploads\/2023\/05\/DSC00987-1536x866.jpg 1536w, https:\/\/triumph4all.dk\/wp-content\/uploads\/2023\/05\/DSC00987-2048x1154.jpg 2048w\" sizes=\"auto, (max-width: 1024px) 100vw, 1024px\" \/><\/figure>\n<\/div>\n<\/div>\n\n\n\n<p class=\"has-text-align-center\">S\u00e5 er alle dele kommet og jeg venter med at montere gummib\u00f8s til den bliver monteret p\u00e5 bilen. Har besluttet at jeg monteret den som den pt. ser ud s\u00e5 det bliver med den lidt mere grove overflade og ikke den poleret som p\u00e5 termostathus. Se hvad jeg mener p\u00e5 denne <a href=\"https:\/\/triumph4all.dk\/?page_id=594\" data-type=\"page\" data-id=\"594\">side.<\/a><\/p>\n","protected":false},"excerpt":{"rendered":"<p>Endnu en del som der har v\u00e6ret startet op p\u00e5 s\u00e5 det er forfra igen. Sandbl\u00e6ser p\u00e5 ny men det et jo let at se hvor langt man n\u00e5r og her ses det f\u00e6rdige resultat. Gummi b\u00f8s bliver ogs\u00e5 skiftet Her er gummib\u00f8s fjernet afstandsr\u00f8r vil blive genbrugt s\u00e5 nu er jeg klar til at&hellip;&nbsp;<a href=\"https:\/\/triumph4all.dk\/?page_id=909\" rel=\"bookmark\">L\u00e6s mere &raquo;<span class=\"screen-reader-text\">Ventilator k\u00f8ler<\/span><\/a><\/p>\n","protected":false},"author":2,"featured_media":0,"parent":0,"menu_order":0,"comment_status":"closed","ping_status":"closed","template":"","meta":{"neve_meta_sidebar":"","neve_meta_container":"","neve_meta_enable_content_width":"","neve_meta_content_width":0,"neve_meta_title_alignment":"","neve_meta_author_avatar":"","neve_post_elements_order":"","neve_meta_disable_header":"","neve_meta_disable_footer":"","neve_meta_disable_title":"","footnotes":""},"class_list":["post-909","page","type-page","status-publish","hentry"],"_links":{"self":[{"href":"https:\/\/triumph4all.dk\/index.php?rest_route=\/wp\/v2\/pages\/909","targetHints":{"allow":["GET"]}}],"collection":[{"href":"https:\/\/triumph4all.dk\/index.php?rest_route=\/wp\/v2\/pages"}],"about":[{"href":"https:\/\/triumph4all.dk\/index.php?rest_route=\/wp\/v2\/types\/page"}],"author":[{"embeddable":true,"href":"https:\/\/triumph4all.dk\/index.php?rest_route=\/wp\/v2\/users\/2"}],"replies":[{"embeddable":true,"href":"https:\/\/triumph4all.dk\/index.php?rest_route=%2Fwp%2Fv2%2Fcomments&post=909"}],"version-history":[{"count":7,"href":"https:\/\/triumph4all.dk\/index.php?rest_route=\/wp\/v2\/pages\/909\/revisions"}],"predecessor-version":[{"id":1021,"href":"https:\/\/triumph4all.dk\/index.php?rest_route=\/wp\/v2\/pages\/909\/revisions\/1021"}],"wp:attachment":[{"href":"https:\/\/triumph4all.dk\/index.php?rest_route=%2Fwp%2Fv2%2Fmedia&parent=909"}],"curies":[{"name":"wp","href":"https:\/\/api.w.org\/{rel}","templated":true}]}}