{"id":770,"date":"2022-10-01T09:36:20","date_gmt":"2022-10-01T09:36:20","guid":{"rendered":"https:\/\/triumph4all.dk\/?page_id=770"},"modified":"2023-03-13T18:09:12","modified_gmt":"2023-03-13T18:09:12","slug":"rudevask","status":"publish","type":"page","link":"https:\/\/triumph4all.dk\/?page_id=770","title":{"rendered":"Rudevask"},"content":{"rendered":"\n<p class=\"has-text-align-left\">Rudevask foreg\u00e5r ikke elektrisk p\u00e5 en triumph tr4 men en lille pumpe som man tr\u00e6kker\/skubber med h\u00e5ndkraft s\u00e5 pumper man sprinterv\u00e6ske op p\u00e5 ruden p\u00e5 denne m\u00e5de er er en tegning af dette s\u00e5 nu skal jeg finde dele til dette.<\/p>\n\n\n<div class=\"wp-block-image\">\n<figure class=\"aligncenter size-full\"><img loading=\"lazy\" decoding=\"async\" width=\"570\" height=\"406\" src=\"https:\/\/triumph4all.dk\/wp-content\/uploads\/2022\/10\/Rudevask.jpg\" alt=\"\" class=\"wp-image-771\" srcset=\"https:\/\/triumph4all.dk\/wp-content\/uploads\/2022\/10\/Rudevask.jpg 570w, https:\/\/triumph4all.dk\/wp-content\/uploads\/2022\/10\/Rudevask-300x214.jpg 300w\" sizes=\"auto, (max-width: 570px) 100vw, 570px\" \/><\/figure>\n<\/div>\n\n\n<p class=\"has-text-align-left\">S\u00e5 fandt jeg nogle af de dele som skal bruges desv\u00e6rre ikke alle samt der dele som er i stykker og ikke kan laves s\u00e5 der skal k\u00f8bes n\u00e5et nyt her er hvad jeg fandt.<\/p>\n\n\n<div class=\"wp-block-image\">\n<figure class=\"aligncenter size-large\"><img loading=\"lazy\" decoding=\"async\" width=\"1024\" height=\"577\" src=\"https:\/\/triumph4all.dk\/wp-content\/uploads\/2022\/10\/DSC00943-1024x577.jpg\" alt=\"\" class=\"wp-image-775\" srcset=\"https:\/\/triumph4all.dk\/wp-content\/uploads\/2022\/10\/DSC00943-1024x577.jpg 1024w, https:\/\/triumph4all.dk\/wp-content\/uploads\/2022\/10\/DSC00943-300x169.jpg 300w, https:\/\/triumph4all.dk\/wp-content\/uploads\/2022\/10\/DSC00943-768x433.jpg 768w, https:\/\/triumph4all.dk\/wp-content\/uploads\/2022\/10\/DSC00943-1536x866.jpg 1536w, https:\/\/triumph4all.dk\/wp-content\/uploads\/2022\/10\/DSC00943-2048x1154.jpg 2048w\" sizes=\"auto, (max-width: 1024px) 100vw, 1024px\" \/><\/figure>\n<\/div>\n\n\n<p class=\"has-text-align-left\">Holderen til beholder er fundet men ikke den flaske som man h\u00e6lder sprinterv\u00e6sken i s\u00e5 det m\u00e5 blive en ny. Den ene af to sorte som holder dysen er ogs\u00e5 i stykker som det kan se p\u00e5 billedet er kanten kn\u00e6kket af s\u00e5 da de s\u00e6lges som s\u00e6t bliver begge nye. Slangerne bliver ogs\u00e5 skiftet til nye.<\/p>\n\n\n\n<figure class=\"wp-block-gallery has-nested-images columns-default is-cropped wp-block-gallery-1 is-layout-flex wp-block-gallery-is-layout-flex\">\n<figure class=\"wp-block-image size-large\"><img loading=\"lazy\" decoding=\"async\" width=\"1024\" height=\"577\" data-id=\"777\" src=\"https:\/\/triumph4all.dk\/wp-content\/uploads\/2022\/10\/DSC00944-1024x577.jpg\" alt=\"\" class=\"wp-image-777\" srcset=\"https:\/\/triumph4all.dk\/wp-content\/uploads\/2022\/10\/DSC00944-1024x577.jpg 1024w, https:\/\/triumph4all.dk\/wp-content\/uploads\/2022\/10\/DSC00944-300x169.jpg 300w, https:\/\/triumph4all.dk\/wp-content\/uploads\/2022\/10\/DSC00944-768x433.jpg 768w, https:\/\/triumph4all.dk\/wp-content\/uploads\/2022\/10\/DSC00944-1536x866.jpg 1536w, https:\/\/triumph4all.dk\/wp-content\/uploads\/2022\/10\/DSC00944-2048x1154.jpg 2048w\" sizes=\"auto, (max-width: 1024px) 100vw, 1024px\" \/><\/figure>\n\n\n\n<figure class=\"wp-block-image size-large\"><img loading=\"lazy\" decoding=\"async\" width=\"1024\" height=\"577\" data-id=\"776\" src=\"https:\/\/triumph4all.dk\/wp-content\/uploads\/2022\/10\/DSC00945-1024x577.jpg\" alt=\"\" class=\"wp-image-776\" srcset=\"https:\/\/triumph4all.dk\/wp-content\/uploads\/2022\/10\/DSC00945-1024x577.jpg 1024w, https:\/\/triumph4all.dk\/wp-content\/uploads\/2022\/10\/DSC00945-300x169.jpg 300w, https:\/\/triumph4all.dk\/wp-content\/uploads\/2022\/10\/DSC00945-768x433.jpg 768w, https:\/\/triumph4all.dk\/wp-content\/uploads\/2022\/10\/DSC00945-1536x866.jpg 1536w, https:\/\/triumph4all.dk\/wp-content\/uploads\/2022\/10\/DSC00945-2048x1154.jpg 2048w\" sizes=\"auto, (max-width: 1024px) 100vw, 1024px\" \/><\/figure>\n<\/figure>\n\n\n\n<p class=\"has-text-align-left\">Her ses s\u00e5 h\u00e5nd pumpen heldigvis er den der s\u00e5 den skal h\u00e5ber jeg kun have et eftersyn og at det ikke har sat sig fast men jeg m\u00e5 pr\u00f8ve om ikke jeg kan f\u00e5 den til at pumpe sprinterv\u00e6ske.<\/p>\n\n\n<div class=\"wp-block-image\">\n<figure class=\"aligncenter size-large\"><img loading=\"lazy\" decoding=\"async\" width=\"1024\" height=\"577\" src=\"https:\/\/triumph4all.dk\/wp-content\/uploads\/2022\/10\/DSC00947-1024x577.jpg\" alt=\"\" class=\"wp-image-778\" srcset=\"https:\/\/triumph4all.dk\/wp-content\/uploads\/2022\/10\/DSC00947-1024x577.jpg 1024w, https:\/\/triumph4all.dk\/wp-content\/uploads\/2022\/10\/DSC00947-300x169.jpg 300w, https:\/\/triumph4all.dk\/wp-content\/uploads\/2022\/10\/DSC00947-768x433.jpg 768w, https:\/\/triumph4all.dk\/wp-content\/uploads\/2022\/10\/DSC00947-1536x866.jpg 1536w, https:\/\/triumph4all.dk\/wp-content\/uploads\/2022\/10\/DSC00947-2048x1154.jpg 2048w\" sizes=\"auto, (max-width: 1024px) 100vw, 1024px\" \/><\/figure>\n<\/div>\n\n\n<p class=\"has-text-align-left\">Her er s\u00e5 en lille video som jeg har lagt op p\u00e5 YouTube. <\/p>\n\n\n\n<figure class=\"wp-block-embed aligncenter is-type-video is-provider-youtube wp-block-embed-youtube wp-embed-aspect-16-9 wp-has-aspect-ratio\"><div class=\"wp-block-embed__wrapper\">\n<div class=\"nv-iframe-embed\"><iframe loading=\"lazy\" title=\"Tr4 rudepumpe test\" width=\"1200\" height=\"675\" src=\"https:\/\/www.youtube.com\/embed\/fpC0d6gDz84?feature=oembed\" frameborder=\"0\" allow=\"accelerometer; autoplay; clipboard-write; encrypted-media; gyroscope; picture-in-picture; web-share\" allowfullscreen><\/iframe><\/div>\n<\/div><\/figure>\n\n\n\n<p class=\"has-text-align-left\">Heldigvis ser den ud til at virke som den skal s\u00e5 jeg fors\u00e6tter med renoveringen af det til rudevask.<\/p>\n\n\n\n<p class=\"has-text-align-center\">Mere f\u00f8lger !!!<\/p>\n","protected":false},"excerpt":{"rendered":"<p>Rudevask foreg\u00e5r ikke elektrisk p\u00e5 en triumph tr4 men en lille pumpe som man tr\u00e6kker\/skubber med h\u00e5ndkraft s\u00e5 pumper man sprinterv\u00e6ske op p\u00e5 ruden p\u00e5 denne m\u00e5de er er en tegning af dette s\u00e5 nu skal jeg finde dele til dette. S\u00e5 fandt jeg nogle af de dele som skal bruges desv\u00e6rre ikke alle samt&hellip;&nbsp;<a href=\"https:\/\/triumph4all.dk\/?page_id=770\" rel=\"bookmark\">L\u00e6s mere &raquo;<span class=\"screen-reader-text\">Rudevask<\/span><\/a><\/p>\n","protected":false},"author":2,"featured_media":0,"parent":0,"menu_order":0,"comment_status":"closed","ping_status":"closed","template":"","meta":{"neve_meta_sidebar":"","neve_meta_container":"","neve_meta_enable_content_width":"","neve_meta_content_width":0,"neve_meta_title_alignment":"","neve_meta_author_avatar":"","neve_post_elements_order":"","neve_meta_disable_header":"","neve_meta_disable_footer":"","neve_meta_disable_title":"","footnotes":""},"class_list":["post-770","page","type-page","status-publish","hentry"],"_links":{"self":[{"href":"https:\/\/triumph4all.dk\/index.php?rest_route=\/wp\/v2\/pages\/770","targetHints":{"allow":["GET"]}}],"collection":[{"href":"https:\/\/triumph4all.dk\/index.php?rest_route=\/wp\/v2\/pages"}],"about":[{"href":"https:\/\/triumph4all.dk\/index.php?rest_route=\/wp\/v2\/types\/page"}],"author":[{"embeddable":true,"href":"https:\/\/triumph4all.dk\/index.php?rest_route=\/wp\/v2\/users\/2"}],"replies":[{"embeddable":true,"href":"https:\/\/triumph4all.dk\/index.php?rest_route=%2Fwp%2Fv2%2Fcomments&post=770"}],"version-history":[{"count":8,"href":"https:\/\/triumph4all.dk\/index.php?rest_route=\/wp\/v2\/pages\/770\/revisions"}],"predecessor-version":[{"id":838,"href":"https:\/\/triumph4all.dk\/index.php?rest_route=\/wp\/v2\/pages\/770\/revisions\/838"}],"wp:attachment":[{"href":"https:\/\/triumph4all.dk\/index.php?rest_route=%2Fwp%2Fv2%2Fmedia&parent=770"}],"curies":[{"name":"wp","href":"https:\/\/api.w.org\/{rel}","templated":true}]}}