{"id":680,"date":"2022-08-19T14:39:18","date_gmt":"2022-08-19T14:39:18","guid":{"rendered":"https:\/\/triumph4all.dk\/?page_id=680"},"modified":"2023-03-13T18:23:32","modified_gmt":"2023-03-13T18:23:32","slug":"baghjulsophaeng","status":"publish","type":"page","link":"https:\/\/triumph4all.dk\/?page_id=680","title":{"rendered":"Baghjulsoph\u00e6ng"},"content":{"rendered":"<div class=\"wp-block-image\">\n<figure class=\"aligncenter size-large\"><img loading=\"lazy\" decoding=\"async\" width=\"1024\" height=\"686\" src=\"https:\/\/triumph4all.dk\/wp-content\/uploads\/2022\/05\/Baghjulsophaeng-1-1024x686.jpg\" alt=\"\" class=\"wp-image-685\" srcset=\"https:\/\/triumph4all.dk\/wp-content\/uploads\/2022\/05\/Baghjulsophaeng-1-1024x686.jpg 1024w, https:\/\/triumph4all.dk\/wp-content\/uploads\/2022\/05\/Baghjulsophaeng-1-300x201.jpg 300w, https:\/\/triumph4all.dk\/wp-content\/uploads\/2022\/05\/Baghjulsophaeng-1-768x514.jpg 768w, https:\/\/triumph4all.dk\/wp-content\/uploads\/2022\/05\/Baghjulsophaeng-1-1536x1028.jpg 1536w, https:\/\/triumph4all.dk\/wp-content\/uploads\/2022\/05\/Baghjulsophaeng-1.jpg 1900w\" sizes=\"auto, (max-width: 1024px) 100vw, 1024px\" \/><\/figure>\n<\/div>\n\n\n<p>Her er der igen nogle dele som har v\u00e6ret glasbl\u00e6st fra tidligere ejer og igen er de startet op p\u00e5 at ruste s\u00e5 det hele er forfra igen de gamle gummib\u00f8s som sidder p\u00e5 vil blive udskiftet til nogle nye.<\/p>\n\n\n\n<figure class=\"wp-block-gallery has-nested-images columns-default is-cropped wp-block-gallery-1 is-layout-flex wp-block-gallery-is-layout-flex\">\n<figure class=\"wp-block-image size-large\"><img loading=\"lazy\" decoding=\"async\" width=\"1024\" height=\"577\" data-id=\"683\" src=\"https:\/\/triumph4all.dk\/wp-content\/uploads\/2022\/05\/DSC00867-1024x577.jpg\" alt=\"\" class=\"wp-image-683\" srcset=\"https:\/\/triumph4all.dk\/wp-content\/uploads\/2022\/05\/DSC00867-1024x577.jpg 1024w, https:\/\/triumph4all.dk\/wp-content\/uploads\/2022\/05\/DSC00867-300x169.jpg 300w, https:\/\/triumph4all.dk\/wp-content\/uploads\/2022\/05\/DSC00867-768x433.jpg 768w, https:\/\/triumph4all.dk\/wp-content\/uploads\/2022\/05\/DSC00867-1536x866.jpg 1536w, https:\/\/triumph4all.dk\/wp-content\/uploads\/2022\/05\/DSC00867-2048x1154.jpg 2048w\" sizes=\"auto, (max-width: 1024px) 100vw, 1024px\" \/><\/figure>\n\n\n\n<figure class=\"wp-block-image size-large\"><img loading=\"lazy\" decoding=\"async\" width=\"2560\" height=\"1443\" data-id=\"682\" src=\"https:\/\/triumph4all.dk\/wp-content\/uploads\/2022\/05\/DSC00869-scaled.jpg\" alt=\"\" class=\"wp-image-682\" srcset=\"https:\/\/triumph4all.dk\/wp-content\/uploads\/2022\/05\/DSC00869-scaled.jpg 2560w, https:\/\/triumph4all.dk\/wp-content\/uploads\/2022\/05\/DSC00869-300x169.jpg 300w\" sizes=\"auto, (max-width: 2560px) 100vw, 2560px\" \/><\/figure>\n<\/figure>\n\n\n\n<p>Her er de dele som er fundet og som jeg har sandbl\u00e6st p\u00e5 ny og grundmalet med 2k maling.<\/p>\n\n\n\n<figure class=\"wp-block-gallery has-nested-images columns-default is-cropped wp-block-gallery-2 is-layout-flex wp-block-gallery-is-layout-flex\">\n<figure class=\"wp-block-image size-large\"><img loading=\"lazy\" decoding=\"async\" width=\"1024\" height=\"577\" data-id=\"695\" src=\"https:\/\/triumph4all.dk\/wp-content\/uploads\/2022\/05\/DSC00880-1024x577.jpg\" alt=\"\" class=\"wp-image-695\" srcset=\"https:\/\/triumph4all.dk\/wp-content\/uploads\/2022\/05\/DSC00880-1024x577.jpg 1024w, https:\/\/triumph4all.dk\/wp-content\/uploads\/2022\/05\/DSC00880-300x169.jpg 300w, https:\/\/triumph4all.dk\/wp-content\/uploads\/2022\/05\/DSC00880-768x433.jpg 768w, https:\/\/triumph4all.dk\/wp-content\/uploads\/2022\/05\/DSC00880-1536x866.jpg 1536w, https:\/\/triumph4all.dk\/wp-content\/uploads\/2022\/05\/DSC00880-2048x1154.jpg 2048w\" sizes=\"auto, (max-width: 1024px) 100vw, 1024px\" \/><\/figure>\n\n\n\n<figure class=\"wp-block-image size-large\"><img loading=\"lazy\" decoding=\"async\" width=\"2560\" height=\"1443\" data-id=\"696\" src=\"https:\/\/triumph4all.dk\/wp-content\/uploads\/2022\/05\/DSC00881-scaled.jpg\" alt=\"\" class=\"wp-image-696\" srcset=\"https:\/\/triumph4all.dk\/wp-content\/uploads\/2022\/05\/DSC00881-scaled.jpg 2560w, https:\/\/triumph4all.dk\/wp-content\/uploads\/2022\/05\/DSC00881-300x169.jpg 300w\" sizes=\"auto, (max-width: 2560px) 100vw, 2560px\" \/><\/figure>\n\n\n\n<figure class=\"wp-block-image size-large\"><img loading=\"lazy\" decoding=\"async\" width=\"1024\" height=\"577\" data-id=\"697\" src=\"https:\/\/triumph4all.dk\/wp-content\/uploads\/2022\/05\/DSC00883-1024x577.jpg\" alt=\"\" class=\"wp-image-697\" srcset=\"https:\/\/triumph4all.dk\/wp-content\/uploads\/2022\/05\/DSC00883-1024x577.jpg 1024w, https:\/\/triumph4all.dk\/wp-content\/uploads\/2022\/05\/DSC00883-300x169.jpg 300w, https:\/\/triumph4all.dk\/wp-content\/uploads\/2022\/05\/DSC00883-768x433.jpg 768w, https:\/\/triumph4all.dk\/wp-content\/uploads\/2022\/05\/DSC00883-1536x866.jpg 1536w, https:\/\/triumph4all.dk\/wp-content\/uploads\/2022\/05\/DSC00883-2048x1154.jpg 2048w\" sizes=\"auto, (max-width: 1024px) 100vw, 1024px\" \/><\/figure>\n<\/figure>\n\n\n\n<p>Som man kan se p\u00e5 \u00f8verste billede s\u00e5 mangler der stadig en del dele som skal findes.<\/p>\n\n\n\n<p class=\"has-text-align-center\">Mere f\u00f8lger !!!!<\/p>\n","protected":false},"excerpt":{"rendered":"<p>Her er der igen nogle dele som har v\u00e6ret glasbl\u00e6st fra tidligere ejer og igen er de startet op p\u00e5 at ruste s\u00e5 det hele er forfra igen de gamle gummib\u00f8s som sidder p\u00e5 vil blive udskiftet til nogle nye. Her er de dele som er fundet og som jeg har sandbl\u00e6st p\u00e5 ny og&hellip;&nbsp;<a href=\"https:\/\/triumph4all.dk\/?page_id=680\" rel=\"bookmark\">L\u00e6s mere &raquo;<span class=\"screen-reader-text\">Baghjulsoph\u00e6ng<\/span><\/a><\/p>\n","protected":false},"author":2,"featured_media":0,"parent":0,"menu_order":0,"comment_status":"closed","ping_status":"closed","template":"","meta":{"neve_meta_sidebar":"","neve_meta_container":"","neve_meta_enable_content_width":"","neve_meta_content_width":0,"neve_meta_title_alignment":"","neve_meta_author_avatar":"","neve_post_elements_order":"","neve_meta_disable_header":"","neve_meta_disable_footer":"","neve_meta_disable_title":"","footnotes":""},"class_list":["post-680","page","type-page","status-publish","hentry"],"_links":{"self":[{"href":"https:\/\/triumph4all.dk\/index.php?rest_route=\/wp\/v2\/pages\/680","targetHints":{"allow":["GET"]}}],"collection":[{"href":"https:\/\/triumph4all.dk\/index.php?rest_route=\/wp\/v2\/pages"}],"about":[{"href":"https:\/\/triumph4all.dk\/index.php?rest_route=\/wp\/v2\/types\/page"}],"author":[{"embeddable":true,"href":"https:\/\/triumph4all.dk\/index.php?rest_route=\/wp\/v2\/users\/2"}],"replies":[{"embeddable":true,"href":"https:\/\/triumph4all.dk\/index.php?rest_route=%2Fwp%2Fv2%2Fcomments&post=680"}],"version-history":[{"count":9,"href":"https:\/\/triumph4all.dk\/index.php?rest_route=\/wp\/v2\/pages\/680\/revisions"}],"predecessor-version":[{"id":850,"href":"https:\/\/triumph4all.dk\/index.php?rest_route=\/wp\/v2\/pages\/680\/revisions\/850"}],"wp:attachment":[{"href":"https:\/\/triumph4all.dk\/index.php?rest_route=%2Fwp%2Fv2%2Fmedia&parent=680"}],"curies":[{"name":"wp","href":"https:\/\/api.w.org\/{rel}","templated":true}]}}