{"id":675,"date":"2022-08-19T14:47:29","date_gmt":"2022-08-19T14:47:29","guid":{"rendered":"https:\/\/triumph4all.dk\/?page_id=675"},"modified":"2023-03-13T18:24:06","modified_gmt":"2023-03-13T18:24:06","slug":"forhjulsophaeng","status":"publish","type":"page","link":"https:\/\/triumph4all.dk\/?page_id=675","title":{"rendered":"Forhjulsoph\u00e6ng"},"content":{"rendered":"\n<p>Forhjulsoph\u00e6ng indeholder mange dele som jeg pt. er startet lidt op at renovere men der er jo ogs\u00e5 en hel del dele samt lejer og andre slid dele som jeg selvf\u00f8lgelig vil skifte i forbindelse med renoveringen. Herunder ses et samlet billede af hvor mange dele det indeholder.<\/p>\n\n\n<div class=\"wp-block-image\">\n<figure class=\"aligncenter size-large\"><img loading=\"lazy\" decoding=\"async\" width=\"1024\" height=\"738\" src=\"https:\/\/triumph4all.dk\/wp-content\/uploads\/2022\/05\/Forhjulsophaeng-1024x738.jpg\" alt=\"\" class=\"wp-image-676\" srcset=\"https:\/\/triumph4all.dk\/wp-content\/uploads\/2022\/05\/Forhjulsophaeng-1024x738.jpg 1024w, https:\/\/triumph4all.dk\/wp-content\/uploads\/2022\/05\/Forhjulsophaeng-300x216.jpg 300w, https:\/\/triumph4all.dk\/wp-content\/uploads\/2022\/05\/Forhjulsophaeng-768x554.jpg 768w, https:\/\/triumph4all.dk\/wp-content\/uploads\/2022\/05\/Forhjulsophaeng-1536x1108.jpg 1536w, https:\/\/triumph4all.dk\/wp-content\/uploads\/2022\/05\/Forhjulsophaeng.jpg 1900w\" sizes=\"auto, (max-width: 1024px) 100vw, 1024px\" \/><\/figure>\n<\/div>\n\n\n<p> <\/p>\n\n\n\n<p>Har fundet de f\u00f8rste dele men der mangler stadigv\u00e6k en hel dele der skal findes men jeg er startet op p\u00e5 disse dele som ses her under p\u00e5 billedet de er alle blevet sandbl\u00e6st.<\/p>\n\n\n<div class=\"wp-block-image\">\n<figure class=\"aligncenter size-large\"><img loading=\"lazy\" decoding=\"async\" width=\"1024\" height=\"577\" src=\"https:\/\/triumph4all.dk\/wp-content\/uploads\/2022\/05\/DSC00136-1024x577.jpg\" alt=\"\" class=\"wp-image-677\" srcset=\"https:\/\/triumph4all.dk\/wp-content\/uploads\/2022\/05\/DSC00136-1024x577.jpg 1024w, https:\/\/triumph4all.dk\/wp-content\/uploads\/2022\/05\/DSC00136-300x169.jpg 300w, https:\/\/triumph4all.dk\/wp-content\/uploads\/2022\/05\/DSC00136-768x433.jpg 768w, https:\/\/triumph4all.dk\/wp-content\/uploads\/2022\/05\/DSC00136-1536x866.jpg 1536w, https:\/\/triumph4all.dk\/wp-content\/uploads\/2022\/05\/DSC00136-2048x1154.jpg 2048w\" sizes=\"auto, (max-width: 1024px) 100vw, 1024px\" \/><\/figure>\n<\/div>\n\n\n<p>Her er et billede af en af de dele som er blevet grundet med 2k epoxy maling.<\/p>\n\n\n\n<figure class=\"wp-block-gallery has-nested-images columns-default is-cropped wp-block-gallery-1 is-layout-flex wp-block-gallery-is-layout-flex\">\n<figure class=\"wp-block-image size-large\"><img loading=\"lazy\" decoding=\"async\" width=\"2560\" height=\"1443\" data-id=\"639\" src=\"https:\/\/triumph4all.dk\/wp-content\/uploads\/2022\/05\/DSC00813-scaled.jpg\" alt=\"\" class=\"wp-image-639\" srcset=\"https:\/\/triumph4all.dk\/wp-content\/uploads\/2022\/05\/DSC00813-scaled.jpg 2560w, https:\/\/triumph4all.dk\/wp-content\/uploads\/2022\/05\/DSC00813-300x169.jpg 300w, https:\/\/triumph4all.dk\/wp-content\/uploads\/2022\/05\/DSC00813-1024x577.jpg 1024w, https:\/\/triumph4all.dk\/wp-content\/uploads\/2022\/05\/DSC00813-768x433.jpg 768w, https:\/\/triumph4all.dk\/wp-content\/uploads\/2022\/05\/DSC00813-1536x866.jpg 1536w, https:\/\/triumph4all.dk\/wp-content\/uploads\/2022\/05\/DSC00813-2048x1154.jpg 2048w\" sizes=\"auto, (max-width: 2560px) 100vw, 2560px\" \/><\/figure>\n<\/figure>\n\n\n\n<p class=\"has-text-align-center\">Mere f\u00f8lger !!!!<\/p>\n","protected":false},"excerpt":{"rendered":"<p>Forhjulsoph\u00e6ng indeholder mange dele som jeg pt. er startet lidt op at renovere men der er jo ogs\u00e5 en hel del dele samt lejer og andre slid dele som jeg selvf\u00f8lgelig vil skifte i forbindelse med renoveringen. Herunder ses et samlet billede af hvor mange dele det indeholder. Har fundet de f\u00f8rste dele men der&hellip;&nbsp;<a href=\"https:\/\/triumph4all.dk\/?page_id=675\" rel=\"bookmark\">L\u00e6s mere &raquo;<span class=\"screen-reader-text\">Forhjulsoph\u00e6ng<\/span><\/a><\/p>\n","protected":false},"author":2,"featured_media":0,"parent":0,"menu_order":0,"comment_status":"closed","ping_status":"closed","template":"","meta":{"neve_meta_sidebar":"","neve_meta_container":"","neve_meta_enable_content_width":"","neve_meta_content_width":0,"neve_meta_title_alignment":"","neve_meta_author_avatar":"","neve_post_elements_order":"","neve_meta_disable_header":"","neve_meta_disable_footer":"","neve_meta_disable_title":"","footnotes":""},"class_list":["post-675","page","type-page","status-publish","hentry"],"_links":{"self":[{"href":"https:\/\/triumph4all.dk\/index.php?rest_route=\/wp\/v2\/pages\/675","targetHints":{"allow":["GET"]}}],"collection":[{"href":"https:\/\/triumph4all.dk\/index.php?rest_route=\/wp\/v2\/pages"}],"about":[{"href":"https:\/\/triumph4all.dk\/index.php?rest_route=\/wp\/v2\/types\/page"}],"author":[{"embeddable":true,"href":"https:\/\/triumph4all.dk\/index.php?rest_route=\/wp\/v2\/users\/2"}],"replies":[{"embeddable":true,"href":"https:\/\/triumph4all.dk\/index.php?rest_route=%2Fwp%2Fv2%2Fcomments&post=675"}],"version-history":[{"count":6,"href":"https:\/\/triumph4all.dk\/index.php?rest_route=\/wp\/v2\/pages\/675\/revisions"}],"predecessor-version":[{"id":851,"href":"https:\/\/triumph4all.dk\/index.php?rest_route=\/wp\/v2\/pages\/675\/revisions\/851"}],"wp:attachment":[{"href":"https:\/\/triumph4all.dk\/index.php?rest_route=%2Fwp%2Fv2%2Fmedia&parent=675"}],"curies":[{"name":"wp","href":"https:\/\/api.w.org\/{rel}","templated":true}]}}