{"id":665,"date":"2022-05-22T17:58:35","date_gmt":"2022-05-22T17:58:35","guid":{"rendered":"https:\/\/triumph4all.dk\/?page_id=665"},"modified":"2023-03-13T18:27:30","modified_gmt":"2023-03-13T18:27:30","slug":"kofanger-bag","status":"publish","type":"page","link":"https:\/\/triumph4all.dk\/?page_id=665","title":{"rendered":"Kofanger bag"},"content":{"rendered":"<div class=\"wp-block-image\">\n<figure class=\"aligncenter size-full\"><img loading=\"lazy\" decoding=\"async\" width=\"392\" height=\"307\" src=\"https:\/\/triumph4all.dk\/wp-content\/uploads\/2022\/05\/Tr4-kofanger-bag-e1653241528469.jpg\" alt=\"\" class=\"wp-image-666\" srcset=\"https:\/\/triumph4all.dk\/wp-content\/uploads\/2022\/05\/Tr4-kofanger-bag-e1653241528469.jpg 392w, https:\/\/triumph4all.dk\/wp-content\/uploads\/2022\/05\/Tr4-kofanger-bag-e1653241528469-300x235.jpg 300w\" sizes=\"auto, (max-width: 392px) 100vw, 392px\" \/><\/figure>\n<\/div>\n\n\n<p><\/p>\n\n\n\n<p>Kofanger bag ogs\u00e5 her som ved foran en hel del dele som skal findes men jeg har fundet alle beslag mangler dog ogs\u00e5 skruer som foran.<\/p>\n\n\n\n<figure class=\"wp-block-gallery has-nested-images columns-default is-cropped wp-block-gallery-1 is-layout-flex wp-block-gallery-is-layout-flex\">\n<figure class=\"wp-block-image size-large\"><img loading=\"lazy\" decoding=\"async\" width=\"1024\" height=\"577\" data-id=\"668\" src=\"https:\/\/triumph4all.dk\/wp-content\/uploads\/2022\/05\/DSC00779-1024x577.jpg\" alt=\"\" class=\"wp-image-668\" srcset=\"https:\/\/triumph4all.dk\/wp-content\/uploads\/2022\/05\/DSC00779-1024x577.jpg 1024w, https:\/\/triumph4all.dk\/wp-content\/uploads\/2022\/05\/DSC00779-300x169.jpg 300w, https:\/\/triumph4all.dk\/wp-content\/uploads\/2022\/05\/DSC00779-768x433.jpg 768w, https:\/\/triumph4all.dk\/wp-content\/uploads\/2022\/05\/DSC00779-1536x866.jpg 1536w, https:\/\/triumph4all.dk\/wp-content\/uploads\/2022\/05\/DSC00779-2048x1154.jpg 2048w\" sizes=\"auto, (max-width: 1024px) 100vw, 1024px\" \/><\/figure>\n\n\n\n<figure class=\"wp-block-image size-large\"><img loading=\"lazy\" decoding=\"async\" width=\"2560\" height=\"1443\" data-id=\"667\" src=\"https:\/\/triumph4all.dk\/wp-content\/uploads\/2022\/05\/DSC00780-scaled.jpg\" alt=\"\" class=\"wp-image-667\" srcset=\"https:\/\/triumph4all.dk\/wp-content\/uploads\/2022\/05\/DSC00780-scaled.jpg 2560w, https:\/\/triumph4all.dk\/wp-content\/uploads\/2022\/05\/DSC00780-300x169.jpg 300w\" sizes=\"auto, (max-width: 2560px) 100vw, 2560px\" \/><\/figure>\n<\/figure>\n\n\n\n<p><\/p>\n\n\n\n<figure class=\"wp-block-gallery has-nested-images columns-default is-cropped wp-block-gallery-2 is-layout-flex wp-block-gallery-is-layout-flex\">\n<figure class=\"wp-block-image size-large\"><img loading=\"lazy\" decoding=\"async\" width=\"1024\" height=\"577\" data-id=\"669\" src=\"https:\/\/triumph4all.dk\/wp-content\/uploads\/2022\/05\/DSC00781-1-1024x577.jpg\" alt=\"\" class=\"wp-image-669\" srcset=\"https:\/\/triumph4all.dk\/wp-content\/uploads\/2022\/05\/DSC00781-1-1024x577.jpg 1024w, https:\/\/triumph4all.dk\/wp-content\/uploads\/2022\/05\/DSC00781-1-300x169.jpg 300w, https:\/\/triumph4all.dk\/wp-content\/uploads\/2022\/05\/DSC00781-1-768x433.jpg 768w, https:\/\/triumph4all.dk\/wp-content\/uploads\/2022\/05\/DSC00781-1-1536x866.jpg 1536w, https:\/\/triumph4all.dk\/wp-content\/uploads\/2022\/05\/DSC00781-1-2048x1154.jpg 2048w\" sizes=\"auto, (max-width: 1024px) 100vw, 1024px\" \/><\/figure>\n\n\n\n<figure class=\"wp-block-image size-large\"><img loading=\"lazy\" decoding=\"async\" width=\"2560\" height=\"1443\" data-id=\"651\" src=\"https:\/\/triumph4all.dk\/wp-content\/uploads\/2022\/05\/DSC00778-scaled.jpg\" alt=\"\" class=\"wp-image-651\" srcset=\"https:\/\/triumph4all.dk\/wp-content\/uploads\/2022\/05\/DSC00778-scaled.jpg 2560w, https:\/\/triumph4all.dk\/wp-content\/uploads\/2022\/05\/DSC00778-300x169.jpg 300w, https:\/\/triumph4all.dk\/wp-content\/uploads\/2022\/05\/DSC00778-1024x577.jpg 1024w, https:\/\/triumph4all.dk\/wp-content\/uploads\/2022\/05\/DSC00778-768x433.jpg 768w, https:\/\/triumph4all.dk\/wp-content\/uploads\/2022\/05\/DSC00778-1536x866.jpg 1536w, https:\/\/triumph4all.dk\/wp-content\/uploads\/2022\/05\/DSC00778-2048x1154.jpg 2048w\" sizes=\"auto, (max-width: 2560px) 100vw, 2560px\" \/><\/figure>\n<\/figure>\n\n\n\n<p>S\u00e5 nu er det i gang med sandbl\u00e6sning<\/p>\n\n\n\n<p class=\"has-text-align-center\">Mere f\u00f8lger !!!!<\/p>\n","protected":false},"excerpt":{"rendered":"<p>Kofanger bag ogs\u00e5 her som ved foran en hel del dele som skal findes men jeg har fundet alle beslag mangler dog ogs\u00e5 skruer som foran. S\u00e5 nu er det i gang med sandbl\u00e6sning Mere f\u00f8lger !!!!<\/p>\n","protected":false},"author":2,"featured_media":0,"parent":0,"menu_order":0,"comment_status":"closed","ping_status":"closed","template":"","meta":{"neve_meta_sidebar":"","neve_meta_container":"","neve_meta_enable_content_width":"","neve_meta_content_width":0,"neve_meta_title_alignment":"","neve_meta_author_avatar":"","neve_post_elements_order":"","neve_meta_disable_header":"","neve_meta_disable_footer":"","neve_meta_disable_title":"","footnotes":""},"class_list":["post-665","page","type-page","status-publish","hentry"],"_links":{"self":[{"href":"https:\/\/triumph4all.dk\/index.php?rest_route=\/wp\/v2\/pages\/665","targetHints":{"allow":["GET"]}}],"collection":[{"href":"https:\/\/triumph4all.dk\/index.php?rest_route=\/wp\/v2\/pages"}],"about":[{"href":"https:\/\/triumph4all.dk\/index.php?rest_route=\/wp\/v2\/types\/page"}],"author":[{"embeddable":true,"href":"https:\/\/triumph4all.dk\/index.php?rest_route=\/wp\/v2\/users\/2"}],"replies":[{"embeddable":true,"href":"https:\/\/triumph4all.dk\/index.php?rest_route=%2Fwp%2Fv2%2Fcomments&post=665"}],"version-history":[{"count":4,"href":"https:\/\/triumph4all.dk\/index.php?rest_route=\/wp\/v2\/pages\/665\/revisions"}],"predecessor-version":[{"id":856,"href":"https:\/\/triumph4all.dk\/index.php?rest_route=\/wp\/v2\/pages\/665\/revisions\/856"}],"wp:attachment":[{"href":"https:\/\/triumph4all.dk\/index.php?rest_route=%2Fwp%2Fv2%2Fmedia&parent=665"}],"curies":[{"name":"wp","href":"https:\/\/api.w.org\/{rel}","templated":true}]}}