{"id":658,"date":"2022-05-22T18:01:40","date_gmt":"2022-05-22T18:01:40","guid":{"rendered":"https:\/\/triumph4all.dk\/?page_id=658"},"modified":"2023-03-20T18:45:45","modified_gmt":"2023-03-20T18:45:45","slug":"kofanger-foran","status":"publish","type":"page","link":"https:\/\/triumph4all.dk\/?page_id=658","title":{"rendered":"Kofanger foran"},"content":{"rendered":"<div class=\"wp-block-image\">\n<figure class=\"aligncenter size-full\"><img loading=\"lazy\" decoding=\"async\" width=\"485\" height=\"255\" src=\"https:\/\/triumph4all.dk\/wp-content\/uploads\/2022\/05\/Tr4-kofanger-foran-e1653239657195.jpg\" alt=\"\" class=\"wp-image-659\" srcset=\"https:\/\/triumph4all.dk\/wp-content\/uploads\/2022\/05\/Tr4-kofanger-foran-e1653239657195.jpg 485w, https:\/\/triumph4all.dk\/wp-content\/uploads\/2022\/05\/Tr4-kofanger-foran-e1653239657195-300x158.jpg 300w\" sizes=\"auto, (max-width: 485px) 100vw, 485px\" \/><\/figure>\n<\/div>\n\n\n<p>Det er med sikkerhed en stor opgave at finde alle de dele som ses p\u00e5 billedet de store beslag er fundet men det st\u00f8rste problem er alle de skruer som jeg med sikkerhed ikke har s\u00e5 her v\u00e6lger jeg nok at k\u00f8be den pose med skruer som kan ses p\u00e5 billedet.<\/p>\n\n\n\n<figure class=\"wp-block-gallery has-nested-images columns-default is-cropped wp-block-gallery-1 is-layout-flex wp-block-gallery-is-layout-flex\">\n<figure class=\"wp-block-image size-large\"><img loading=\"lazy\" decoding=\"async\" width=\"2560\" height=\"1443\" data-id=\"661\" src=\"https:\/\/triumph4all.dk\/wp-content\/uploads\/2022\/05\/DSC00158-scaled.jpg\" alt=\"\" class=\"wp-image-661\" srcset=\"https:\/\/triumph4all.dk\/wp-content\/uploads\/2022\/05\/DSC00158-scaled.jpg 2560w, https:\/\/triumph4all.dk\/wp-content\/uploads\/2022\/05\/DSC00158-300x169.jpg 300w\" sizes=\"auto, (max-width: 2560px) 100vw, 2560px\" \/><\/figure>\n\n\n\n<figure class=\"wp-block-image size-large\"><img loading=\"lazy\" decoding=\"async\" width=\"1024\" height=\"577\" data-id=\"660\" src=\"https:\/\/triumph4all.dk\/wp-content\/uploads\/2022\/05\/DSC00156-1024x577.jpg\" alt=\"\" class=\"wp-image-660\" srcset=\"https:\/\/triumph4all.dk\/wp-content\/uploads\/2022\/05\/DSC00156-1024x577.jpg 1024w, https:\/\/triumph4all.dk\/wp-content\/uploads\/2022\/05\/DSC00156-300x169.jpg 300w, https:\/\/triumph4all.dk\/wp-content\/uploads\/2022\/05\/DSC00156-768x433.jpg 768w, https:\/\/triumph4all.dk\/wp-content\/uploads\/2022\/05\/DSC00156-1536x866.jpg 1536w, https:\/\/triumph4all.dk\/wp-content\/uploads\/2022\/05\/DSC00156-2048x1154.jpg 2048w\" sizes=\"auto, (max-width: 1024px) 100vw, 1024px\" \/><\/figure>\n<\/figure>\n\n\n\n<p>F\u00f8rste opgave var at lave 2 nye beslag som her kan ses p\u00e5 billederne skruerne er \u00e5benbart kn\u00e6kket da det blev afmonteret. De nye fremstillet dele ligner de originale som meget som muligt de er lavet med tomme gevind og stort rund hoved p\u00e5 bagsiden disse skruer har jeg lavet p\u00e5 en drejeb\u00e6nk.<\/p>\n\n\n\n<figure class=\"wp-block-gallery has-nested-images columns-default is-cropped wp-block-gallery-2 is-layout-flex wp-block-gallery-is-layout-flex\">\n<figure class=\"wp-block-image size-large\"><img loading=\"lazy\" decoding=\"async\" width=\"1024\" height=\"577\" data-id=\"662\" src=\"https:\/\/triumph4all.dk\/wp-content\/uploads\/2022\/05\/DSC00783-1024x577.jpg\" alt=\"\" class=\"wp-image-662\" srcset=\"https:\/\/triumph4all.dk\/wp-content\/uploads\/2022\/05\/DSC00783-1024x577.jpg 1024w, https:\/\/triumph4all.dk\/wp-content\/uploads\/2022\/05\/DSC00783-300x169.jpg 300w, https:\/\/triumph4all.dk\/wp-content\/uploads\/2022\/05\/DSC00783-768x433.jpg 768w, https:\/\/triumph4all.dk\/wp-content\/uploads\/2022\/05\/DSC00783-1536x866.jpg 1536w, https:\/\/triumph4all.dk\/wp-content\/uploads\/2022\/05\/DSC00783-2048x1154.jpg 2048w\" sizes=\"auto, (max-width: 1024px) 100vw, 1024px\" \/><\/figure>\n\n\n\n<figure class=\"wp-block-image size-large\"><img loading=\"lazy\" decoding=\"async\" width=\"2560\" height=\"1443\" data-id=\"663\" src=\"https:\/\/triumph4all.dk\/wp-content\/uploads\/2022\/05\/DSC00782-scaled.jpg\" alt=\"\" class=\"wp-image-663\" srcset=\"https:\/\/triumph4all.dk\/wp-content\/uploads\/2022\/05\/DSC00782-scaled.jpg 2560w, https:\/\/triumph4all.dk\/wp-content\/uploads\/2022\/05\/DSC00782-300x169.jpg 300w\" sizes=\"auto, (max-width: 2560px) 100vw, 2560px\" \/><\/figure>\n<\/figure>\n\n\n\n<p>Her ses de store beslag men jeg mangler de to tynde st\u00e6nger som kan ses p\u00e5 billedet \u00f8verst s\u00e5 jeg leder n\u00e5et mere.<\/p>\n\n\n\n<figure class=\"wp-block-gallery has-nested-images columns-default is-cropped wp-block-gallery-3 is-layout-flex wp-block-gallery-is-layout-flex\">\n<figure class=\"wp-block-image size-large\"><img loading=\"lazy\" decoding=\"async\" width=\"1024\" height=\"577\" data-id=\"701\" src=\"https:\/\/triumph4all.dk\/wp-content\/uploads\/2022\/05\/DSC00886-1024x577.jpg\" alt=\"\" class=\"wp-image-701\" srcset=\"https:\/\/triumph4all.dk\/wp-content\/uploads\/2022\/05\/DSC00886-1024x577.jpg 1024w, https:\/\/triumph4all.dk\/wp-content\/uploads\/2022\/05\/DSC00886-300x169.jpg 300w, https:\/\/triumph4all.dk\/wp-content\/uploads\/2022\/05\/DSC00886-768x433.jpg 768w, https:\/\/triumph4all.dk\/wp-content\/uploads\/2022\/05\/DSC00886-1536x866.jpg 1536w, https:\/\/triumph4all.dk\/wp-content\/uploads\/2022\/05\/DSC00886-2048x1154.jpg 2048w\" sizes=\"auto, (max-width: 1024px) 100vw, 1024px\" \/><\/figure>\n\n\n\n<figure class=\"wp-block-image size-large\"><img loading=\"lazy\" decoding=\"async\" width=\"2560\" height=\"1443\" data-id=\"700\" src=\"https:\/\/triumph4all.dk\/wp-content\/uploads\/2022\/05\/DSC00887-scaled.jpg\" alt=\"\" class=\"wp-image-700\" srcset=\"https:\/\/triumph4all.dk\/wp-content\/uploads\/2022\/05\/DSC00887-scaled.jpg 2560w, https:\/\/triumph4all.dk\/wp-content\/uploads\/2022\/05\/DSC00887-300x169.jpg 300w\" sizes=\"auto, (max-width: 2560px) 100vw, 2560px\" \/><\/figure>\n<\/figure>\n\n\n\n<p>Alle dele er nu sandbl\u00e6st og 2k grundmalet.<\/p>\n\n\n\n<p class=\"has-text-align-center\">Mere f\u00f8lger !!!!<\/p>\n","protected":false},"excerpt":{"rendered":"<p>Det er med sikkerhed en stor opgave at finde alle de dele som ses p\u00e5 billedet de store beslag er fundet men det st\u00f8rste problem er alle de skruer som jeg med sikkerhed ikke har s\u00e5 her v\u00e6lger jeg nok at k\u00f8be den pose med skruer som kan ses p\u00e5 billedet. F\u00f8rste opgave var at&hellip;&nbsp;<a href=\"https:\/\/triumph4all.dk\/?page_id=658\" rel=\"bookmark\">L\u00e6s mere &raquo;<span class=\"screen-reader-text\">Kofanger foran<\/span><\/a><\/p>\n","protected":false},"author":2,"featured_media":0,"parent":0,"menu_order":0,"comment_status":"closed","ping_status":"closed","template":"","meta":{"neve_meta_sidebar":"","neve_meta_container":"","neve_meta_enable_content_width":"","neve_meta_content_width":0,"neve_meta_title_alignment":"","neve_meta_author_avatar":"","neve_post_elements_order":"","neve_meta_disable_header":"","neve_meta_disable_footer":"","neve_meta_disable_title":"","footnotes":""},"class_list":["post-658","page","type-page","status-publish","hentry"],"_links":{"self":[{"href":"https:\/\/triumph4all.dk\/index.php?rest_route=\/wp\/v2\/pages\/658","targetHints":{"allow":["GET"]}}],"collection":[{"href":"https:\/\/triumph4all.dk\/index.php?rest_route=\/wp\/v2\/pages"}],"about":[{"href":"https:\/\/triumph4all.dk\/index.php?rest_route=\/wp\/v2\/types\/page"}],"author":[{"embeddable":true,"href":"https:\/\/triumph4all.dk\/index.php?rest_route=\/wp\/v2\/users\/2"}],"replies":[{"embeddable":true,"href":"https:\/\/triumph4all.dk\/index.php?rest_route=%2Fwp%2Fv2%2Fcomments&post=658"}],"version-history":[{"count":11,"href":"https:\/\/triumph4all.dk\/index.php?rest_route=\/wp\/v2\/pages\/658\/revisions"}],"predecessor-version":[{"id":903,"href":"https:\/\/triumph4all.dk\/index.php?rest_route=\/wp\/v2\/pages\/658\/revisions\/903"}],"wp:attachment":[{"href":"https:\/\/triumph4all.dk\/index.php?rest_route=%2Fwp%2Fv2%2Fmedia&parent=658"}],"curies":[{"name":"wp","href":"https:\/\/api.w.org\/{rel}","templated":true}]}}