{"id":618,"date":"2022-05-20T19:18:52","date_gmt":"2022-05-20T19:18:52","guid":{"rendered":"https:\/\/triumph4all.dk\/?page_id=618"},"modified":"2022-05-20T19:18:52","modified_gmt":"2022-05-20T19:18:52","slug":"ultralydsrenser","status":"publish","type":"page","link":"https:\/\/triumph4all.dk\/?page_id=618","title":{"rendered":"Ultralydsrenser"},"content":{"rendered":"\n<figure class=\"wp-block-image size-large\"><img loading=\"lazy\" decoding=\"async\" width=\"1024\" height=\"577\" src=\"https:\/\/triumph4all.dk\/wp-content\/uploads\/2022\/02\/DSC00440-1024x577.jpg\" alt=\"\" class=\"wp-image-338\" srcset=\"https:\/\/triumph4all.dk\/wp-content\/uploads\/2022\/02\/DSC00440-1024x577.jpg 1024w, https:\/\/triumph4all.dk\/wp-content\/uploads\/2022\/02\/DSC00440-300x169.jpg 300w, https:\/\/triumph4all.dk\/wp-content\/uploads\/2022\/02\/DSC00440-768x433.jpg 768w, https:\/\/triumph4all.dk\/wp-content\/uploads\/2022\/02\/DSC00440-1536x866.jpg 1536w, https:\/\/triumph4all.dk\/wp-content\/uploads\/2022\/02\/DSC00440-2048x1154.jpg 2048w\" sizes=\"auto, (max-width: 1024px) 100vw, 1024px\" \/><\/figure>\n\n\n\n<p>Det er denne model af ultralydsrenser som jeg bruger det er nok en mellemstor model men fordelen er s\u00e5 at jeg kan ligge store dele i eller mange sm\u00e5 ting i p\u00e5 en gang.<\/p>\n\n\n\n<p>Jeg har set at flere p\u00e5 nettet v\u00e6lger at rense deres dele i en plastik beholder s\u00e5 karet ikke bliver beskidt denne metode valgte jeg ogs\u00e5 at afpr\u00f8ve for at se om det virker.<\/p>\n\n\n\n<figure class=\"wp-block-gallery has-nested-images columns-default is-cropped wp-block-gallery-1 is-layout-flex wp-block-gallery-is-layout-flex\">\n<figure class=\"wp-block-image size-large\"><img loading=\"lazy\" decoding=\"async\" width=\"2560\" height=\"1443\" data-id=\"348\" src=\"https:\/\/triumph4all.dk\/wp-content\/uploads\/2022\/02\/DSC00452-scaled.jpg\" alt=\"\" class=\"wp-image-348\" srcset=\"https:\/\/triumph4all.dk\/wp-content\/uploads\/2022\/02\/DSC00452-scaled.jpg 2560w, https:\/\/triumph4all.dk\/wp-content\/uploads\/2022\/02\/DSC00452-300x169.jpg 300w, https:\/\/triumph4all.dk\/wp-content\/uploads\/2022\/02\/DSC00452-1024x577.jpg 1024w, https:\/\/triumph4all.dk\/wp-content\/uploads\/2022\/02\/DSC00452-768x433.jpg 768w, https:\/\/triumph4all.dk\/wp-content\/uploads\/2022\/02\/DSC00452-1536x866.jpg 1536w, https:\/\/triumph4all.dk\/wp-content\/uploads\/2022\/02\/DSC00452-2048x1154.jpg 2048w\" sizes=\"auto, (max-width: 2560px) 100vw, 2560px\" \/><\/figure>\n\n\n\n<figure class=\"wp-block-image size-large\"><img loading=\"lazy\" decoding=\"async\" width=\"2560\" height=\"1443\" data-id=\"349\" src=\"https:\/\/triumph4all.dk\/wp-content\/uploads\/2022\/02\/DSC00457-scaled.jpg\" alt=\"\" class=\"wp-image-349\" srcset=\"https:\/\/triumph4all.dk\/wp-content\/uploads\/2022\/02\/DSC00457-scaled.jpg 2560w, https:\/\/triumph4all.dk\/wp-content\/uploads\/2022\/02\/DSC00457-300x169.jpg 300w, https:\/\/triumph4all.dk\/wp-content\/uploads\/2022\/02\/DSC00457-1024x577.jpg 1024w, https:\/\/triumph4all.dk\/wp-content\/uploads\/2022\/02\/DSC00457-768x433.jpg 768w, https:\/\/triumph4all.dk\/wp-content\/uploads\/2022\/02\/DSC00457-1536x866.jpg 1536w, https:\/\/triumph4all.dk\/wp-content\/uploads\/2022\/02\/DSC00457-2048x1154.jpg 2048w\" sizes=\"auto, (max-width: 2560px) 100vw, 2560px\" \/><\/figure>\n<\/figure>\n\n\n\n<p>Her er delene lagt i plastik kassen her kommer jeg s\u00e5 rensev\u00e6ske i ogs\u00e5 derefter fyldes karret med rent vand og jeg startede med at pr\u00f8ve med  10 minutter med 25 graders varmt vand men det blev slet ikke rent kun vandet blev beskidt.<\/p>\n\n\n\n<figure class=\"wp-block-gallery has-nested-images columns-default is-cropped wp-block-gallery-2 is-layout-flex wp-block-gallery-is-layout-flex\">\n<figure class=\"wp-block-image size-large\"><img loading=\"lazy\" decoding=\"async\" width=\"2560\" height=\"1443\" data-id=\"350\" src=\"https:\/\/triumph4all.dk\/wp-content\/uploads\/2022\/02\/DSC00456-scaled.jpg\" alt=\"\" class=\"wp-image-350\" srcset=\"https:\/\/triumph4all.dk\/wp-content\/uploads\/2022\/02\/DSC00456-scaled.jpg 2560w, https:\/\/triumph4all.dk\/wp-content\/uploads\/2022\/02\/DSC00456-300x169.jpg 300w, https:\/\/triumph4all.dk\/wp-content\/uploads\/2022\/02\/DSC00456-1024x577.jpg 1024w, https:\/\/triumph4all.dk\/wp-content\/uploads\/2022\/02\/DSC00456-768x433.jpg 768w, https:\/\/triumph4all.dk\/wp-content\/uploads\/2022\/02\/DSC00456-1536x866.jpg 1536w, https:\/\/triumph4all.dk\/wp-content\/uploads\/2022\/02\/DSC00456-2048x1154.jpg 2048w\" sizes=\"auto, (max-width: 2560px) 100vw, 2560px\" \/><\/figure>\n\n\n\n<figure class=\"wp-block-image size-large\"><img loading=\"lazy\" decoding=\"async\" width=\"2560\" height=\"1443\" data-id=\"351\" src=\"https:\/\/triumph4all.dk\/wp-content\/uploads\/2022\/02\/DSC00458-scaled.jpg\" alt=\"\" class=\"wp-image-351\" srcset=\"https:\/\/triumph4all.dk\/wp-content\/uploads\/2022\/02\/DSC00458-scaled.jpg 2560w, https:\/\/triumph4all.dk\/wp-content\/uploads\/2022\/02\/DSC00458-300x169.jpg 300w, https:\/\/triumph4all.dk\/wp-content\/uploads\/2022\/02\/DSC00458-1024x577.jpg 1024w, https:\/\/triumph4all.dk\/wp-content\/uploads\/2022\/02\/DSC00458-768x433.jpg 768w, https:\/\/triumph4all.dk\/wp-content\/uploads\/2022\/02\/DSC00458-1536x866.jpg 1536w, https:\/\/triumph4all.dk\/wp-content\/uploads\/2022\/02\/DSC00458-2048x1154.jpg 2048w\" sizes=\"auto, (max-width: 2560px) 100vw, 2560px\" \/><\/figure>\n<\/figure>\n\n\n\n<p>S\u00e5 nyt fors\u00f8g\u2026<\/p>\n\n\n\n<figure class=\"wp-block-gallery has-nested-images columns-default is-cropped wp-block-gallery-3 is-layout-flex wp-block-gallery-is-layout-flex\">\n<figure class=\"wp-block-image size-large\"><img loading=\"lazy\" decoding=\"async\" width=\"2560\" height=\"1443\" data-id=\"352\" src=\"https:\/\/triumph4all.dk\/wp-content\/uploads\/2022\/02\/DSC00463-scaled.jpg\" alt=\"\" class=\"wp-image-352\" srcset=\"https:\/\/triumph4all.dk\/wp-content\/uploads\/2022\/02\/DSC00463-scaled.jpg 2560w, https:\/\/triumph4all.dk\/wp-content\/uploads\/2022\/02\/DSC00463-300x169.jpg 300w, https:\/\/triumph4all.dk\/wp-content\/uploads\/2022\/02\/DSC00463-1024x577.jpg 1024w, https:\/\/triumph4all.dk\/wp-content\/uploads\/2022\/02\/DSC00463-768x433.jpg 768w, https:\/\/triumph4all.dk\/wp-content\/uploads\/2022\/02\/DSC00463-1536x866.jpg 1536w, https:\/\/triumph4all.dk\/wp-content\/uploads\/2022\/02\/DSC00463-2048x1154.jpg 2048w\" sizes=\"auto, (max-width: 2560px) 100vw, 2560px\" \/><\/figure>\n\n\n\n<figure class=\"wp-block-image size-large\"><img loading=\"lazy\" decoding=\"async\" width=\"2560\" height=\"1443\" data-id=\"353\" src=\"https:\/\/triumph4all.dk\/wp-content\/uploads\/2022\/02\/DSC00460-scaled.jpg\" alt=\"\" class=\"wp-image-353\" srcset=\"https:\/\/triumph4all.dk\/wp-content\/uploads\/2022\/02\/DSC00460-scaled.jpg 2560w, https:\/\/triumph4all.dk\/wp-content\/uploads\/2022\/02\/DSC00460-300x169.jpg 300w, https:\/\/triumph4all.dk\/wp-content\/uploads\/2022\/02\/DSC00460-1024x577.jpg 1024w, https:\/\/triumph4all.dk\/wp-content\/uploads\/2022\/02\/DSC00460-768x433.jpg 768w, https:\/\/triumph4all.dk\/wp-content\/uploads\/2022\/02\/DSC00460-1536x866.jpg 1536w, https:\/\/triumph4all.dk\/wp-content\/uploads\/2022\/02\/DSC00460-2048x1154.jpg 2048w\" sizes=\"auto, (max-width: 2560px) 100vw, 2560px\" \/><\/figure>\n<\/figure>\n\n\n\n<p>H\u00e6vede temperaturen til 45 grader ogs\u00e5 i 10 minutter derefter fandt jeg en lille messing b\u00f8rste frem men allerede efter de 10 minutter i det 45 grader varme kunne jeg se en stor forskel jeg b\u00f8rstede delene og de fik en tur til i 5 minutter hvor jeg ogs\u00e5 skiftede rensev\u00e6sken i plastik beholder s\u00e5dan blev delene jeg rensede.<\/p>\n\n\n\n<figure class=\"wp-block-image size-large\"><img loading=\"lazy\" decoding=\"async\" width=\"1024\" height=\"577\" src=\"https:\/\/triumph4all.dk\/wp-content\/uploads\/2022\/02\/DSC00468-1024x577.jpg\" alt=\"\" class=\"wp-image-355\" srcset=\"https:\/\/triumph4all.dk\/wp-content\/uploads\/2022\/02\/DSC00468-1024x577.jpg 1024w, https:\/\/triumph4all.dk\/wp-content\/uploads\/2022\/02\/DSC00468-300x169.jpg 300w, https:\/\/triumph4all.dk\/wp-content\/uploads\/2022\/02\/DSC00468-768x433.jpg 768w, https:\/\/triumph4all.dk\/wp-content\/uploads\/2022\/02\/DSC00468-1536x866.jpg 1536w, https:\/\/triumph4all.dk\/wp-content\/uploads\/2022\/02\/DSC00468-2048x1154.jpg 2048w\" sizes=\"auto, (max-width: 1024px) 100vw, 1024px\" \/><\/figure>\n\n\n\n<p>Er faktisk temmelig overrasket over hvilken resultat jeg har opn\u00e5et s\u00e5 ultralydsrenseren kommer helt sikkert til at rense flere dele nu her er et billedet inden rens.<\/p>\n\n\n\n<figure class=\"wp-block-image size-large\"><img loading=\"lazy\" decoding=\"async\" width=\"1024\" height=\"577\" src=\"https:\/\/triumph4all.dk\/wp-content\/uploads\/2022\/02\/DSC00427-1024x577.jpg\" alt=\"\" class=\"wp-image-337\" srcset=\"https:\/\/triumph4all.dk\/wp-content\/uploads\/2022\/02\/DSC00427-1024x577.jpg 1024w, https:\/\/triumph4all.dk\/wp-content\/uploads\/2022\/02\/DSC00427-300x169.jpg 300w, https:\/\/triumph4all.dk\/wp-content\/uploads\/2022\/02\/DSC00427-768x433.jpg 768w, https:\/\/triumph4all.dk\/wp-content\/uploads\/2022\/02\/DSC00427-1536x866.jpg 1536w, https:\/\/triumph4all.dk\/wp-content\/uploads\/2022\/02\/DSC00427-2048x1154.jpg 2048w\" sizes=\"auto, (max-width: 1024px) 100vw, 1024px\" \/><\/figure>\n","protected":false},"excerpt":{"rendered":"<p>Det er denne model af ultralydsrenser som jeg bruger det er nok en mellemstor model men fordelen er s\u00e5 at jeg kan ligge store dele i eller mange sm\u00e5 ting i p\u00e5 en gang. Jeg har set at flere p\u00e5 nettet v\u00e6lger at rense deres dele i en plastik beholder s\u00e5 karet ikke bliver beskidt&hellip;&nbsp;<a href=\"https:\/\/triumph4all.dk\/?page_id=618\" rel=\"bookmark\">L\u00e6s mere &raquo;<span class=\"screen-reader-text\">Ultralydsrenser<\/span><\/a><\/p>\n","protected":false},"author":2,"featured_media":0,"parent":0,"menu_order":0,"comment_status":"closed","ping_status":"closed","template":"","meta":{"neve_meta_sidebar":"","neve_meta_container":"","neve_meta_enable_content_width":"","neve_meta_content_width":0,"neve_meta_title_alignment":"","neve_meta_author_avatar":"","neve_post_elements_order":"","neve_meta_disable_header":"","neve_meta_disable_footer":"","neve_meta_disable_title":"","footnotes":""},"class_list":["post-618","page","type-page","status-publish","hentry"],"_links":{"self":[{"href":"https:\/\/triumph4all.dk\/index.php?rest_route=\/wp\/v2\/pages\/618","targetHints":{"allow":["GET"]}}],"collection":[{"href":"https:\/\/triumph4all.dk\/index.php?rest_route=\/wp\/v2\/pages"}],"about":[{"href":"https:\/\/triumph4all.dk\/index.php?rest_route=\/wp\/v2\/types\/page"}],"author":[{"embeddable":true,"href":"https:\/\/triumph4all.dk\/index.php?rest_route=\/wp\/v2\/users\/2"}],"replies":[{"embeddable":true,"href":"https:\/\/triumph4all.dk\/index.php?rest_route=%2Fwp%2Fv2%2Fcomments&post=618"}],"version-history":[{"count":2,"href":"https:\/\/triumph4all.dk\/index.php?rest_route=\/wp\/v2\/pages\/618\/revisions"}],"predecessor-version":[{"id":620,"href":"https:\/\/triumph4all.dk\/index.php?rest_route=\/wp\/v2\/pages\/618\/revisions\/620"}],"wp:attachment":[{"href":"https:\/\/triumph4all.dk\/index.php?rest_route=%2Fwp%2Fv2%2Fmedia&parent=618"}],"curies":[{"name":"wp","href":"https:\/\/api.w.org\/{rel}","templated":true}]}}