{"id":609,"date":"2022-05-20T18:10:28","date_gmt":"2022-05-20T18:10:28","guid":{"rendered":"https:\/\/triumph4all.dk\/?page_id=609"},"modified":"2025-02-11T20:18:59","modified_gmt":"2025-02-11T20:18:59","slug":"vaerkstedet","status":"publish","type":"page","link":"https:\/\/triumph4all.dk\/?page_id=609","title":{"rendered":"V\u00e6rkstedet"},"content":{"rendered":"\n<p class=\"has-text-align-center\">Her p\u00e5 siden kan man se og l\u00e6se n\u00e5et om det udstyr som jeg bruger i forbindelse med renoveringen af min Triumph tr4<\/p>\n\n\n\n<p class=\"has-text-align-center\">Tryk p\u00e5 den ting du gerne vil se.<\/p>\n\n\n\n<div class=\"wp-block-columns is-layout-flex wp-container-core-columns-is-layout-9d6595d7 wp-block-columns-is-layout-flex\">\n<div class=\"wp-block-column is-layout-flow wp-block-column-is-layout-flow\">\n<figure class=\"wp-block-image size-large\"><a href=\"https:\/\/triumph4all.dk\/?page_id=129\"><img loading=\"lazy\" decoding=\"async\" width=\"1024\" height=\"577\" src=\"https:\/\/triumph4all.dk\/wp-content\/uploads\/2022\/05\/DSC00841-1024x577.jpg\" alt=\"\" class=\"wp-image-632\" srcset=\"https:\/\/triumph4all.dk\/wp-content\/uploads\/2022\/05\/DSC00841-1024x577.jpg 1024w, https:\/\/triumph4all.dk\/wp-content\/uploads\/2022\/05\/DSC00841-300x169.jpg 300w, https:\/\/triumph4all.dk\/wp-content\/uploads\/2022\/05\/DSC00841-768x433.jpg 768w, https:\/\/triumph4all.dk\/wp-content\/uploads\/2022\/05\/DSC00841-1536x866.jpg 1536w, https:\/\/triumph4all.dk\/wp-content\/uploads\/2022\/05\/DSC00841-2048x1154.jpg 2048w\" sizes=\"auto, (max-width: 1024px) 100vw, 1024px\" \/><\/a><\/figure>\n<\/div>\n\n\n\n<div class=\"wp-block-column is-layout-flow wp-block-column-is-layout-flow\">\n<figure class=\"wp-block-image size-large\"><a href=\"https:\/\/triumph4all.dk\/?page_id=618\"><img loading=\"lazy\" decoding=\"async\" width=\"1024\" height=\"577\" src=\"https:\/\/triumph4all.dk\/wp-content\/uploads\/2022\/02\/DSC00440-1024x577.jpg\" alt=\"\" class=\"wp-image-338\" srcset=\"https:\/\/triumph4all.dk\/wp-content\/uploads\/2022\/02\/DSC00440-1024x577.jpg 1024w, https:\/\/triumph4all.dk\/wp-content\/uploads\/2022\/02\/DSC00440-300x169.jpg 300w, https:\/\/triumph4all.dk\/wp-content\/uploads\/2022\/02\/DSC00440-768x433.jpg 768w, https:\/\/triumph4all.dk\/wp-content\/uploads\/2022\/02\/DSC00440-1536x866.jpg 1536w, https:\/\/triumph4all.dk\/wp-content\/uploads\/2022\/02\/DSC00440-2048x1154.jpg 2048w\" sizes=\"auto, (max-width: 1024px) 100vw, 1024px\" \/><\/a><\/figure>\n<\/div>\n<\/div>\n\n\n\n<div class=\"wp-block-columns is-layout-flex wp-container-core-columns-is-layout-9d6595d7 wp-block-columns-is-layout-flex\">\n<div class=\"wp-block-column is-layout-flow wp-block-column-is-layout-flow\">\n<figure class=\"wp-block-image size-large\"><a href=\"https:\/\/triumph4all.dk\/?page_id=948\"><img loading=\"lazy\" decoding=\"async\" width=\"1024\" height=\"577\" src=\"https:\/\/triumph4all.dk\/wp-content\/uploads\/2023\/06\/DSC00997-1024x577.jpg\" alt=\"\" class=\"wp-image-949\" srcset=\"https:\/\/triumph4all.dk\/wp-content\/uploads\/2023\/06\/DSC00997-1024x577.jpg 1024w, https:\/\/triumph4all.dk\/wp-content\/uploads\/2023\/06\/DSC00997-300x169.jpg 300w, https:\/\/triumph4all.dk\/wp-content\/uploads\/2023\/06\/DSC00997-768x433.jpg 768w, https:\/\/triumph4all.dk\/wp-content\/uploads\/2023\/06\/DSC00997-1536x866.jpg 1536w, https:\/\/triumph4all.dk\/wp-content\/uploads\/2023\/06\/DSC00997-2048x1154.jpg 2048w\" sizes=\"auto, (max-width: 1024px) 100vw, 1024px\" \/><\/a><\/figure>\n<\/div>\n\n\n\n<div class=\"wp-block-column is-layout-flow wp-block-column-is-layout-flow\"><\/div>\n<\/div>\n","protected":false},"excerpt":{"rendered":"<p>Her p\u00e5 siden kan man se og l\u00e6se n\u00e5et om det udstyr som jeg bruger i forbindelse med renoveringen af min Triumph tr4 Tryk p\u00e5 den ting du gerne vil se.<\/p>\n","protected":false},"author":2,"featured_media":0,"parent":0,"menu_order":0,"comment_status":"closed","ping_status":"closed","template":"","meta":{"neve_meta_sidebar":"","neve_meta_container":"","neve_meta_enable_content_width":"","neve_meta_content_width":0,"neve_meta_title_alignment":"","neve_meta_author_avatar":"","neve_post_elements_order":"","neve_meta_disable_header":"","neve_meta_disable_footer":"","neve_meta_disable_title":"","footnotes":""},"class_list":["post-609","page","type-page","status-publish","hentry"],"_links":{"self":[{"href":"https:\/\/triumph4all.dk\/index.php?rest_route=\/wp\/v2\/pages\/609","targetHints":{"allow":["GET"]}}],"collection":[{"href":"https:\/\/triumph4all.dk\/index.php?rest_route=\/wp\/v2\/pages"}],"about":[{"href":"https:\/\/triumph4all.dk\/index.php?rest_route=\/wp\/v2\/types\/page"}],"author":[{"embeddable":true,"href":"https:\/\/triumph4all.dk\/index.php?rest_route=\/wp\/v2\/users\/2"}],"replies":[{"embeddable":true,"href":"https:\/\/triumph4all.dk\/index.php?rest_route=%2Fwp%2Fv2%2Fcomments&post=609"}],"version-history":[{"count":11,"href":"https:\/\/triumph4all.dk\/index.php?rest_route=\/wp\/v2\/pages\/609\/revisions"}],"predecessor-version":[{"id":1013,"href":"https:\/\/triumph4all.dk\/index.php?rest_route=\/wp\/v2\/pages\/609\/revisions\/1013"}],"wp:attachment":[{"href":"https:\/\/triumph4all.dk\/index.php?rest_route=%2Fwp%2Fv2%2Fmedia&parent=609"}],"curies":[{"name":"wp","href":"https:\/\/api.w.org\/{rel}","templated":true}]}}