{"id":594,"date":"2022-05-19T18:43:54","date_gmt":"2022-05-19T18:43:54","guid":{"rendered":"https:\/\/triumph4all.dk\/?page_id=594"},"modified":"2023-03-13T18:20:10","modified_gmt":"2023-03-13T18:20:10","slug":"termostathus","status":"publish","type":"page","link":"https:\/\/triumph4all.dk\/?page_id=594","title":{"rendered":"Termostathus"},"content":{"rendered":"\n<p>Termostathuset st\u00e5r nu til at f\u00e5 en tur som det kan ses p\u00e5 billedet er der 2 termostathuse med bilen ved k\u00f8b.<\/p>\n\n\n<div class=\"wp-block-image\">\n<figure class=\"aligncenter size-large\"><img loading=\"lazy\" decoding=\"async\" width=\"1024\" height=\"577\" src=\"https:\/\/triumph4all.dk\/wp-content\/uploads\/2022\/05\/DSC00818-1024x577.jpg\" alt=\"\" class=\"wp-image-595\" srcset=\"https:\/\/triumph4all.dk\/wp-content\/uploads\/2022\/05\/DSC00818-1024x577.jpg 1024w, https:\/\/triumph4all.dk\/wp-content\/uploads\/2022\/05\/DSC00818-300x169.jpg 300w, https:\/\/triumph4all.dk\/wp-content\/uploads\/2022\/05\/DSC00818-768x433.jpg 768w, https:\/\/triumph4all.dk\/wp-content\/uploads\/2022\/05\/DSC00818-1536x866.jpg 1536w, https:\/\/triumph4all.dk\/wp-content\/uploads\/2022\/05\/DSC00818-2048x1154.jpg 2048w\" sizes=\"auto, (max-width: 1024px) 100vw, 1024px\" \/><\/figure>\n<\/div>\n\n\n<p>Grunden til dette er at den som jeg regner med har v\u00e6ret brugt til bilen er defekt da den nok ikke vil lukke t\u00e6t ved pakningen se billedet s\u00e5 jeg m\u00e5 i gang med at f\u00e5 den anden i en bedre stand.<\/p>\n\n\n\n<figure class=\"wp-block-gallery has-nested-images columns-default is-cropped wp-block-gallery-1 is-layout-flex wp-block-gallery-is-layout-flex\">\n<figure class=\"wp-block-image size-large\"><img loading=\"lazy\" decoding=\"async\" width=\"1024\" height=\"577\" data-id=\"597\" src=\"https:\/\/triumph4all.dk\/wp-content\/uploads\/2022\/05\/DSC00824-1024x577.jpg\" alt=\"\" class=\"wp-image-597\" srcset=\"https:\/\/triumph4all.dk\/wp-content\/uploads\/2022\/05\/DSC00824-1024x577.jpg 1024w, https:\/\/triumph4all.dk\/wp-content\/uploads\/2022\/05\/DSC00824-300x169.jpg 300w, https:\/\/triumph4all.dk\/wp-content\/uploads\/2022\/05\/DSC00824-768x433.jpg 768w, https:\/\/triumph4all.dk\/wp-content\/uploads\/2022\/05\/DSC00824-1536x866.jpg 1536w, https:\/\/triumph4all.dk\/wp-content\/uploads\/2022\/05\/DSC00824-2048x1154.jpg 2048w\" sizes=\"auto, (max-width: 1024px) 100vw, 1024px\" \/><figcaption class=\"wp-element-caption\">Defekt<\/figcaption><\/figure>\n\n\n\n<figure class=\"wp-block-image size-large\"><img loading=\"lazy\" decoding=\"async\" width=\"1024\" height=\"577\" data-id=\"596\" src=\"https:\/\/triumph4all.dk\/wp-content\/uploads\/2022\/05\/DSC00825-1024x577.jpg\" alt=\"\" class=\"wp-image-596\" srcset=\"https:\/\/triumph4all.dk\/wp-content\/uploads\/2022\/05\/DSC00825-1024x577.jpg 1024w, https:\/\/triumph4all.dk\/wp-content\/uploads\/2022\/05\/DSC00825-300x169.jpg 300w, https:\/\/triumph4all.dk\/wp-content\/uploads\/2022\/05\/DSC00825-768x433.jpg 768w, https:\/\/triumph4all.dk\/wp-content\/uploads\/2022\/05\/DSC00825-1536x866.jpg 1536w, https:\/\/triumph4all.dk\/wp-content\/uploads\/2022\/05\/DSC00825-2048x1154.jpg 2048w\" sizes=\"auto, (max-width: 1024px) 100vw, 1024px\" \/><\/figure>\n<\/figure>\n\n\n\n<p>Efter en del fors\u00f8g med at pudse\/polere hvor jeg ikke rigtigt fik et godt resultat besluttet jeg mig for at pr\u00f8ve at glasbl\u00e6se med lavt tryk dette resultat fik jeg om jeg l\u00e5ser mig fast p\u00e5 dette ved jeg ikke helt endnu.<\/p>\n\n\n<div class=\"wp-block-image\">\n<figure class=\"aligncenter size-large\"><img loading=\"lazy\" decoding=\"async\" width=\"1024\" height=\"577\" src=\"https:\/\/triumph4all.dk\/wp-content\/uploads\/2022\/05\/DSC00828-1024x577.jpg\" alt=\"\" class=\"wp-image-598\" srcset=\"https:\/\/triumph4all.dk\/wp-content\/uploads\/2022\/05\/DSC00828-1024x577.jpg 1024w, https:\/\/triumph4all.dk\/wp-content\/uploads\/2022\/05\/DSC00828-300x169.jpg 300w, https:\/\/triumph4all.dk\/wp-content\/uploads\/2022\/05\/DSC00828-768x433.jpg 768w, https:\/\/triumph4all.dk\/wp-content\/uploads\/2022\/05\/DSC00828-1536x866.jpg 1536w, https:\/\/triumph4all.dk\/wp-content\/uploads\/2022\/05\/DSC00828-2048x1154.jpg 2048w\" sizes=\"auto, (max-width: 1024px) 100vw, 1024px\" \/><\/figure>\n<\/div>\n\n\n<p>Termostaten kommer nok en tur i ultralyden til rens for derefter at blive testet i en gang varmt vand om den virker.<\/p>\n\n\n\n<p>Igen efter en del fors\u00f8g har jeg nu endeligt fundet en metode til at pudse termostathuset den ene del er p\u00e5begyndt men skal have n\u00e5et mere s\u00e5 det er bare at fores\u00e6tte.<\/p>\n\n\n<div class=\"wp-block-image\">\n<figure class=\"aligncenter size-large\"><img loading=\"lazy\" decoding=\"async\" width=\"1024\" height=\"577\" src=\"https:\/\/triumph4all.dk\/wp-content\/uploads\/2022\/06\/DSC00904-1024x577.jpg\" alt=\"\" class=\"wp-image-714\" srcset=\"https:\/\/triumph4all.dk\/wp-content\/uploads\/2022\/06\/DSC00904-1024x577.jpg 1024w, https:\/\/triumph4all.dk\/wp-content\/uploads\/2022\/06\/DSC00904-300x169.jpg 300w, https:\/\/triumph4all.dk\/wp-content\/uploads\/2022\/06\/DSC00904-768x433.jpg 768w, https:\/\/triumph4all.dk\/wp-content\/uploads\/2022\/06\/DSC00904-1536x866.jpg 1536w, https:\/\/triumph4all.dk\/wp-content\/uploads\/2022\/06\/DSC00904-2048x1154.jpg 2048w\" sizes=\"auto, (max-width: 1024px) 100vw, 1024px\" \/><\/figure>\n<\/div>\n\n\n<p class=\"has-text-align-center\">Her er s\u00e5 det f\u00e6rdige resultat med nye bolte. <\/p>\n\n\n<div class=\"wp-block-image\">\n<figure class=\"aligncenter size-large\"><img loading=\"lazy\" decoding=\"async\" width=\"1024\" height=\"577\" src=\"https:\/\/triumph4all.dk\/wp-content\/uploads\/2022\/09\/DSC00932-1024x577.jpg\" alt=\"\" class=\"wp-image-749\" srcset=\"https:\/\/triumph4all.dk\/wp-content\/uploads\/2022\/09\/DSC00932-1024x577.jpg 1024w, https:\/\/triumph4all.dk\/wp-content\/uploads\/2022\/09\/DSC00932-300x169.jpg 300w, https:\/\/triumph4all.dk\/wp-content\/uploads\/2022\/09\/DSC00932-768x433.jpg 768w, https:\/\/triumph4all.dk\/wp-content\/uploads\/2022\/09\/DSC00932-1536x866.jpg 1536w, https:\/\/triumph4all.dk\/wp-content\/uploads\/2022\/09\/DSC00932-2048x1154.jpg 2048w, https:\/\/triumph4all.dk\/wp-content\/uploads\/2022\/09\/DSC00932-scaled-800x450.jpg 800w, https:\/\/triumph4all.dk\/wp-content\/uploads\/2022\/09\/DSC00932-scaled-620x349.jpg 620w, https:\/\/triumph4all.dk\/wp-content\/uploads\/2022\/09\/DSC00932-scaled-400x225.jpg 400w\" sizes=\"auto, (max-width: 1024px) 100vw, 1024px\" \/><\/figure>\n<\/div>\n\n\n<p>F\u00f8leren bruges til visning af hvor varmt k\u00f8levandet er inde p\u00e5 et instrument inde i bilen her har jeg lavet en lille YouTube video af hvordan jeg har testet det. <\/p>\n\n\n\n<figure class=\"wp-block-embed aligncenter is-type-video is-provider-youtube wp-block-embed-youtube wp-embed-aspect-16-9 wp-has-aspect-ratio\"><div class=\"wp-block-embed__wrapper\">\n<div class=\"nv-iframe-embed\"><iframe loading=\"lazy\" title=\"Tr4 termostatf\u00f8ler test\" width=\"1200\" height=\"675\" src=\"https:\/\/www.youtube.com\/embed\/ECIus_OGfak?feature=oembed\" frameborder=\"0\" allow=\"accelerometer; autoplay; clipboard-write; encrypted-media; gyroscope; picture-in-picture; web-share\" allowfullscreen><\/iframe><\/div>\n<\/div><\/figure>\n\n\n\n<p>Som det kan ses i videoen falder ohm m\u00e5lingen n\u00e5r jeg varmer p\u00e5 f\u00f8leren med varmepistolen og stiger igen n\u00e5r jeg bruger k\u00f8lespray.<\/p>\n","protected":false},"excerpt":{"rendered":"<p>Termostathuset st\u00e5r nu til at f\u00e5 en tur som det kan ses p\u00e5 billedet er der 2 termostathuse med bilen ved k\u00f8b. Grunden til dette er at den som jeg regner med har v\u00e6ret brugt til bilen er defekt da den nok ikke vil lukke t\u00e6t ved pakningen se billedet s\u00e5 jeg m\u00e5 i gang&hellip;&nbsp;<a href=\"https:\/\/triumph4all.dk\/?page_id=594\" rel=\"bookmark\">L\u00e6s mere &raquo;<span class=\"screen-reader-text\">Termostathus<\/span><\/a><\/p>\n","protected":false},"author":2,"featured_media":0,"parent":0,"menu_order":0,"comment_status":"closed","ping_status":"closed","template":"","meta":{"neve_meta_sidebar":"","neve_meta_container":"","neve_meta_enable_content_width":"","neve_meta_content_width":0,"neve_meta_title_alignment":"","neve_meta_author_avatar":"","neve_post_elements_order":"","neve_meta_disable_header":"","neve_meta_disable_footer":"","neve_meta_disable_title":"","footnotes":""},"class_list":["post-594","page","type-page","status-publish","hentry"],"_links":{"self":[{"href":"https:\/\/triumph4all.dk\/index.php?rest_route=\/wp\/v2\/pages\/594","targetHints":{"allow":["GET"]}}],"collection":[{"href":"https:\/\/triumph4all.dk\/index.php?rest_route=\/wp\/v2\/pages"}],"about":[{"href":"https:\/\/triumph4all.dk\/index.php?rest_route=\/wp\/v2\/types\/page"}],"author":[{"embeddable":true,"href":"https:\/\/triumph4all.dk\/index.php?rest_route=\/wp\/v2\/users\/2"}],"replies":[{"embeddable":true,"href":"https:\/\/triumph4all.dk\/index.php?rest_route=%2Fwp%2Fv2%2Fcomments&post=594"}],"version-history":[{"count":9,"href":"https:\/\/triumph4all.dk\/index.php?rest_route=\/wp\/v2\/pages\/594\/revisions"}],"predecessor-version":[{"id":847,"href":"https:\/\/triumph4all.dk\/index.php?rest_route=\/wp\/v2\/pages\/594\/revisions\/847"}],"wp:attachment":[{"href":"https:\/\/triumph4all.dk\/index.php?rest_route=%2Fwp%2Fv2%2Fmedia&parent=594"}],"curies":[{"name":"wp","href":"https:\/\/api.w.org\/{rel}","templated":true}]}}