{"id":56,"date":"2020-07-24T18:45:21","date_gmt":"2020-07-24T18:45:21","guid":{"rendered":"http:\/\/triumph4all.dk\/?page_id=56"},"modified":"2020-09-12T20:43:50","modified_gmt":"2020-09-12T20:43:50","slug":"teknisk-info","status":"publish","type":"page","link":"https:\/\/triumph4all.dk\/?page_id=56","title":{"rendered":"Om bilen"},"content":{"rendered":"\n<p><strong>Triumph tr4<\/strong><\/p>\n\n\n\n<figure class=\"wp-block-image size-large\"><img loading=\"lazy\" decoding=\"async\" width=\"500\" height=\"334\" src=\"http:\/\/triumph4all.dk\/wp-content\/uploads\/2020\/07\/tr4-2.jpg\" alt=\"\" class=\"wp-image-125\" srcset=\"https:\/\/triumph4all.dk\/wp-content\/uploads\/2020\/07\/tr4-2.jpg 500w, https:\/\/triumph4all.dk\/wp-content\/uploads\/2020\/07\/tr4-2-300x200.jpg 300w\" sizes=\"auto, (max-width: 500px) 100vw, 500px\" \/><figcaption>Model foto l\u00e5nt fra nettet men s\u00e5dan skulle det gerne blive til sidst.<\/figcaption><\/figure>\n\n\n\n<p>2 d\u00f8rs roadster<\/p>\n\n\n\n<p>\u00c5rgang 1963 &#8211;  modellen blev bygget fra 1961-1965<\/p>\n\n\n\n<p>4 cylinder 2.138 liters motor<\/p>\n\n\n\n<p>4 gearet manuel gearkasse uden overdrive<\/p>\n\n\n\n<p>V\u00e6gt 966 kg<\/p>\n\n\n\n<p>Original farve er Spa White, r\u00f8dt l\u00e6der indtr\u00e6k og sort kaleche<\/p>\n\n\n\n<p>Tr\u00e6 instrumentbr\u00e6t<\/p>\n\n\n\n<p>15 tommer 60 egers tr\u00e5dhjul<\/p>\n","protected":false},"excerpt":{"rendered":"<p>Triumph tr4 2 d\u00f8rs roadster \u00c5rgang 1963 &#8211; modellen blev bygget fra 1961-1965 4 cylinder 2.138 liters motor 4 gearet manuel gearkasse uden overdrive V\u00e6gt 966 kg Original farve er Spa White, r\u00f8dt l\u00e6der indtr\u00e6k og sort kaleche Tr\u00e6 instrumentbr\u00e6t 15 tommer 60 egers tr\u00e5dhjul<\/p>\n","protected":false},"author":2,"featured_media":0,"parent":0,"menu_order":0,"comment_status":"closed","ping_status":"closed","template":"","meta":{"neve_meta_sidebar":"","neve_meta_container":"","neve_meta_enable_content_width":"","neve_meta_content_width":0,"neve_meta_title_alignment":"","neve_meta_author_avatar":"","neve_post_elements_order":"","neve_meta_disable_header":"","neve_meta_disable_footer":"","neve_meta_disable_title":"","footnotes":""},"class_list":["post-56","page","type-page","status-publish","hentry"],"_links":{"self":[{"href":"https:\/\/triumph4all.dk\/index.php?rest_route=\/wp\/v2\/pages\/56","targetHints":{"allow":["GET"]}}],"collection":[{"href":"https:\/\/triumph4all.dk\/index.php?rest_route=\/wp\/v2\/pages"}],"about":[{"href":"https:\/\/triumph4all.dk\/index.php?rest_route=\/wp\/v2\/types\/page"}],"author":[{"embeddable":true,"href":"https:\/\/triumph4all.dk\/index.php?rest_route=\/wp\/v2\/users\/2"}],"replies":[{"embeddable":true,"href":"https:\/\/triumph4all.dk\/index.php?rest_route=%2Fwp%2Fv2%2Fcomments&post=56"}],"version-history":[{"count":8,"href":"https:\/\/triumph4all.dk\/index.php?rest_route=\/wp\/v2\/pages\/56\/revisions"}],"predecessor-version":[{"id":211,"href":"https:\/\/triumph4all.dk\/index.php?rest_route=\/wp\/v2\/pages\/56\/revisions\/211"}],"wp:attachment":[{"href":"https:\/\/triumph4all.dk\/index.php?rest_route=%2Fwp%2Fv2%2Fmedia&parent=56"}],"curies":[{"name":"wp","href":"https:\/\/api.w.org\/{rel}","templated":true}]}}