{"id":557,"date":"2022-04-23T20:27:18","date_gmt":"2022-04-23T20:27:18","guid":{"rendered":"https:\/\/triumph4all.dk\/?page_id=557"},"modified":"2023-03-13T18:36:40","modified_gmt":"2023-03-13T18:36:40","slug":"speederpedal","status":"publish","type":"page","link":"https:\/\/triumph4all.dk\/?page_id=557","title":{"rendered":"Speederpedal"},"content":{"rendered":"\n<p>Dette er m\u00e5den n\u00e5r der er opstart p\u00e5 en ny del som skal renoveres f\u00f8rst finder jeg en tegning af den del jeg vil starte p\u00e5 dette g\u00f8res p\u00e5 nettet som ofte ved de store firmaer som s\u00e6lger dele til Triumph<\/p>\n\n\n<div class=\"wp-block-image\">\n<figure class=\"aligncenter size-full\"><img loading=\"lazy\" decoding=\"async\" width=\"570\" height=\"228\" src=\"https:\/\/triumph4all.dk\/wp-content\/uploads\/2022\/04\/GRID200267.jpg\" alt=\"\" class=\"wp-image-558\" srcset=\"https:\/\/triumph4all.dk\/wp-content\/uploads\/2022\/04\/GRID200267.jpg 570w, https:\/\/triumph4all.dk\/wp-content\/uploads\/2022\/04\/GRID200267-300x120.jpg 300w\" sizes=\"auto, (max-width: 570px) 100vw, 570px\" \/><\/figure>\n<\/div>\n\n\n<p>Nu kan jeg se hvad der skal findes frem af stumper n\u00e5r jeg s\u00e5 hen af vejen finder de fleste dele som jeg s\u00e5 samler i en plastik kasse n\u00e5r jeg s\u00e5 har det meste s\u00e5 starter jeg op p\u00e5 opgaven.<\/p>\n\n\n<div class=\"wp-block-image\">\n<figure class=\"aligncenter size-large\"><img loading=\"lazy\" decoding=\"async\" width=\"1024\" height=\"577\" src=\"https:\/\/triumph4all.dk\/wp-content\/uploads\/2022\/04\/DSC00766-1024x577.jpg\" alt=\"\" class=\"wp-image-559\" srcset=\"https:\/\/triumph4all.dk\/wp-content\/uploads\/2022\/04\/DSC00766-1024x577.jpg 1024w, https:\/\/triumph4all.dk\/wp-content\/uploads\/2022\/04\/DSC00766-300x169.jpg 300w, https:\/\/triumph4all.dk\/wp-content\/uploads\/2022\/04\/DSC00766-768x433.jpg 768w, https:\/\/triumph4all.dk\/wp-content\/uploads\/2022\/04\/DSC00766-1536x866.jpg 1536w, https:\/\/triumph4all.dk\/wp-content\/uploads\/2022\/04\/DSC00766-2048x1154.jpg 2048w\" sizes=\"auto, (max-width: 1024px) 100vw, 1024px\" \/><\/figure>\n<\/div>\n\n\n<p>Her er det som jeg pt. har fundet men der mangler s\u00e5 stadigv\u00e6k blandt andet en fjeder og nogle skruer som det ogs\u00e5 kan ses ser det ud som om at det lige stykke har f\u00e5et et kn\u00e6k dette skal ogs\u00e5 rettes op igen <\/p>\n\n\n<div class=\"wp-block-image\">\n<figure class=\"aligncenter size-large\"><img loading=\"lazy\" decoding=\"async\" width=\"1024\" height=\"577\" src=\"https:\/\/triumph4all.dk\/wp-content\/uploads\/2022\/04\/DSC00772-1024x577.jpg\" alt=\"\" class=\"wp-image-570\" srcset=\"https:\/\/triumph4all.dk\/wp-content\/uploads\/2022\/04\/DSC00772-1024x577.jpg 1024w, https:\/\/triumph4all.dk\/wp-content\/uploads\/2022\/04\/DSC00772-300x169.jpg 300w, https:\/\/triumph4all.dk\/wp-content\/uploads\/2022\/04\/DSC00772-768x433.jpg 768w, https:\/\/triumph4all.dk\/wp-content\/uploads\/2022\/04\/DSC00772-1536x866.jpg 1536w, https:\/\/triumph4all.dk\/wp-content\/uploads\/2022\/04\/DSC00772-2048x1154.jpg 2048w\" sizes=\"auto, (max-width: 1024px) 100vw, 1024px\" \/><\/figure>\n<\/div>\n\n\n<p>S\u00e5 er pedalen rettet og delene er enten sandbl\u00e6st eller rengjort s\u00e5 det n\u00e6ste er at grunde og s\u00e5 en gang maling til slut.<\/p>\n\n\n<div class=\"wp-block-image\">\n<figure class=\"aligncenter size-large\"><img loading=\"lazy\" decoding=\"async\" width=\"1024\" height=\"577\" src=\"https:\/\/triumph4all.dk\/wp-content\/uploads\/2022\/05\/DSC00876-1024x577.jpg\" alt=\"\" class=\"wp-image-689\" srcset=\"https:\/\/triumph4all.dk\/wp-content\/uploads\/2022\/05\/DSC00876-1024x577.jpg 1024w, https:\/\/triumph4all.dk\/wp-content\/uploads\/2022\/05\/DSC00876-300x169.jpg 300w, https:\/\/triumph4all.dk\/wp-content\/uploads\/2022\/05\/DSC00876-768x433.jpg 768w, https:\/\/triumph4all.dk\/wp-content\/uploads\/2022\/05\/DSC00876-1536x866.jpg 1536w, https:\/\/triumph4all.dk\/wp-content\/uploads\/2022\/05\/DSC00876-2048x1154.jpg 2048w, https:\/\/triumph4all.dk\/wp-content\/uploads\/2022\/05\/DSC00876-scaled-800x450.jpg 800w, https:\/\/triumph4all.dk\/wp-content\/uploads\/2022\/05\/DSC00876-scaled-620x349.jpg 620w, https:\/\/triumph4all.dk\/wp-content\/uploads\/2022\/05\/DSC00876-scaled-400x225.jpg 400w\" sizes=\"auto, (max-width: 1024px) 100vw, 1024px\" \/><\/figure>\n<\/div>\n\n\n<p>N\u00e5ede ikke lige at tage et billede af at de var grundet s\u00e5 her er et med sort maling p\u00e5.<\/p>\n\n\n\n<p>S\u00e5 lykkes det endelig jeg fik de dele som jeg bestilte fra et stort firma i England leveret af et fragtfirma som s\u00e5 mente at det skulle tage 8 arbejdsdage at levere en pakke til DK + de 4 dage som firmaet s\u00e5  brugte p\u00e5 at finde indholdet til pakken har tidligere ogs\u00e5 bestilt i Frankrig ogs\u00e5 fra en stor spiller p\u00e5 markedet for Triumph dele bestilte onsdag aften de sendte pakken torsdag &#8211; mandag morgen stod postnord ved hovedd\u00f8ren med min pakke s\u00e5 min n\u00e6ste pakke som er i ordre er fra Frankrig.<\/p>\n\n\n\n<p>S\u00e5dan nu er alle delene der i forhold til den \u00f8verste billede<\/p>\n\n\n<div class=\"wp-block-image\">\n<figure class=\"aligncenter size-large\"><img loading=\"lazy\" decoding=\"async\" width=\"1024\" height=\"577\" src=\"https:\/\/triumph4all.dk\/wp-content\/uploads\/2022\/06\/DSC00892-1024x577.jpg\" alt=\"\" class=\"wp-image-708\" srcset=\"https:\/\/triumph4all.dk\/wp-content\/uploads\/2022\/06\/DSC00892-1024x577.jpg 1024w, https:\/\/triumph4all.dk\/wp-content\/uploads\/2022\/06\/DSC00892-300x169.jpg 300w, https:\/\/triumph4all.dk\/wp-content\/uploads\/2022\/06\/DSC00892-768x433.jpg 768w, https:\/\/triumph4all.dk\/wp-content\/uploads\/2022\/06\/DSC00892-1536x866.jpg 1536w, https:\/\/triumph4all.dk\/wp-content\/uploads\/2022\/06\/DSC00892-2048x1154.jpg 2048w\" sizes=\"auto, (max-width: 1024px) 100vw, 1024px\" \/><\/figure>\n<\/div>\n\n\n<p>S\u00e5 er alle dele pakket ned i pose og sat fast med plaststrips for derefter at blive lagt i plastkassen sammen med de andre dele som ogs\u00e5 er lavet f\u00e6rdige klar til montering.<\/p>\n\n\n\n<figure class=\"wp-block-gallery has-nested-images columns-default is-cropped wp-block-gallery-1 is-layout-flex wp-block-gallery-is-layout-flex\">\n<figure class=\"wp-block-image size-large\"><img loading=\"lazy\" decoding=\"async\" width=\"1024\" height=\"577\" data-id=\"710\" src=\"https:\/\/triumph4all.dk\/wp-content\/uploads\/2022\/06\/DSC00895-1024x577.jpg\" alt=\"\" class=\"wp-image-710\" srcset=\"https:\/\/triumph4all.dk\/wp-content\/uploads\/2022\/06\/DSC00895-1024x577.jpg 1024w, https:\/\/triumph4all.dk\/wp-content\/uploads\/2022\/06\/DSC00895-300x169.jpg 300w, https:\/\/triumph4all.dk\/wp-content\/uploads\/2022\/06\/DSC00895-768x433.jpg 768w, https:\/\/triumph4all.dk\/wp-content\/uploads\/2022\/06\/DSC00895-1536x866.jpg 1536w, https:\/\/triumph4all.dk\/wp-content\/uploads\/2022\/06\/DSC00895-2048x1154.jpg 2048w\" sizes=\"auto, (max-width: 1024px) 100vw, 1024px\" \/><\/figure>\n\n\n\n<figure class=\"wp-block-image size-large\"><img loading=\"lazy\" decoding=\"async\" width=\"2560\" height=\"1443\" data-id=\"709\" src=\"https:\/\/triumph4all.dk\/wp-content\/uploads\/2022\/06\/DSC00901-scaled.jpg\" alt=\"\" class=\"wp-image-709\" srcset=\"https:\/\/triumph4all.dk\/wp-content\/uploads\/2022\/06\/DSC00901-scaled.jpg 2560w, https:\/\/triumph4all.dk\/wp-content\/uploads\/2022\/06\/DSC00901-300x169.jpg 300w\" sizes=\"auto, (max-width: 2560px) 100vw, 2560px\" \/><\/figure>\n<\/figure>\n","protected":false},"excerpt":{"rendered":"<p>Dette er m\u00e5den n\u00e5r der er opstart p\u00e5 en ny del som skal renoveres f\u00f8rst finder jeg en tegning af den del jeg vil starte p\u00e5 dette g\u00f8res p\u00e5 nettet som ofte ved de store firmaer som s\u00e6lger dele til Triumph Nu kan jeg se hvad der skal findes frem af stumper n\u00e5r jeg s\u00e5&hellip;&nbsp;<a href=\"https:\/\/triumph4all.dk\/?page_id=557\" rel=\"bookmark\">L\u00e6s mere &raquo;<span class=\"screen-reader-text\">Speederpedal<\/span><\/a><\/p>\n","protected":false},"author":2,"featured_media":0,"parent":0,"menu_order":0,"comment_status":"closed","ping_status":"closed","template":"","meta":{"neve_meta_sidebar":"","neve_meta_container":"","neve_meta_enable_content_width":"","neve_meta_content_width":0,"neve_meta_title_alignment":"","neve_meta_author_avatar":"","neve_post_elements_order":"","neve_meta_disable_header":"","neve_meta_disable_footer":"","neve_meta_disable_title":"","footnotes":""},"class_list":["post-557","page","type-page","status-publish","hentry"],"_links":{"self":[{"href":"https:\/\/triumph4all.dk\/index.php?rest_route=\/wp\/v2\/pages\/557","targetHints":{"allow":["GET"]}}],"collection":[{"href":"https:\/\/triumph4all.dk\/index.php?rest_route=\/wp\/v2\/pages"}],"about":[{"href":"https:\/\/triumph4all.dk\/index.php?rest_route=\/wp\/v2\/types\/page"}],"author":[{"embeddable":true,"href":"https:\/\/triumph4all.dk\/index.php?rest_route=\/wp\/v2\/users\/2"}],"replies":[{"embeddable":true,"href":"https:\/\/triumph4all.dk\/index.php?rest_route=%2Fwp%2Fv2%2Fcomments&post=557"}],"version-history":[{"count":9,"href":"https:\/\/triumph4all.dk\/index.php?rest_route=\/wp\/v2\/pages\/557\/revisions"}],"predecessor-version":[{"id":866,"href":"https:\/\/triumph4all.dk\/index.php?rest_route=\/wp\/v2\/pages\/557\/revisions\/866"}],"wp:attachment":[{"href":"https:\/\/triumph4all.dk\/index.php?rest_route=%2Fwp%2Fv2%2Fmedia&parent=557"}],"curies":[{"name":"wp","href":"https:\/\/api.w.org\/{rel}","templated":true}]}}