{"id":517,"date":"2022-03-19T19:27:59","date_gmt":"2022-03-19T19:27:59","guid":{"rendered":"https:\/\/triumph4all.dk\/?page_id=517"},"modified":"2025-02-07T17:52:39","modified_gmt":"2025-02-07T17:52:39","slug":"tandstang","status":"publish","type":"page","link":"https:\/\/triumph4all.dk\/?page_id=517","title":{"rendered":"Tandstang"},"content":{"rendered":"\n<p class=\"has-text-align-center\">Tandstangen er der arbejdet p\u00e5 fra en af de tidligere ejer da alle delene er l\u00f8snet s\u00e5 det er rimeligt nemt at komme i gang med. Gummib\u00e6lgene er fjernet og styrekuglerne skal begge skiftes.<\/p>\n\n\n\n<figure class=\"wp-block-gallery has-nested-images columns-default is-cropped wp-block-gallery-1 is-layout-flex wp-block-gallery-is-layout-flex\">\n<figure class=\"wp-block-image size-large\"><img loading=\"lazy\" decoding=\"async\" width=\"1024\" height=\"577\" data-id=\"518\" src=\"https:\/\/triumph4all.dk\/wp-content\/uploads\/2022\/03\/DSC00717-1024x577.jpg\" alt=\"\" class=\"wp-image-518\" srcset=\"https:\/\/triumph4all.dk\/wp-content\/uploads\/2022\/03\/DSC00717-1024x577.jpg 1024w, https:\/\/triumph4all.dk\/wp-content\/uploads\/2022\/03\/DSC00717-300x169.jpg 300w, https:\/\/triumph4all.dk\/wp-content\/uploads\/2022\/03\/DSC00717-768x433.jpg 768w, https:\/\/triumph4all.dk\/wp-content\/uploads\/2022\/03\/DSC00717-1536x866.jpg 1536w, https:\/\/triumph4all.dk\/wp-content\/uploads\/2022\/03\/DSC00717-2048x1154.jpg 2048w\" sizes=\"auto, (max-width: 1024px) 100vw, 1024px\" \/><\/figure>\n\n\n\n<figure class=\"wp-block-image size-large\"><img loading=\"lazy\" decoding=\"async\" width=\"1024\" height=\"577\" data-id=\"519\" src=\"https:\/\/triumph4all.dk\/wp-content\/uploads\/2022\/03\/DSC00719-1024x577.jpg\" alt=\"\" class=\"wp-image-519\" srcset=\"https:\/\/triumph4all.dk\/wp-content\/uploads\/2022\/03\/DSC00719-1024x577.jpg 1024w, https:\/\/triumph4all.dk\/wp-content\/uploads\/2022\/03\/DSC00719-300x169.jpg 300w, https:\/\/triumph4all.dk\/wp-content\/uploads\/2022\/03\/DSC00719-768x433.jpg 768w, https:\/\/triumph4all.dk\/wp-content\/uploads\/2022\/03\/DSC00719-1536x866.jpg 1536w, https:\/\/triumph4all.dk\/wp-content\/uploads\/2022\/03\/DSC00719-2048x1154.jpg 2048w\" sizes=\"auto, (max-width: 1024px) 100vw, 1024px\" \/><\/figure>\n<\/figure>\n\n\n\n<p><\/p>\n\n\n<div class=\"wp-block-image\">\n<figure class=\"aligncenter size-large\"><img loading=\"lazy\" decoding=\"async\" width=\"1024\" height=\"577\" src=\"https:\/\/triumph4all.dk\/wp-content\/uploads\/2022\/03\/DSC00715-1024x577.jpg\" alt=\"\" class=\"wp-image-520\" srcset=\"https:\/\/triumph4all.dk\/wp-content\/uploads\/2022\/03\/DSC00715-1024x577.jpg 1024w, https:\/\/triumph4all.dk\/wp-content\/uploads\/2022\/03\/DSC00715-300x169.jpg 300w, https:\/\/triumph4all.dk\/wp-content\/uploads\/2022\/03\/DSC00715-768x433.jpg 768w, https:\/\/triumph4all.dk\/wp-content\/uploads\/2022\/03\/DSC00715-1536x866.jpg 1536w, https:\/\/triumph4all.dk\/wp-content\/uploads\/2022\/03\/DSC00715-2048x1154.jpg 2048w\" sizes=\"auto, (max-width: 1024px) 100vw, 1024px\" \/><\/figure>\n<\/div>\n\n\n<p class=\"has-text-align-center\">Adskilt og som det kan ses p\u00e5 billedet er jeg i gang med at fjerne maling p\u00e5 de dele som er lavet af aluminium.<\/p>\n\n\n<div class=\"wp-block-image\">\n<figure class=\"aligncenter size-large\"><img loading=\"lazy\" decoding=\"async\" width=\"1024\" height=\"577\" src=\"https:\/\/triumph4all.dk\/wp-content\/uploads\/2022\/03\/DSC00749-1024x577.jpg\" alt=\"\" class=\"wp-image-521\" srcset=\"https:\/\/triumph4all.dk\/wp-content\/uploads\/2022\/03\/DSC00749-1024x577.jpg 1024w, https:\/\/triumph4all.dk\/wp-content\/uploads\/2022\/03\/DSC00749-300x169.jpg 300w, https:\/\/triumph4all.dk\/wp-content\/uploads\/2022\/03\/DSC00749-768x433.jpg 768w, https:\/\/triumph4all.dk\/wp-content\/uploads\/2022\/03\/DSC00749-1536x866.jpg 1536w, https:\/\/triumph4all.dk\/wp-content\/uploads\/2022\/03\/DSC00749-2048x1154.jpg 2048w\" sizes=\"auto, (max-width: 1024px) 100vw, 1024px\" \/><\/figure>\n<\/div>\n\n\n<p class=\"has-text-align-center\">S\u00e5 fik jeg renset malingen af de stykker som holder tangstangen p\u00e5 rammen overvejer pt. om ikke jeg skal bruge dem som aluminium\/sort b\u00f8jle og ikke male aluminium sort igen.<\/p>\n\n\n\n<figure class=\"wp-block-gallery has-nested-images columns-default is-cropped wp-block-gallery-2 is-layout-flex wp-block-gallery-is-layout-flex\">\n<figure class=\"wp-block-image size-large\"><img loading=\"lazy\" decoding=\"async\" width=\"1024\" height=\"577\" data-id=\"535\" src=\"https:\/\/triumph4all.dk\/wp-content\/uploads\/2022\/04\/DSC00755-1024x577.jpg\" alt=\"\" class=\"wp-image-535\" srcset=\"https:\/\/triumph4all.dk\/wp-content\/uploads\/2022\/04\/DSC00755-1024x577.jpg 1024w, https:\/\/triumph4all.dk\/wp-content\/uploads\/2022\/04\/DSC00755-300x169.jpg 300w, https:\/\/triumph4all.dk\/wp-content\/uploads\/2022\/04\/DSC00755-768x433.jpg 768w, https:\/\/triumph4all.dk\/wp-content\/uploads\/2022\/04\/DSC00755-1536x866.jpg 1536w, https:\/\/triumph4all.dk\/wp-content\/uploads\/2022\/04\/DSC00755-2048x1154.jpg 2048w\" sizes=\"auto, (max-width: 1024px) 100vw, 1024px\" \/><\/figure>\n\n\n\n<figure class=\"wp-block-image size-large\"><img loading=\"lazy\" decoding=\"async\" width=\"1024\" height=\"577\" data-id=\"575\" src=\"https:\/\/triumph4all.dk\/wp-content\/uploads\/2022\/04\/DSC00774-1024x577.jpg\" alt=\"\" class=\"wp-image-575\" srcset=\"https:\/\/triumph4all.dk\/wp-content\/uploads\/2022\/04\/DSC00774-1024x577.jpg 1024w, https:\/\/triumph4all.dk\/wp-content\/uploads\/2022\/04\/DSC00774-300x169.jpg 300w, https:\/\/triumph4all.dk\/wp-content\/uploads\/2022\/04\/DSC00774-768x433.jpg 768w, https:\/\/triumph4all.dk\/wp-content\/uploads\/2022\/04\/DSC00774-1536x866.jpg 1536w, https:\/\/triumph4all.dk\/wp-content\/uploads\/2022\/04\/DSC00774-2048x1154.jpg 2048w\" sizes=\"auto, (max-width: 1024px) 100vw, 1024px\" \/><\/figure>\n<\/figure>\n\n\n\n<p class=\"has-text-align-center\">Som n\u00e6vnt p\u00e5 en anden side har jeg endelig f\u00e5et de bestilte dele s\u00e5 jeg kan begynde at f\u00e5 samlet n\u00e5et af det som pt. har lagt stille en periode her p\u00e5 billedet under har jeg renset alt den gamle fedt af alle delene s\u00e5 jeg kan begynde at samle igen. Bem\u00e6rk at ikke alle dele er til tangstangen.<\/p>\n\n\n<div class=\"wp-block-image\">\n<figure class=\"aligncenter size-large\"><img loading=\"lazy\" decoding=\"async\" width=\"1024\" height=\"577\" src=\"https:\/\/triumph4all.dk\/wp-content\/uploads\/2022\/06\/DSC00908-1024x577.jpg\" alt=\"\" class=\"wp-image-717\" srcset=\"https:\/\/triumph4all.dk\/wp-content\/uploads\/2022\/06\/DSC00908-1024x577.jpg 1024w, https:\/\/triumph4all.dk\/wp-content\/uploads\/2022\/06\/DSC00908-300x169.jpg 300w, https:\/\/triumph4all.dk\/wp-content\/uploads\/2022\/06\/DSC00908-768x433.jpg 768w, https:\/\/triumph4all.dk\/wp-content\/uploads\/2022\/06\/DSC00908-1536x866.jpg 1536w, https:\/\/triumph4all.dk\/wp-content\/uploads\/2022\/06\/DSC00908-2048x1154.jpg 2048w\" sizes=\"auto, (max-width: 1024px) 100vw, 1024px\" \/><\/figure>\n<\/div>\n\n\n<p class=\"has-text-align-center\">Her er et billede med de bestilte dele samt de dele som jeg har f\u00e5et malet.<\/p>\n\n\n<div class=\"wp-block-image\">\n<figure class=\"aligncenter size-large\"><img loading=\"lazy\" decoding=\"async\" width=\"1024\" height=\"577\" src=\"https:\/\/triumph4all.dk\/wp-content\/uploads\/2023\/04\/DSC00983-1024x577.jpg\" alt=\"\" class=\"wp-image-906\" srcset=\"https:\/\/triumph4all.dk\/wp-content\/uploads\/2023\/04\/DSC00983-1024x577.jpg 1024w, https:\/\/triumph4all.dk\/wp-content\/uploads\/2023\/04\/DSC00983-300x169.jpg 300w, https:\/\/triumph4all.dk\/wp-content\/uploads\/2023\/04\/DSC00983-768x433.jpg 768w, https:\/\/triumph4all.dk\/wp-content\/uploads\/2023\/04\/DSC00983-1536x866.jpg 1536w, https:\/\/triumph4all.dk\/wp-content\/uploads\/2023\/04\/DSC00983-2048x1154.jpg 2048w\" sizes=\"auto, (max-width: 1024px) 100vw, 1024px\" \/><\/figure>\n<\/div>\n\n\n<p class=\"has-text-align-center\">S\u00e5 fik jeg samlet tandstangen samt justeret den ind efter v\u00e6rkstedsmanualen s\u00e5 det hele passer. Her er et par billeder af begge ender af den som viser det f\u00e6rdige resultat.<\/p>\n\n\n\n<div class=\"wp-block-columns is-layout-flex wp-container-core-columns-is-layout-9d6595d7 wp-block-columns-is-layout-flex\">\n<div class=\"wp-block-column is-layout-flow wp-block-column-is-layout-flow\" style=\"flex-basis:100%\">\n<div class=\"wp-block-columns is-layout-flex wp-container-core-columns-is-layout-9d6595d7 wp-block-columns-is-layout-flex\">\n<div class=\"wp-block-column is-layout-flow wp-block-column-is-layout-flow\">\n<figure class=\"wp-block-image size-large\"><img loading=\"lazy\" decoding=\"async\" width=\"1024\" height=\"577\" src=\"https:\/\/triumph4all.dk\/wp-content\/uploads\/2024\/06\/DSC00998-1024x577.jpg\" alt=\"\" class=\"wp-image-978\" srcset=\"https:\/\/triumph4all.dk\/wp-content\/uploads\/2024\/06\/DSC00998-1024x577.jpg 1024w, https:\/\/triumph4all.dk\/wp-content\/uploads\/2024\/06\/DSC00998-300x169.jpg 300w, https:\/\/triumph4all.dk\/wp-content\/uploads\/2024\/06\/DSC00998-768x433.jpg 768w, https:\/\/triumph4all.dk\/wp-content\/uploads\/2024\/06\/DSC00998-1536x866.jpg 1536w, https:\/\/triumph4all.dk\/wp-content\/uploads\/2024\/06\/DSC00998-2048x1154.jpg 2048w\" sizes=\"auto, (max-width: 1024px) 100vw, 1024px\" \/><\/figure>\n<\/div>\n\n\n\n<div class=\"wp-block-column is-layout-flow wp-block-column-is-layout-flow\">\n<figure class=\"wp-block-image size-large\"><img loading=\"lazy\" decoding=\"async\" width=\"1024\" height=\"577\" src=\"https:\/\/triumph4all.dk\/wp-content\/uploads\/2024\/06\/DSC01001-1024x577.jpg\" alt=\"\" class=\"wp-image-979\" srcset=\"https:\/\/triumph4all.dk\/wp-content\/uploads\/2024\/06\/DSC01001-1024x577.jpg 1024w, https:\/\/triumph4all.dk\/wp-content\/uploads\/2024\/06\/DSC01001-300x169.jpg 300w, https:\/\/triumph4all.dk\/wp-content\/uploads\/2024\/06\/DSC01001-768x433.jpg 768w, https:\/\/triumph4all.dk\/wp-content\/uploads\/2024\/06\/DSC01001-1536x866.jpg 1536w, https:\/\/triumph4all.dk\/wp-content\/uploads\/2024\/06\/DSC01001-2048x1154.jpg 2048w\" sizes=\"auto, (max-width: 1024px) 100vw, 1024px\" \/><\/figure>\n<\/div>\n<\/div>\n<\/div>\n<\/div>\n\n\n\n<p class=\"has-text-align-center\">Har k\u00f8bt de sp\u00e6ndeb\u00e5nd som efter hvad jeg kan finde ud af er de originale som blev monteret fra ny. Disse vil blive monteret p\u00e5 et senere tidspunkt pt. har jeg brugt plastik strips.<\/p>\n\n\n<div class=\"wp-block-image\">\n<figure class=\"aligncenter size-large\"><img loading=\"lazy\" decoding=\"async\" width=\"1024\" height=\"577\" src=\"https:\/\/triumph4all.dk\/wp-content\/uploads\/2025\/02\/DSC01009-1024x577.jpg\" alt=\"\" class=\"wp-image-986\" srcset=\"https:\/\/triumph4all.dk\/wp-content\/uploads\/2025\/02\/DSC01009-1024x577.jpg 1024w, https:\/\/triumph4all.dk\/wp-content\/uploads\/2025\/02\/DSC01009-300x169.jpg 300w, https:\/\/triumph4all.dk\/wp-content\/uploads\/2025\/02\/DSC01009-768x433.jpg 768w, https:\/\/triumph4all.dk\/wp-content\/uploads\/2025\/02\/DSC01009-1536x866.jpg 1536w, https:\/\/triumph4all.dk\/wp-content\/uploads\/2025\/02\/DSC01009-2048x1154.jpg 2048w\" sizes=\"auto, (max-width: 1024px) 100vw, 1024px\" \/><\/figure>\n<\/div>\n\n\n<p class=\"has-text-align-center\"><\/p>\n","protected":false},"excerpt":{"rendered":"<p>Tandstangen er der arbejdet p\u00e5 fra en af de tidligere ejer da alle delene er l\u00f8snet s\u00e5 det er rimeligt nemt at komme i gang med. Gummib\u00e6lgene er fjernet og styrekuglerne skal begge skiftes. Adskilt og som det kan ses p\u00e5 billedet er jeg i gang med at fjerne maling p\u00e5 de dele som er&hellip;&nbsp;<a href=\"https:\/\/triumph4all.dk\/?page_id=517\" rel=\"bookmark\">L\u00e6s mere &raquo;<span class=\"screen-reader-text\">Tandstang<\/span><\/a><\/p>\n","protected":false},"author":2,"featured_media":0,"parent":0,"menu_order":0,"comment_status":"closed","ping_status":"closed","template":"","meta":{"neve_meta_sidebar":"","neve_meta_container":"","neve_meta_enable_content_width":"","neve_meta_content_width":0,"neve_meta_title_alignment":"","neve_meta_author_avatar":"","neve_post_elements_order":"","neve_meta_disable_header":"","neve_meta_disable_footer":"","neve_meta_disable_title":"","footnotes":""},"class_list":["post-517","page","type-page","status-publish","hentry"],"_links":{"self":[{"href":"https:\/\/triumph4all.dk\/index.php?rest_route=\/wp\/v2\/pages\/517","targetHints":{"allow":["GET"]}}],"collection":[{"href":"https:\/\/triumph4all.dk\/index.php?rest_route=\/wp\/v2\/pages"}],"about":[{"href":"https:\/\/triumph4all.dk\/index.php?rest_route=\/wp\/v2\/types\/page"}],"author":[{"embeddable":true,"href":"https:\/\/triumph4all.dk\/index.php?rest_route=\/wp\/v2\/users\/2"}],"replies":[{"embeddable":true,"href":"https:\/\/triumph4all.dk\/index.php?rest_route=%2Fwp%2Fv2%2Fcomments&post=517"}],"version-history":[{"count":12,"href":"https:\/\/triumph4all.dk\/index.php?rest_route=\/wp\/v2\/pages\/517\/revisions"}],"predecessor-version":[{"id":988,"href":"https:\/\/triumph4all.dk\/index.php?rest_route=\/wp\/v2\/pages\/517\/revisions\/988"}],"wp:attachment":[{"href":"https:\/\/triumph4all.dk\/index.php?rest_route=%2Fwp%2Fv2%2Fmedia&parent=517"}],"curies":[{"name":"wp","href":"https:\/\/api.w.org\/{rel}","templated":true}]}}