{"id":51,"date":"2020-07-24T17:40:18","date_gmt":"2020-07-24T17:40:18","guid":{"rendered":"http:\/\/triumph4all.dk\/?page_id=51"},"modified":"2023-03-13T18:06:10","modified_gmt":"2023-03-13T18:06:10","slug":"historie","status":"publish","type":"page","link":"https:\/\/triumph4all.dk\/?page_id=51","title":{"rendered":"Historien om bilen"},"content":{"rendered":"\n<p class=\"has-text-align-left\">Den blev k\u00f8bt af mig som det man kalder et &#8220;papkasse projekt &#8221; dvs. for folk som ikke kender til dette er det at bilen er p\u00e5begyndt en restaurering men vedkommende er k\u00f8rt tr\u00e6t i opgaven og hele bilen ligger adskilt i kasser.<\/p>\n\n\n\n<p>Bilen blev indf\u00f8rt til Danmark fra California af i \u00e5ret 1987 hvor man s\u00e5 er startet op p\u00e5 at istands\u00e6tte den p\u00e5 et tidspunkt om dette var da bilen kom til landet det ved jeg ikke men det g\u00e6tter jeg p\u00e5 men ved det jo ikke med sikkerhed tiden g\u00e5r og vedkommende k\u00f8rer tr\u00e6t i det og den bliver solgt videre til ny ejer som s\u00e5 ogs\u00e5 g\u00e5r i st\u00e5 hvor mange gange den g\u00f8r det inden jeg k\u00f8ber den er jeg ikke helt klar over men der er jo g\u00e5et mange \u00e5r.<\/p>\n\n\n\n<p>Da jeg ser bilen for f\u00f8rste gang ligger den totalt adskilt intet er samlet p\u00e5 bilen og alt hvad der kan skilles ad er taget fra hinanden og det hele ligger s\u00e5 fordelt ud over det hele i en gammel stald hvor den nuv\u00e6rende ejer ville samle dem den f\u00e6rdig men han var n\u00e5et til det punkt hvor han ikke ville mere.<\/p>\n\n\n\n<p>Jeg k\u00f8ber den og f\u00e5r alle delene flyttet hjem i min garage efter at jeg er rundt i hele stalden for at finde alle de dele som der ligger der m\u00e5 nok sige at det blev til mange kasser med stumper og da dette er mit f\u00f8rste projekt var det sv\u00e6rt at bevare et overblik da intet var m\u00e6rket op.<\/p>\n\n\n\n<p>Den f\u00f8rste tid for mig er g\u00e5et med at danne sig et overblik over hvad der er og hvad er de dele s\u00e5 er til samt hvad der evt. mangler da jeg er helt klar over at der mangler dele da et projekt som har v\u00e6ret i gang i s\u00e5 mange \u00e5r og igennem flere personer helt sikkert vil mangle dele. <\/p>\n\n\n<div class=\"wp-block-image\">\n<figure class=\"aligncenter size-large\"><img loading=\"lazy\" decoding=\"async\" width=\"1024\" height=\"577\" src=\"https:\/\/triumph4all.dk\/wp-content\/uploads\/2022\/04\/DSC00038-1024x577.jpg\" alt=\"\" class=\"wp-image-566\" srcset=\"https:\/\/triumph4all.dk\/wp-content\/uploads\/2022\/04\/DSC00038-1024x577.jpg 1024w, https:\/\/triumph4all.dk\/wp-content\/uploads\/2022\/04\/DSC00038-300x169.jpg 300w, https:\/\/triumph4all.dk\/wp-content\/uploads\/2022\/04\/DSC00038-768x433.jpg 768w, https:\/\/triumph4all.dk\/wp-content\/uploads\/2022\/04\/DSC00038-1536x866.jpg 1536w, https:\/\/triumph4all.dk\/wp-content\/uploads\/2022\/04\/DSC00038-2048x1154.jpg 2048w\" sizes=\"auto, (max-width: 1024px) 100vw, 1024px\" \/><figcaption class=\"wp-element-caption\">Billede ved opstart alle fundne dele er lagt i plastik kasser og skal s\u00e5 senere sorteres.<\/figcaption><\/figure>\n<\/div>\n\n\n<p> <\/p>\n","protected":false},"excerpt":{"rendered":"<p>Den blev k\u00f8bt af mig som det man kalder et &#8220;papkasse projekt &#8221; dvs. for folk som ikke kender til dette er det at bilen er p\u00e5begyndt en restaurering men vedkommende er k\u00f8rt tr\u00e6t i opgaven og hele bilen ligger adskilt i kasser. Bilen blev indf\u00f8rt til Danmark fra California af i \u00e5ret 1987 hvor&hellip;&nbsp;<a href=\"https:\/\/triumph4all.dk\/?page_id=51\" rel=\"bookmark\">L\u00e6s mere &raquo;<span class=\"screen-reader-text\">Historien om bilen<\/span><\/a><\/p>\n","protected":false},"author":2,"featured_media":0,"parent":0,"menu_order":0,"comment_status":"closed","ping_status":"closed","template":"","meta":{"neve_meta_sidebar":"","neve_meta_container":"","neve_meta_enable_content_width":"","neve_meta_content_width":0,"neve_meta_title_alignment":"","neve_meta_author_avatar":"","neve_post_elements_order":"","neve_meta_disable_header":"","neve_meta_disable_footer":"","neve_meta_disable_title":"","footnotes":""},"class_list":["post-51","page","type-page","status-publish","hentry"],"_links":{"self":[{"href":"https:\/\/triumph4all.dk\/index.php?rest_route=\/wp\/v2\/pages\/51","targetHints":{"allow":["GET"]}}],"collection":[{"href":"https:\/\/triumph4all.dk\/index.php?rest_route=\/wp\/v2\/pages"}],"about":[{"href":"https:\/\/triumph4all.dk\/index.php?rest_route=\/wp\/v2\/types\/page"}],"author":[{"embeddable":true,"href":"https:\/\/triumph4all.dk\/index.php?rest_route=\/wp\/v2\/users\/2"}],"replies":[{"embeddable":true,"href":"https:\/\/triumph4all.dk\/index.php?rest_route=%2Fwp%2Fv2%2Fcomments&post=51"}],"version-history":[{"count":12,"href":"https:\/\/triumph4all.dk\/index.php?rest_route=\/wp\/v2\/pages\/51\/revisions"}],"predecessor-version":[{"id":836,"href":"https:\/\/triumph4all.dk\/index.php?rest_route=\/wp\/v2\/pages\/51\/revisions\/836"}],"wp:attachment":[{"href":"https:\/\/triumph4all.dk\/index.php?rest_route=%2Fwp%2Fv2%2Fmedia&parent=51"}],"curies":[{"name":"wp","href":"https:\/\/api.w.org\/{rel}","templated":true}]}}