{"id":463,"date":"2022-03-12T21:23:57","date_gmt":"2022-03-12T21:23:57","guid":{"rendered":"https:\/\/triumph4all.dk\/?page_id=463"},"modified":"2023-03-13T18:49:11","modified_gmt":"2023-03-13T18:49:11","slug":"bremsekaliber","status":"publish","type":"page","link":"https:\/\/triumph4all.dk\/?page_id=463","title":{"rendered":"Bremsekaliber"},"content":{"rendered":"\n<p>Jeg har her valgt at lave lidt om p\u00e5 hvordan jeg vil renovere disse da de som billedet viser er malet i en r\u00f8d farve og da dette jo ikke er en super hurtig sportsvogn er der efter min mening ikke ligefrem behov for at der skal v\u00e6re r\u00f8de kaliber p\u00e5.<\/p>\n\n\n\n<figure class=\"wp-block-gallery has-nested-images columns-default is-cropped wp-block-gallery-1 is-layout-flex wp-block-gallery-is-layout-flex\">\n<figure class=\"wp-block-image size-large\"><img loading=\"lazy\" decoding=\"async\" width=\"2560\" height=\"1443\" data-id=\"312\" src=\"https:\/\/triumph4all.dk\/wp-content\/uploads\/2021\/11\/DSC00420-scaled.jpg\" alt=\"\" class=\"wp-image-312\" srcset=\"https:\/\/triumph4all.dk\/wp-content\/uploads\/2021\/11\/DSC00420-scaled.jpg 2560w, https:\/\/triumph4all.dk\/wp-content\/uploads\/2021\/11\/DSC00420-300x169.jpg 300w, https:\/\/triumph4all.dk\/wp-content\/uploads\/2021\/11\/DSC00420-1024x577.jpg 1024w, https:\/\/triumph4all.dk\/wp-content\/uploads\/2021\/11\/DSC00420-768x433.jpg 768w, https:\/\/triumph4all.dk\/wp-content\/uploads\/2021\/11\/DSC00420-1536x866.jpg 1536w, https:\/\/triumph4all.dk\/wp-content\/uploads\/2021\/11\/DSC00420-2048x1154.jpg 2048w\" sizes=\"auto, (max-width: 2560px) 100vw, 2560px\" \/><\/figure>\n<\/figure>\n\n\n\n<p class=\"has-text-align-center\">S\u00e5 er de blevet sandbl\u00e6st.<\/p>\n\n\n\n<figure class=\"wp-block-gallery has-nested-images columns-default is-cropped wp-block-gallery-2 is-layout-flex wp-block-gallery-is-layout-flex\">\n<figure class=\"wp-block-image size-large\"><img loading=\"lazy\" decoding=\"async\" width=\"1024\" height=\"577\" data-id=\"466\" src=\"https:\/\/triumph4all.dk\/wp-content\/uploads\/2022\/03\/DSC00623-1024x577.jpg\" alt=\"\" class=\"wp-image-466\" srcset=\"https:\/\/triumph4all.dk\/wp-content\/uploads\/2022\/03\/DSC00623-1024x577.jpg 1024w, https:\/\/triumph4all.dk\/wp-content\/uploads\/2022\/03\/DSC00623-300x169.jpg 300w, https:\/\/triumph4all.dk\/wp-content\/uploads\/2022\/03\/DSC00623-768x433.jpg 768w, https:\/\/triumph4all.dk\/wp-content\/uploads\/2022\/03\/DSC00623-1536x866.jpg 1536w, https:\/\/triumph4all.dk\/wp-content\/uploads\/2022\/03\/DSC00623-2048x1154.jpg 2048w\" sizes=\"auto, (max-width: 1024px) 100vw, 1024px\" \/><\/figure>\n<\/figure>\n\n\n\n<p class=\"has-text-align-center\">Her er alle s\u00e5 blevet malet i en ny farve.<\/p>\n\n\n<div class=\"wp-block-image\">\n<figure class=\"aligncenter size-large\"><img loading=\"lazy\" decoding=\"async\" width=\"1024\" height=\"577\" src=\"https:\/\/triumph4all.dk\/wp-content\/uploads\/2022\/03\/DSC00676-1024x577.jpg\" alt=\"\" class=\"wp-image-467\" srcset=\"https:\/\/triumph4all.dk\/wp-content\/uploads\/2022\/03\/DSC00676-1024x577.jpg 1024w, https:\/\/triumph4all.dk\/wp-content\/uploads\/2022\/03\/DSC00676-300x169.jpg 300w, https:\/\/triumph4all.dk\/wp-content\/uploads\/2022\/03\/DSC00676-768x433.jpg 768w, https:\/\/triumph4all.dk\/wp-content\/uploads\/2022\/03\/DSC00676-1536x866.jpg 1536w, https:\/\/triumph4all.dk\/wp-content\/uploads\/2022\/03\/DSC00676-2048x1154.jpg 2048w\" sizes=\"auto, (max-width: 1024px) 100vw, 1024px\" \/><\/figure>\n<\/div>\n\n\n<p class=\"has-text-align-center\">N\u00e6ste bliver at f\u00e5 monteret de nye stempler og pakninger samt at f\u00e5 samlet delene igen.<\/p>\n\n\n<div class=\"wp-block-image\">\n<figure class=\"aligncenter size-large\"><img loading=\"lazy\" decoding=\"async\" width=\"1024\" height=\"577\" src=\"https:\/\/triumph4all.dk\/wp-content\/uploads\/2022\/03\/DSC00680-1024x577.jpg\" alt=\"\" class=\"wp-image-468\" srcset=\"https:\/\/triumph4all.dk\/wp-content\/uploads\/2022\/03\/DSC00680-1024x577.jpg 1024w, https:\/\/triumph4all.dk\/wp-content\/uploads\/2022\/03\/DSC00680-300x169.jpg 300w, https:\/\/triumph4all.dk\/wp-content\/uploads\/2022\/03\/DSC00680-768x433.jpg 768w, https:\/\/triumph4all.dk\/wp-content\/uploads\/2022\/03\/DSC00680-1536x866.jpg 1536w, https:\/\/triumph4all.dk\/wp-content\/uploads\/2022\/03\/DSC00680-2048x1154.jpg 2048w\" sizes=\"auto, (max-width: 1024px) 100vw, 1024px\" \/><\/figure>\n<\/div>\n\n\n<p class=\"has-text-align-center\">S\u00e5 lykkes det at f\u00e5 alle delene og jeg er endelig klar til samling.<\/p>\n\n\n<div class=\"wp-block-image\">\n<figure class=\"aligncenter size-large\"><img loading=\"lazy\" decoding=\"async\" width=\"1024\" height=\"577\" src=\"https:\/\/triumph4all.dk\/wp-content\/uploads\/2022\/09\/DSC00919-1024x577.jpg\" alt=\"\" class=\"wp-image-736\" srcset=\"https:\/\/triumph4all.dk\/wp-content\/uploads\/2022\/09\/DSC00919-1024x577.jpg 1024w, https:\/\/triumph4all.dk\/wp-content\/uploads\/2022\/09\/DSC00919-300x169.jpg 300w, https:\/\/triumph4all.dk\/wp-content\/uploads\/2022\/09\/DSC00919-768x433.jpg 768w, https:\/\/triumph4all.dk\/wp-content\/uploads\/2022\/09\/DSC00919-1536x866.jpg 1536w, https:\/\/triumph4all.dk\/wp-content\/uploads\/2022\/09\/DSC00919-2048x1154.jpg 2048w\" sizes=\"auto, (max-width: 1024px) 100vw, 1024px\" \/><\/figure>\n<\/div>\n\n\n<p>St\u00f8rste besv\u00e6r havde jeg med at finde den  o ring som skal ligge mellem de to dele da man \u00e5benbart ikke m\u00e5 skille dem ad men da dette var sket da jeg overtog bilen s\u00e5 var der ikke s\u00e5 mange muligheder men efter en del s\u00f8gning p\u00e5 nettet lykkes det mig at finde en side som kunne oplyse et bestillingsnummer til den manglende del. Har ogs\u00e5 for en sikkerhedsskyld k\u00f8bt nye bolte ind til samlingen af de to halvdele. <\/p>\n\n\n\n<figure class=\"wp-block-gallery has-nested-images columns-default is-cropped wp-block-gallery-3 is-layout-flex wp-block-gallery-is-layout-flex\">\n<figure class=\"wp-block-image size-large\"><img loading=\"lazy\" decoding=\"async\" width=\"1024\" height=\"577\" data-id=\"737\" src=\"https:\/\/triumph4all.dk\/wp-content\/uploads\/2022\/09\/DSC00920-1024x577.jpg\" alt=\"\" class=\"wp-image-737\" srcset=\"https:\/\/triumph4all.dk\/wp-content\/uploads\/2022\/09\/DSC00920-1024x577.jpg 1024w, https:\/\/triumph4all.dk\/wp-content\/uploads\/2022\/09\/DSC00920-300x169.jpg 300w, https:\/\/triumph4all.dk\/wp-content\/uploads\/2022\/09\/DSC00920-768x433.jpg 768w, https:\/\/triumph4all.dk\/wp-content\/uploads\/2022\/09\/DSC00920-1536x866.jpg 1536w, https:\/\/triumph4all.dk\/wp-content\/uploads\/2022\/09\/DSC00920-2048x1154.jpg 2048w\" sizes=\"auto, (max-width: 1024px) 100vw, 1024px\" \/><\/figure>\n\n\n\n<figure class=\"wp-block-image size-large\"><img loading=\"lazy\" decoding=\"async\" width=\"1024\" height=\"577\" data-id=\"738\" src=\"https:\/\/triumph4all.dk\/wp-content\/uploads\/2022\/09\/DSC00922-1024x577.jpg\" alt=\"\" class=\"wp-image-738\" srcset=\"https:\/\/triumph4all.dk\/wp-content\/uploads\/2022\/09\/DSC00922-1024x577.jpg 1024w, https:\/\/triumph4all.dk\/wp-content\/uploads\/2022\/09\/DSC00922-300x169.jpg 300w, https:\/\/triumph4all.dk\/wp-content\/uploads\/2022\/09\/DSC00922-768x433.jpg 768w, https:\/\/triumph4all.dk\/wp-content\/uploads\/2022\/09\/DSC00922-1536x866.jpg 1536w, https:\/\/triumph4all.dk\/wp-content\/uploads\/2022\/09\/DSC00922-2048x1154.jpg 2048w\" sizes=\"auto, (max-width: 1024px) 100vw, 1024px\" \/><\/figure>\n<\/figure>\n\n\n\n<p>Her ses det f\u00f8rste del som er samlet f\u00e6rdig st\u00f8rste besv\u00e6r var at f\u00e5 gummi pakningen til at ligge sig ind i de rigtige spor men efter en del pr\u00f8ven frem og tilbage har jeg fundet en m\u00e5de s\u00e5 de sidste 3 dele skulle ikke v\u00e6re det store problem.<\/p>\n\n\n<div class=\"wp-block-image\">\n<figure class=\"aligncenter size-large\"><img loading=\"lazy\" decoding=\"async\" width=\"1024\" height=\"577\" src=\"https:\/\/triumph4all.dk\/wp-content\/uploads\/2022\/09\/DSC00924-1024x577.jpg\" alt=\"\" class=\"wp-image-742\" srcset=\"https:\/\/triumph4all.dk\/wp-content\/uploads\/2022\/09\/DSC00924-1024x577.jpg 1024w, https:\/\/triumph4all.dk\/wp-content\/uploads\/2022\/09\/DSC00924-300x169.jpg 300w, https:\/\/triumph4all.dk\/wp-content\/uploads\/2022\/09\/DSC00924-768x433.jpg 768w, https:\/\/triumph4all.dk\/wp-content\/uploads\/2022\/09\/DSC00924-1536x866.jpg 1536w, https:\/\/triumph4all.dk\/wp-content\/uploads\/2022\/09\/DSC00924-2048x1154.jpg 2048w\" sizes=\"auto, (max-width: 1024px) 100vw, 1024px\" \/><\/figure>\n<\/div>\n\n\n<p class=\"has-text-align-center\">S\u00e5 blev alle pakninger monteret.<\/p>\n\n\n<div class=\"wp-block-image\">\n<figure class=\"aligncenter size-large\"><img loading=\"lazy\" decoding=\"async\" width=\"1024\" height=\"577\" src=\"https:\/\/triumph4all.dk\/wp-content\/uploads\/2022\/09\/DSC00925-1024x577.jpg\" alt=\"\" class=\"wp-image-744\" srcset=\"https:\/\/triumph4all.dk\/wp-content\/uploads\/2022\/09\/DSC00925-1024x577.jpg 1024w, https:\/\/triumph4all.dk\/wp-content\/uploads\/2022\/09\/DSC00925-300x169.jpg 300w, https:\/\/triumph4all.dk\/wp-content\/uploads\/2022\/09\/DSC00925-768x433.jpg 768w, https:\/\/triumph4all.dk\/wp-content\/uploads\/2022\/09\/DSC00925-1536x866.jpg 1536w, https:\/\/triumph4all.dk\/wp-content\/uploads\/2022\/09\/DSC00925-2048x1154.jpg 2048w, https:\/\/triumph4all.dk\/wp-content\/uploads\/2022\/09\/DSC00925-scaled-800x450.jpg 800w, https:\/\/triumph4all.dk\/wp-content\/uploads\/2022\/09\/DSC00925-scaled-620x349.jpg 620w, https:\/\/triumph4all.dk\/wp-content\/uploads\/2022\/09\/DSC00925-scaled-400x225.jpg 400w\" sizes=\"auto, (max-width: 1024px) 100vw, 1024px\" \/><\/figure>\n<\/div>\n\n\n<p>S\u00e5 blev de lavet helt f\u00e6rdige. Alle de nye bolte har jeg sp\u00e6ndt med momentn\u00f8gle 2 forskellige v\u00e6rdier en til de lille bolte et andet til de store disse v\u00e6rdier har jeg igen fundet i et triumph forum et sted p\u00e5 internettet.<\/p>\n","protected":false},"excerpt":{"rendered":"<p>Jeg har her valgt at lave lidt om p\u00e5 hvordan jeg vil renovere disse da de som billedet viser er malet i en r\u00f8d farve og da dette jo ikke er en super hurtig sportsvogn er der efter min mening ikke ligefrem behov for at der skal v\u00e6re r\u00f8de kaliber p\u00e5. S\u00e5 er de blevet&hellip;&nbsp;<a href=\"https:\/\/triumph4all.dk\/?page_id=463\" rel=\"bookmark\">L\u00e6s mere &raquo;<span class=\"screen-reader-text\">Bremsekaliber<\/span><\/a><\/p>\n","protected":false},"author":2,"featured_media":0,"parent":0,"menu_order":0,"comment_status":"closed","ping_status":"closed","template":"","meta":{"neve_meta_sidebar":"","neve_meta_container":"","neve_meta_enable_content_width":"","neve_meta_content_width":0,"neve_meta_title_alignment":"","neve_meta_author_avatar":"","neve_post_elements_order":"","neve_meta_disable_header":"","neve_meta_disable_footer":"","neve_meta_disable_title":"","footnotes":""},"class_list":["post-463","page","type-page","status-publish","hentry"],"_links":{"self":[{"href":"https:\/\/triumph4all.dk\/index.php?rest_route=\/wp\/v2\/pages\/463","targetHints":{"allow":["GET"]}}],"collection":[{"href":"https:\/\/triumph4all.dk\/index.php?rest_route=\/wp\/v2\/pages"}],"about":[{"href":"https:\/\/triumph4all.dk\/index.php?rest_route=\/wp\/v2\/types\/page"}],"author":[{"embeddable":true,"href":"https:\/\/triumph4all.dk\/index.php?rest_route=\/wp\/v2\/users\/2"}],"replies":[{"embeddable":true,"href":"https:\/\/triumph4all.dk\/index.php?rest_route=%2Fwp%2Fv2%2Fcomments&post=463"}],"version-history":[{"count":11,"href":"https:\/\/triumph4all.dk\/index.php?rest_route=\/wp\/v2\/pages\/463\/revisions"}],"predecessor-version":[{"id":872,"href":"https:\/\/triumph4all.dk\/index.php?rest_route=\/wp\/v2\/pages\/463\/revisions\/872"}],"wp:attachment":[{"href":"https:\/\/triumph4all.dk\/index.php?rest_route=%2Fwp%2Fv2%2Fmedia&parent=463"}],"curies":[{"name":"wp","href":"https:\/\/api.w.org\/{rel}","templated":true}]}}