{"id":456,"date":"2022-03-13T18:59:15","date_gmt":"2022-03-13T18:59:15","guid":{"rendered":"https:\/\/triumph4all.dk\/?page_id=456"},"modified":"2023-03-17T20:18:08","modified_gmt":"2023-03-17T20:18:08","slug":"pedaler","status":"publish","type":"page","link":"https:\/\/triumph4all.dk\/?page_id=456","title":{"rendered":"Pedaler"},"content":{"rendered":"\n<p>S\u00e5 kom turen til renovering af bremse og koblingspedalerne som det kan ses p\u00e5 koblingspedalen er gummiet slidt en del og det er ikke muligt at flytte pedalerne da det hele er rustet sammen<\/p>\n\n\n\n<figure class=\"wp-block-gallery has-nested-images columns-default is-cropped wp-block-gallery-1 is-layout-flex wp-block-gallery-is-layout-flex\">\n<figure class=\"wp-block-image size-large\"><img loading=\"lazy\" decoding=\"async\" width=\"1024\" height=\"577\" data-id=\"459\" src=\"https:\/\/triumph4all.dk\/wp-content\/uploads\/2022\/03\/DSC00665-1024x577.jpg\" alt=\"\" class=\"wp-image-459\" srcset=\"https:\/\/triumph4all.dk\/wp-content\/uploads\/2022\/03\/DSC00665-1024x577.jpg 1024w, https:\/\/triumph4all.dk\/wp-content\/uploads\/2022\/03\/DSC00665-300x169.jpg 300w, https:\/\/triumph4all.dk\/wp-content\/uploads\/2022\/03\/DSC00665-768x433.jpg 768w, https:\/\/triumph4all.dk\/wp-content\/uploads\/2022\/03\/DSC00665-1536x866.jpg 1536w, https:\/\/triumph4all.dk\/wp-content\/uploads\/2022\/03\/DSC00665-2048x1154.jpg 2048w\" sizes=\"auto, (max-width: 1024px) 100vw, 1024px\" \/><\/figure>\n\n\n\n<figure class=\"wp-block-image size-large\"><img loading=\"lazy\" decoding=\"async\" width=\"2560\" height=\"1443\" data-id=\"460\" src=\"https:\/\/triumph4all.dk\/wp-content\/uploads\/2022\/03\/DSC00668-scaled.jpg\" alt=\"\" class=\"wp-image-460\" srcset=\"https:\/\/triumph4all.dk\/wp-content\/uploads\/2022\/03\/DSC00668-scaled.jpg 2560w, https:\/\/triumph4all.dk\/wp-content\/uploads\/2022\/03\/DSC00668-300x169.jpg 300w\" sizes=\"auto, (max-width: 2560px) 100vw, 2560px\" \/><\/figure>\n<figcaption class=\"blocks-gallery-caption wp-element-caption\"><br><\/figcaption><\/figure>\n\n\n<div class=\"wp-block-image\">\n<figure class=\"aligncenter size-full\"><img loading=\"lazy\" decoding=\"async\" width=\"2560\" height=\"1443\" src=\"https:\/\/triumph4all.dk\/wp-content\/uploads\/2022\/03\/DSC00675-scaled.jpg\" alt=\"\" class=\"wp-image-458\" srcset=\"https:\/\/triumph4all.dk\/wp-content\/uploads\/2022\/03\/DSC00675-scaled.jpg 2560w, https:\/\/triumph4all.dk\/wp-content\/uploads\/2022\/03\/DSC00675-300x169.jpg 300w\" sizes=\"auto, (max-width: 2560px) 100vw, 2560px\" \/><\/figure>\n<\/div>\n\n\n<p>Er startet med at f\u00e5 det adskilt de 2 fjeder pilles af og d\u00e6kkappen skubbes ned de to trekanter l\u00f8ftes op og pinden m\u00e5tte i mit tilf\u00e6lde en tur i pressen for at f\u00e5 den ud.<\/p>\n\n\n\n<figure class=\"wp-block-gallery has-nested-images columns-default is-cropped wp-block-gallery-2 is-layout-flex wp-block-gallery-is-layout-flex\">\n<figure class=\"wp-block-image size-large\"><img loading=\"lazy\" decoding=\"async\" width=\"2560\" height=\"1443\" data-id=\"485\" src=\"https:\/\/triumph4all.dk\/wp-content\/uploads\/2022\/03\/DSC00681-scaled.jpg\" alt=\"\" class=\"wp-image-485\" srcset=\"https:\/\/triumph4all.dk\/wp-content\/uploads\/2022\/03\/DSC00681-scaled.jpg 2560w, https:\/\/triumph4all.dk\/wp-content\/uploads\/2022\/03\/DSC00681-300x169.jpg 300w\" sizes=\"auto, (max-width: 2560px) 100vw, 2560px\" \/><\/figure>\n\n\n\n<figure class=\"wp-block-image size-large\"><img loading=\"lazy\" decoding=\"async\" width=\"1024\" height=\"577\" data-id=\"484\" src=\"https:\/\/triumph4all.dk\/wp-content\/uploads\/2022\/03\/DSC00684-1024x577.jpg\" alt=\"\" class=\"wp-image-484\" srcset=\"https:\/\/triumph4all.dk\/wp-content\/uploads\/2022\/03\/DSC00684-1024x577.jpg 1024w, https:\/\/triumph4all.dk\/wp-content\/uploads\/2022\/03\/DSC00684-300x169.jpg 300w, https:\/\/triumph4all.dk\/wp-content\/uploads\/2022\/03\/DSC00684-768x433.jpg 768w, https:\/\/triumph4all.dk\/wp-content\/uploads\/2022\/03\/DSC00684-1536x866.jpg 1536w, https:\/\/triumph4all.dk\/wp-content\/uploads\/2022\/03\/DSC00684-2048x1154.jpg 2048w\" sizes=\"auto, (max-width: 1024px) 100vw, 1024px\" \/><\/figure>\n\n\n\n<figure class=\"wp-block-image size-large\"><img loading=\"lazy\" decoding=\"async\" width=\"1024\" height=\"577\" data-id=\"486\" src=\"https:\/\/triumph4all.dk\/wp-content\/uploads\/2022\/03\/DSC00685-1024x577.jpg\" alt=\"\" class=\"wp-image-486\" srcset=\"https:\/\/triumph4all.dk\/wp-content\/uploads\/2022\/03\/DSC00685-1024x577.jpg 1024w, https:\/\/triumph4all.dk\/wp-content\/uploads\/2022\/03\/DSC00685-300x169.jpg 300w, https:\/\/triumph4all.dk\/wp-content\/uploads\/2022\/03\/DSC00685-768x433.jpg 768w, https:\/\/triumph4all.dk\/wp-content\/uploads\/2022\/03\/DSC00685-1536x866.jpg 1536w, https:\/\/triumph4all.dk\/wp-content\/uploads\/2022\/03\/DSC00685-2048x1154.jpg 2048w\" sizes=\"auto, (max-width: 1024px) 100vw, 1024px\" \/><\/figure>\n<\/figure>\n\n\n\n<p>Sandbl\u00e6sning er n\u00e6ste punkt for ikke at \u00f8del\u00e6gge hullet i pedalen har jeg lavet et par skiver med en gummi pakning s\u00e5 der ikke kommer sand ind.<\/p>\n\n\n\n<figure class=\"wp-block-gallery has-nested-images columns-default is-cropped wp-block-gallery-3 is-layout-flex wp-block-gallery-is-layout-flex\">\n<figure class=\"wp-block-image size-large\"><img loading=\"lazy\" decoding=\"async\" width=\"1024\" height=\"577\" data-id=\"489\" src=\"https:\/\/triumph4all.dk\/wp-content\/uploads\/2022\/03\/DSC00687-1024x577.jpg\" alt=\"\" class=\"wp-image-489\" srcset=\"https:\/\/triumph4all.dk\/wp-content\/uploads\/2022\/03\/DSC00687-1024x577.jpg 1024w, https:\/\/triumph4all.dk\/wp-content\/uploads\/2022\/03\/DSC00687-300x169.jpg 300w, https:\/\/triumph4all.dk\/wp-content\/uploads\/2022\/03\/DSC00687-768x433.jpg 768w, https:\/\/triumph4all.dk\/wp-content\/uploads\/2022\/03\/DSC00687-1536x866.jpg 1536w, https:\/\/triumph4all.dk\/wp-content\/uploads\/2022\/03\/DSC00687-2048x1154.jpg 2048w\" sizes=\"auto, (max-width: 1024px) 100vw, 1024px\" \/><\/figure>\n\n\n\n<figure class=\"wp-block-image size-large\"><img loading=\"lazy\" decoding=\"async\" width=\"1024\" height=\"577\" data-id=\"513\" src=\"https:\/\/triumph4all.dk\/wp-content\/uploads\/2022\/03\/DSC00698-1024x577.jpg\" alt=\"\" class=\"wp-image-513\" srcset=\"https:\/\/triumph4all.dk\/wp-content\/uploads\/2022\/03\/DSC00698-1024x577.jpg 1024w, https:\/\/triumph4all.dk\/wp-content\/uploads\/2022\/03\/DSC00698-300x169.jpg 300w, https:\/\/triumph4all.dk\/wp-content\/uploads\/2022\/03\/DSC00698-768x433.jpg 768w, https:\/\/triumph4all.dk\/wp-content\/uploads\/2022\/03\/DSC00698-1536x866.jpg 1536w, https:\/\/triumph4all.dk\/wp-content\/uploads\/2022\/03\/DSC00698-2048x1154.jpg 2048w\" sizes=\"auto, (max-width: 1024px) 100vw, 1024px\" \/><\/figure>\n<\/figure>\n\n\n\n<p>Pedalerne er malet og samlet igen og klar til montering n\u00e5r den tid kommer.<\/p>\n\n\n\n<figure class=\"wp-block-gallery has-nested-images columns-default is-cropped wp-block-gallery-4 is-layout-flex wp-block-gallery-is-layout-flex\">\n<figure class=\"wp-block-image size-large\"><img loading=\"lazy\" decoding=\"async\" width=\"1024\" height=\"577\" data-id=\"511\" src=\"https:\/\/triumph4all.dk\/wp-content\/uploads\/2022\/03\/DSC00709-1024x577.jpg\" alt=\"\" class=\"wp-image-511\" srcset=\"https:\/\/triumph4all.dk\/wp-content\/uploads\/2022\/03\/DSC00709-1024x577.jpg 1024w, https:\/\/triumph4all.dk\/wp-content\/uploads\/2022\/03\/DSC00709-300x169.jpg 300w, https:\/\/triumph4all.dk\/wp-content\/uploads\/2022\/03\/DSC00709-768x433.jpg 768w, https:\/\/triumph4all.dk\/wp-content\/uploads\/2022\/03\/DSC00709-1536x866.jpg 1536w, https:\/\/triumph4all.dk\/wp-content\/uploads\/2022\/03\/DSC00709-2048x1154.jpg 2048w, https:\/\/triumph4all.dk\/wp-content\/uploads\/2022\/03\/DSC00709-scaled-800x450.jpg 800w, https:\/\/triumph4all.dk\/wp-content\/uploads\/2022\/03\/DSC00709-scaled-620x349.jpg 620w, https:\/\/triumph4all.dk\/wp-content\/uploads\/2022\/03\/DSC00709-scaled-400x225.jpg 400w\" sizes=\"auto, (max-width: 1024px) 100vw, 1024px\" \/><\/figure>\n<\/figure>\n","protected":false},"excerpt":{"rendered":"<p>S\u00e5 kom turen til renovering af bremse og koblingspedalerne som det kan ses p\u00e5 koblingspedalen er gummiet slidt en del og det er ikke muligt at flytte pedalerne da det hele er rustet sammen Er startet med at f\u00e5 det adskilt de 2 fjeder pilles af og d\u00e6kkappen skubbes ned de to trekanter l\u00f8ftes op&hellip;&nbsp;<a href=\"https:\/\/triumph4all.dk\/?page_id=456\" rel=\"bookmark\">L\u00e6s mere &raquo;<span class=\"screen-reader-text\">Pedaler<\/span><\/a><\/p>\n","protected":false},"author":2,"featured_media":0,"parent":0,"menu_order":0,"comment_status":"closed","ping_status":"closed","template":"","meta":{"neve_meta_sidebar":"","neve_meta_container":"","neve_meta_enable_content_width":"","neve_meta_content_width":0,"neve_meta_title_alignment":"","neve_meta_author_avatar":"","neve_post_elements_order":"","neve_meta_disable_header":"","neve_meta_disable_footer":"","neve_meta_disable_title":"","footnotes":""},"class_list":["post-456","page","type-page","status-publish","hentry"],"_links":{"self":[{"href":"https:\/\/triumph4all.dk\/index.php?rest_route=\/wp\/v2\/pages\/456","targetHints":{"allow":["GET"]}}],"collection":[{"href":"https:\/\/triumph4all.dk\/index.php?rest_route=\/wp\/v2\/pages"}],"about":[{"href":"https:\/\/triumph4all.dk\/index.php?rest_route=\/wp\/v2\/types\/page"}],"author":[{"embeddable":true,"href":"https:\/\/triumph4all.dk\/index.php?rest_route=\/wp\/v2\/users\/2"}],"replies":[{"embeddable":true,"href":"https:\/\/triumph4all.dk\/index.php?rest_route=%2Fwp%2Fv2%2Fcomments&post=456"}],"version-history":[{"count":10,"href":"https:\/\/triumph4all.dk\/index.php?rest_route=\/wp\/v2\/pages\/456\/revisions"}],"predecessor-version":[{"id":896,"href":"https:\/\/triumph4all.dk\/index.php?rest_route=\/wp\/v2\/pages\/456\/revisions\/896"}],"wp:attachment":[{"href":"https:\/\/triumph4all.dk\/index.php?rest_route=%2Fwp%2Fv2%2Fmedia&parent=456"}],"curies":[{"name":"wp","href":"https:\/\/api.w.org\/{rel}","templated":true}]}}