{"id":415,"date":"2022-03-05T18:32:09","date_gmt":"2022-03-05T18:32:09","guid":{"rendered":"https:\/\/triumph4all.dk\/?page_id=415"},"modified":"2023-03-13T18:34:49","modified_gmt":"2023-03-13T18:34:49","slug":"kobling-og-bremse-cylinder","status":"publish","type":"page","link":"https:\/\/triumph4all.dk\/?page_id=415","title":{"rendered":"Kobling og bremse cylinder"},"content":{"rendered":"<div class=\"wp-block-image\">\n<figure class=\"aligncenter size-large\"><img loading=\"lazy\" decoding=\"async\" width=\"1024\" height=\"577\" src=\"https:\/\/triumph4all.dk\/wp-content\/uploads\/2022\/03\/DSC00575-1024x577.jpg\" alt=\"\" class=\"wp-image-416\" srcset=\"https:\/\/triumph4all.dk\/wp-content\/uploads\/2022\/03\/DSC00575-1024x577.jpg 1024w, https:\/\/triumph4all.dk\/wp-content\/uploads\/2022\/03\/DSC00575-300x169.jpg 300w, https:\/\/triumph4all.dk\/wp-content\/uploads\/2022\/03\/DSC00575-768x433.jpg 768w, https:\/\/triumph4all.dk\/wp-content\/uploads\/2022\/03\/DSC00575-1536x866.jpg 1536w, https:\/\/triumph4all.dk\/wp-content\/uploads\/2022\/03\/DSC00575-2048x1154.jpg 2048w\" sizes=\"auto, (max-width: 1024px) 100vw, 1024px\" \/><\/figure>\n<\/div>\n\n\n<p>Nu er det blevet denne kobling og bremse cylinder som skal ordnes til dette er der indk\u00f8bt nye pakninger og to nye l\u00e5g da de som sidder p\u00e5 ikke er s\u00e5 p\u00e6ne mere.<\/p>\n\n\n\n<figure class=\"wp-block-gallery has-nested-images columns-default is-cropped wp-block-gallery-1 is-layout-flex wp-block-gallery-is-layout-flex\">\n<figure class=\"wp-block-image size-large\"><img loading=\"lazy\" decoding=\"async\" width=\"1024\" height=\"577\" data-id=\"417\" src=\"https:\/\/triumph4all.dk\/wp-content\/uploads\/2022\/03\/DSC00599-1024x577.jpg\" alt=\"\" class=\"wp-image-417\" srcset=\"https:\/\/triumph4all.dk\/wp-content\/uploads\/2022\/03\/DSC00599-1024x577.jpg 1024w, https:\/\/triumph4all.dk\/wp-content\/uploads\/2022\/03\/DSC00599-300x169.jpg 300w, https:\/\/triumph4all.dk\/wp-content\/uploads\/2022\/03\/DSC00599-768x433.jpg 768w, https:\/\/triumph4all.dk\/wp-content\/uploads\/2022\/03\/DSC00599-1536x866.jpg 1536w, https:\/\/triumph4all.dk\/wp-content\/uploads\/2022\/03\/DSC00599-2048x1154.jpg 2048w\" sizes=\"auto, (max-width: 1024px) 100vw, 1024px\" \/><\/figure>\n\n\n\n<figure class=\"wp-block-image size-large\"><img loading=\"lazy\" decoding=\"async\" width=\"1024\" height=\"577\" data-id=\"418\" src=\"https:\/\/triumph4all.dk\/wp-content\/uploads\/2022\/03\/DSC00601-1024x577.jpg\" alt=\"\" class=\"wp-image-418\" srcset=\"https:\/\/triumph4all.dk\/wp-content\/uploads\/2022\/03\/DSC00601-1024x577.jpg 1024w, https:\/\/triumph4all.dk\/wp-content\/uploads\/2022\/03\/DSC00601-300x169.jpg 300w, https:\/\/triumph4all.dk\/wp-content\/uploads\/2022\/03\/DSC00601-768x433.jpg 768w, https:\/\/triumph4all.dk\/wp-content\/uploads\/2022\/03\/DSC00601-1536x866.jpg 1536w, https:\/\/triumph4all.dk\/wp-content\/uploads\/2022\/03\/DSC00601-2048x1154.jpg 2048w\" sizes=\"auto, (max-width: 1024px) 100vw, 1024px\" \/><\/figure>\n\n\n\n<figure class=\"wp-block-image size-large\"><img loading=\"lazy\" decoding=\"async\" width=\"2560\" height=\"1443\" data-id=\"419\" src=\"https:\/\/triumph4all.dk\/wp-content\/uploads\/2022\/03\/DSC00602-scaled.jpg\" alt=\"\" class=\"wp-image-419\" srcset=\"https:\/\/triumph4all.dk\/wp-content\/uploads\/2022\/03\/DSC00602-scaled.jpg 2560w, https:\/\/triumph4all.dk\/wp-content\/uploads\/2022\/03\/DSC00602-300x169.jpg 300w\" sizes=\"auto, (max-width: 2560px) 100vw, 2560px\" \/><\/figure>\n<\/figure>\n\n\n\n<p>Da i sikkert har set hvordan jeg renser med ultralydsrenseren viser jeg det ikke her interesseret i dette kig <a href=\"https:\/\/triumph4all.dk\/?page_id=618\" data-type=\"URL\" data-id=\"https:\/\/triumph4all.dk\/?page_id=618\">her<\/a> <\/p>\n\n\n\n<p>Her viser jeg jer bare det f\u00e6rdige resultat.<\/p>\n\n\n\n<figure class=\"wp-block-gallery has-nested-images columns-default is-cropped wp-block-gallery-2 is-layout-flex wp-block-gallery-is-layout-flex\">\n<figure class=\"wp-block-image size-large\"><img loading=\"lazy\" decoding=\"async\" width=\"2560\" height=\"1443\" data-id=\"421\" src=\"https:\/\/triumph4all.dk\/wp-content\/uploads\/2022\/03\/DSC00606-scaled.jpg\" alt=\"\" class=\"wp-image-421\" srcset=\"https:\/\/triumph4all.dk\/wp-content\/uploads\/2022\/03\/DSC00606-scaled.jpg 2560w, https:\/\/triumph4all.dk\/wp-content\/uploads\/2022\/03\/DSC00606-300x169.jpg 300w\" sizes=\"auto, (max-width: 2560px) 100vw, 2560px\" \/><\/figure>\n\n\n\n<figure class=\"wp-block-image size-large\"><img loading=\"lazy\" decoding=\"async\" width=\"1024\" height=\"577\" data-id=\"422\" src=\"https:\/\/triumph4all.dk\/wp-content\/uploads\/2022\/03\/DSC00608-1024x577.jpg\" alt=\"\" class=\"wp-image-422\" srcset=\"https:\/\/triumph4all.dk\/wp-content\/uploads\/2022\/03\/DSC00608-1024x577.jpg 1024w, https:\/\/triumph4all.dk\/wp-content\/uploads\/2022\/03\/DSC00608-300x169.jpg 300w, https:\/\/triumph4all.dk\/wp-content\/uploads\/2022\/03\/DSC00608-768x433.jpg 768w, https:\/\/triumph4all.dk\/wp-content\/uploads\/2022\/03\/DSC00608-1536x866.jpg 1536w, https:\/\/triumph4all.dk\/wp-content\/uploads\/2022\/03\/DSC00608-2048x1154.jpg 2048w\" sizes=\"auto, (max-width: 1024px) 100vw, 1024px\" \/><\/figure>\n<\/figure>\n\n\n\n<p>Startede op p\u00e5 sandbl\u00e6sning af den som de 2 cylinder er skruet p\u00e5 pr\u00f8vede hurtigt for at se om det blev en let opgave og det var nemt af f\u00e5 rent.<\/p>\n\n\n\n<figure class=\"wp-block-gallery has-nested-images columns-default is-cropped wp-block-gallery-3 is-layout-flex wp-block-gallery-is-layout-flex\">\n<figure class=\"wp-block-image size-large\"><img loading=\"lazy\" decoding=\"async\" width=\"1024\" height=\"577\" data-id=\"430\" src=\"https:\/\/triumph4all.dk\/wp-content\/uploads\/2022\/03\/DSC00617-1024x577.jpg\" alt=\"\" class=\"wp-image-430\" srcset=\"https:\/\/triumph4all.dk\/wp-content\/uploads\/2022\/03\/DSC00617-1024x577.jpg 1024w, https:\/\/triumph4all.dk\/wp-content\/uploads\/2022\/03\/DSC00617-300x169.jpg 300w, https:\/\/triumph4all.dk\/wp-content\/uploads\/2022\/03\/DSC00617-768x433.jpg 768w, https:\/\/triumph4all.dk\/wp-content\/uploads\/2022\/03\/DSC00617-1536x866.jpg 1536w, https:\/\/triumph4all.dk\/wp-content\/uploads\/2022\/03\/DSC00617-2048x1154.jpg 2048w\" sizes=\"auto, (max-width: 1024px) 100vw, 1024px\" \/><\/figure>\n\n\n\n<figure class=\"wp-block-image size-large\"><img loading=\"lazy\" decoding=\"async\" width=\"1024\" height=\"577\" data-id=\"431\" src=\"https:\/\/triumph4all.dk\/wp-content\/uploads\/2022\/03\/DSC00618-1024x577.jpg\" alt=\"\" class=\"wp-image-431\" srcset=\"https:\/\/triumph4all.dk\/wp-content\/uploads\/2022\/03\/DSC00618-1024x577.jpg 1024w, https:\/\/triumph4all.dk\/wp-content\/uploads\/2022\/03\/DSC00618-300x169.jpg 300w, https:\/\/triumph4all.dk\/wp-content\/uploads\/2022\/03\/DSC00618-768x433.jpg 768w, https:\/\/triumph4all.dk\/wp-content\/uploads\/2022\/03\/DSC00618-1536x866.jpg 1536w, https:\/\/triumph4all.dk\/wp-content\/uploads\/2022\/03\/DSC00618-2048x1154.jpg 2048w\" sizes=\"auto, (max-width: 1024px) 100vw, 1024px\" \/><\/figure>\n<\/figure>\n\n\n\n<p>F\u00f8r og efter sandbl\u00e6sning.<\/p>\n\n\n\n<figure class=\"wp-block-gallery has-nested-images columns-default is-cropped wp-block-gallery-4 is-layout-flex wp-block-gallery-is-layout-flex\">\n<figure class=\"wp-block-image size-large\"><img loading=\"lazy\" decoding=\"async\" width=\"2560\" height=\"1443\" data-id=\"432\" src=\"https:\/\/triumph4all.dk\/wp-content\/uploads\/2022\/03\/DSC00619-scaled.jpg\" alt=\"\" class=\"wp-image-432\" srcset=\"https:\/\/triumph4all.dk\/wp-content\/uploads\/2022\/03\/DSC00619-scaled.jpg 2560w, https:\/\/triumph4all.dk\/wp-content\/uploads\/2022\/03\/DSC00619-300x169.jpg 300w, https:\/\/triumph4all.dk\/wp-content\/uploads\/2022\/03\/DSC00619-1024x577.jpg 1024w, https:\/\/triumph4all.dk\/wp-content\/uploads\/2022\/03\/DSC00619-768x433.jpg 768w, https:\/\/triumph4all.dk\/wp-content\/uploads\/2022\/03\/DSC00619-1536x866.jpg 1536w, https:\/\/triumph4all.dk\/wp-content\/uploads\/2022\/03\/DSC00619-2048x1154.jpg 2048w\" sizes=\"auto, (max-width: 2560px) 100vw, 2560px\" \/><\/figure>\n\n\n\n<figure class=\"wp-block-image size-large\"><img loading=\"lazy\" decoding=\"async\" width=\"1024\" height=\"577\" data-id=\"433\" src=\"https:\/\/triumph4all.dk\/wp-content\/uploads\/2022\/03\/DSC00620-1024x577.jpg\" alt=\"\" class=\"wp-image-433\" srcset=\"https:\/\/triumph4all.dk\/wp-content\/uploads\/2022\/03\/DSC00620-1024x577.jpg 1024w, https:\/\/triumph4all.dk\/wp-content\/uploads\/2022\/03\/DSC00620-300x169.jpg 300w, https:\/\/triumph4all.dk\/wp-content\/uploads\/2022\/03\/DSC00620-768x433.jpg 768w, https:\/\/triumph4all.dk\/wp-content\/uploads\/2022\/03\/DSC00620-1536x866.jpg 1536w, https:\/\/triumph4all.dk\/wp-content\/uploads\/2022\/03\/DSC00620-2048x1154.jpg 2048w\" sizes=\"auto, (max-width: 1024px) 100vw, 1024px\" \/><\/figure>\n<\/figure>\n\n\n\n<p>Klar til maling og efter en gang 2K grunder overvejer jeg hvilken farve jeg vil male men tror jeg v\u00e6lger sort. <\/p>\n\n\n\n<figure class=\"wp-block-gallery has-nested-images columns-default is-cropped wp-block-gallery-5 is-layout-flex wp-block-gallery-is-layout-flex\">\n<figure class=\"wp-block-image size-large\"><img loading=\"lazy\" decoding=\"async\" width=\"1024\" height=\"577\" data-id=\"438\" src=\"https:\/\/triumph4all.dk\/wp-content\/uploads\/2022\/03\/DSC00625-1024x577.jpg\" alt=\"\" class=\"wp-image-438\" srcset=\"https:\/\/triumph4all.dk\/wp-content\/uploads\/2022\/03\/DSC00625-1024x577.jpg 1024w, https:\/\/triumph4all.dk\/wp-content\/uploads\/2022\/03\/DSC00625-300x169.jpg 300w, https:\/\/triumph4all.dk\/wp-content\/uploads\/2022\/03\/DSC00625-768x433.jpg 768w, https:\/\/triumph4all.dk\/wp-content\/uploads\/2022\/03\/DSC00625-1536x866.jpg 1536w, https:\/\/triumph4all.dk\/wp-content\/uploads\/2022\/03\/DSC00625-2048x1154.jpg 2048w\" sizes=\"auto, (max-width: 1024px) 100vw, 1024px\" \/><\/figure>\n\n\n\n<figure class=\"wp-block-image size-large\"><img loading=\"lazy\" decoding=\"async\" width=\"1024\" height=\"577\" data-id=\"437\" src=\"https:\/\/triumph4all.dk\/wp-content\/uploads\/2022\/03\/DSC00631-1024x577.jpg\" alt=\"\" class=\"wp-image-437\" srcset=\"https:\/\/triumph4all.dk\/wp-content\/uploads\/2022\/03\/DSC00631-1024x577.jpg 1024w, https:\/\/triumph4all.dk\/wp-content\/uploads\/2022\/03\/DSC00631-300x169.jpg 300w, https:\/\/triumph4all.dk\/wp-content\/uploads\/2022\/03\/DSC00631-768x433.jpg 768w, https:\/\/triumph4all.dk\/wp-content\/uploads\/2022\/03\/DSC00631-1536x866.jpg 1536w, https:\/\/triumph4all.dk\/wp-content\/uploads\/2022\/03\/DSC00631-2048x1154.jpg 2048w\" sizes=\"auto, (max-width: 1024px) 100vw, 1024px\" \/><\/figure>\n<\/figure>\n\n\n\n<p>S\u00e5 fik jeg ordnet koblingscylinderen skiftet alle pakninger monteret det nye l\u00e5g samt poleret armen s\u00e5 godt det var muligt men det er da blevet bedre sammenlig den nu med billedet \u00f8verst. <\/p>\n\n\n\n<figure class=\"wp-block-gallery has-nested-images columns-default is-cropped wp-block-gallery-6 is-layout-flex wp-block-gallery-is-layout-flex\">\n<figure class=\"wp-block-image size-large\"><img loading=\"lazy\" decoding=\"async\" width=\"1024\" height=\"577\" data-id=\"445\" src=\"https:\/\/triumph4all.dk\/wp-content\/uploads\/2022\/03\/DSC00635-1024x577.jpg\" alt=\"\" class=\"wp-image-445\" srcset=\"https:\/\/triumph4all.dk\/wp-content\/uploads\/2022\/03\/DSC00635-1024x577.jpg 1024w, https:\/\/triumph4all.dk\/wp-content\/uploads\/2022\/03\/DSC00635-300x169.jpg 300w, https:\/\/triumph4all.dk\/wp-content\/uploads\/2022\/03\/DSC00635-768x433.jpg 768w, https:\/\/triumph4all.dk\/wp-content\/uploads\/2022\/03\/DSC00635-1536x866.jpg 1536w, https:\/\/triumph4all.dk\/wp-content\/uploads\/2022\/03\/DSC00635-2048x1154.jpg 2048w\" sizes=\"auto, (max-width: 1024px) 100vw, 1024px\" \/><\/figure>\n\n\n\n<figure class=\"wp-block-image size-large\"><img loading=\"lazy\" decoding=\"async\" width=\"1024\" height=\"577\" data-id=\"446\" src=\"https:\/\/triumph4all.dk\/wp-content\/uploads\/2022\/03\/DSC00643-1024x577.jpg\" alt=\"\" class=\"wp-image-446\" srcset=\"https:\/\/triumph4all.dk\/wp-content\/uploads\/2022\/03\/DSC00643-1024x577.jpg 1024w, https:\/\/triumph4all.dk\/wp-content\/uploads\/2022\/03\/DSC00643-300x169.jpg 300w, https:\/\/triumph4all.dk\/wp-content\/uploads\/2022\/03\/DSC00643-768x433.jpg 768w, https:\/\/triumph4all.dk\/wp-content\/uploads\/2022\/03\/DSC00643-1536x866.jpg 1536w, https:\/\/triumph4all.dk\/wp-content\/uploads\/2022\/03\/DSC00643-2048x1154.jpg 2048w\" sizes=\"auto, (max-width: 1024px) 100vw, 1024px\" \/><figcaption class=\"wp-element-caption\">Har sat en \u00f8reprop i for at beskytte pakningerne<\/figcaption><\/figure>\n<\/figure>\n\n\n\n<p>S\u00e5 blev bremsecylinderen samlet og er klar til den skal monteres.<\/p>\n\n\n\n<figure class=\"wp-block-gallery has-nested-images columns-default is-cropped wp-block-gallery-7 is-layout-flex wp-block-gallery-is-layout-flex\">\n<figure class=\"wp-block-image size-large\"><img loading=\"lazy\" decoding=\"async\" width=\"1024\" height=\"577\" data-id=\"452\" src=\"https:\/\/triumph4all.dk\/wp-content\/uploads\/2022\/03\/DSC00656-1024x577.jpg\" alt=\"\" class=\"wp-image-452\" srcset=\"https:\/\/triumph4all.dk\/wp-content\/uploads\/2022\/03\/DSC00656-1024x577.jpg 1024w, https:\/\/triumph4all.dk\/wp-content\/uploads\/2022\/03\/DSC00656-300x169.jpg 300w, https:\/\/triumph4all.dk\/wp-content\/uploads\/2022\/03\/DSC00656-768x433.jpg 768w, https:\/\/triumph4all.dk\/wp-content\/uploads\/2022\/03\/DSC00656-1536x866.jpg 1536w, https:\/\/triumph4all.dk\/wp-content\/uploads\/2022\/03\/DSC00656-2048x1154.jpg 2048w\" sizes=\"auto, (max-width: 1024px) 100vw, 1024px\" \/><\/figure>\n\n\n\n<figure class=\"wp-block-image size-large\"><img loading=\"lazy\" decoding=\"async\" width=\"1024\" height=\"577\" data-id=\"453\" src=\"https:\/\/triumph4all.dk\/wp-content\/uploads\/2022\/03\/DSC00660-1024x577.jpg\" alt=\"\" class=\"wp-image-453\" srcset=\"https:\/\/triumph4all.dk\/wp-content\/uploads\/2022\/03\/DSC00660-1024x577.jpg 1024w, https:\/\/triumph4all.dk\/wp-content\/uploads\/2022\/03\/DSC00660-300x169.jpg 300w, https:\/\/triumph4all.dk\/wp-content\/uploads\/2022\/03\/DSC00660-768x433.jpg 768w, https:\/\/triumph4all.dk\/wp-content\/uploads\/2022\/03\/DSC00660-1536x866.jpg 1536w, https:\/\/triumph4all.dk\/wp-content\/uploads\/2022\/03\/DSC00660-2048x1154.jpg 2048w\" sizes=\"auto, (max-width: 1024px) 100vw, 1024px\" \/><\/figure>\n<\/figure>\n\n\n\n<p>S\u00e5 fik jeg bestemt farven og det blev til sort s\u00e5 her er alt igen samlet ogs\u00e5 her en stor forskel fra det billede \u00f8verst.<\/p>\n\n\n<div class=\"wp-block-image\">\n<figure class=\"aligncenter size-large\"><img loading=\"lazy\" decoding=\"async\" width=\"1024\" height=\"577\" src=\"https:\/\/triumph4all.dk\/wp-content\/uploads\/2022\/04\/DSC00764-1024x577.jpg\" alt=\"\" class=\"wp-image-555\" srcset=\"https:\/\/triumph4all.dk\/wp-content\/uploads\/2022\/04\/DSC00764-1024x577.jpg 1024w, https:\/\/triumph4all.dk\/wp-content\/uploads\/2022\/04\/DSC00764-300x169.jpg 300w, https:\/\/triumph4all.dk\/wp-content\/uploads\/2022\/04\/DSC00764-768x433.jpg 768w, https:\/\/triumph4all.dk\/wp-content\/uploads\/2022\/04\/DSC00764-1536x866.jpg 1536w, https:\/\/triumph4all.dk\/wp-content\/uploads\/2022\/04\/DSC00764-2048x1154.jpg 2048w, https:\/\/triumph4all.dk\/wp-content\/uploads\/2022\/04\/DSC00764-scaled-800x450.jpg 800w, https:\/\/triumph4all.dk\/wp-content\/uploads\/2022\/04\/DSC00764-scaled-620x349.jpg 620w, https:\/\/triumph4all.dk\/wp-content\/uploads\/2022\/04\/DSC00764-scaled-400x225.jpg 400w\" sizes=\"auto, (max-width: 1024px) 100vw, 1024px\" \/><\/figure>\n<\/div>","protected":false},"excerpt":{"rendered":"<p>Nu er det blevet denne kobling og bremse cylinder som skal ordnes til dette er der indk\u00f8bt nye pakninger og to nye l\u00e5g da de som sidder p\u00e5 ikke er s\u00e5 p\u00e6ne mere. Da i sikkert har set hvordan jeg renser med ultralydsrenseren viser jeg det ikke her interesseret i dette kig her Her viser&hellip;&nbsp;<a href=\"https:\/\/triumph4all.dk\/?page_id=415\" rel=\"bookmark\">L\u00e6s mere &raquo;<span class=\"screen-reader-text\">Kobling og bremse cylinder<\/span><\/a><\/p>\n","protected":false},"author":2,"featured_media":0,"parent":0,"menu_order":0,"comment_status":"closed","ping_status":"closed","template":"","meta":{"neve_meta_sidebar":"","neve_meta_container":"","neve_meta_enable_content_width":"","neve_meta_content_width":0,"neve_meta_title_alignment":"","neve_meta_author_avatar":"","neve_post_elements_order":"","neve_meta_disable_header":"","neve_meta_disable_footer":"","neve_meta_disable_title":"","footnotes":""},"class_list":["post-415","page","type-page","status-publish","hentry"],"_links":{"self":[{"href":"https:\/\/triumph4all.dk\/index.php?rest_route=\/wp\/v2\/pages\/415","targetHints":{"allow":["GET"]}}],"collection":[{"href":"https:\/\/triumph4all.dk\/index.php?rest_route=\/wp\/v2\/pages"}],"about":[{"href":"https:\/\/triumph4all.dk\/index.php?rest_route=\/wp\/v2\/types\/page"}],"author":[{"embeddable":true,"href":"https:\/\/triumph4all.dk\/index.php?rest_route=\/wp\/v2\/users\/2"}],"replies":[{"embeddable":true,"href":"https:\/\/triumph4all.dk\/index.php?rest_route=%2Fwp%2Fv2%2Fcomments&post=415"}],"version-history":[{"count":12,"href":"https:\/\/triumph4all.dk\/index.php?rest_route=\/wp\/v2\/pages\/415\/revisions"}],"predecessor-version":[{"id":864,"href":"https:\/\/triumph4all.dk\/index.php?rest_route=\/wp\/v2\/pages\/415\/revisions\/864"}],"wp:attachment":[{"href":"https:\/\/triumph4all.dk\/index.php?rest_route=%2Fwp%2Fv2%2Fmedia&parent=415"}],"curies":[{"name":"wp","href":"https:\/\/api.w.org\/{rel}","templated":true}]}}