{"id":383,"date":"2022-03-01T20:10:51","date_gmt":"2022-03-01T20:10:51","guid":{"rendered":"https:\/\/triumph4all.dk\/?page_id=383"},"modified":"2023-03-13T18:17:33","modified_gmt":"2023-03-13T18:17:33","slug":"benzinpumpe","status":"publish","type":"page","link":"https:\/\/triumph4all.dk\/?page_id=383","title":{"rendered":"Benzinpumpe"},"content":{"rendered":"\n<p>S\u00e5 blev det tid til at kigge p\u00e5 benzinpumpen den m\u00e5 jeg nok sige ser temmelig kedelig ud men m\u00e5 se om jeg ikke kan f\u00e5 n\u00e5et brugbart ud at det.<\/p>\n\n\n\n<figure class=\"wp-block-gallery has-nested-images columns-default is-cropped wp-block-gallery-1 is-layout-flex wp-block-gallery-is-layout-flex\">\n<figure class=\"wp-block-image size-large\"><img loading=\"lazy\" decoding=\"async\" width=\"1024\" height=\"577\" data-id=\"386\" src=\"https:\/\/triumph4all.dk\/wp-content\/uploads\/2022\/02\/DSC00493-1024x577.jpg\" alt=\"\" class=\"wp-image-386\" srcset=\"https:\/\/triumph4all.dk\/wp-content\/uploads\/2022\/02\/DSC00493-1024x577.jpg 1024w, https:\/\/triumph4all.dk\/wp-content\/uploads\/2022\/02\/DSC00493-300x169.jpg 300w, https:\/\/triumph4all.dk\/wp-content\/uploads\/2022\/02\/DSC00493-768x433.jpg 768w, https:\/\/triumph4all.dk\/wp-content\/uploads\/2022\/02\/DSC00493-1536x866.jpg 1536w, https:\/\/triumph4all.dk\/wp-content\/uploads\/2022\/02\/DSC00493-2048x1154.jpg 2048w\" sizes=\"auto, (max-width: 1024px) 100vw, 1024px\" \/><\/figure>\n\n\n\n<figure class=\"wp-block-image size-large\"><img loading=\"lazy\" decoding=\"async\" width=\"1024\" height=\"577\" data-id=\"387\" src=\"https:\/\/triumph4all.dk\/wp-content\/uploads\/2022\/02\/DSC00489-1024x577.jpg\" alt=\"\" class=\"wp-image-387\" srcset=\"https:\/\/triumph4all.dk\/wp-content\/uploads\/2022\/02\/DSC00489-1024x577.jpg 1024w, https:\/\/triumph4all.dk\/wp-content\/uploads\/2022\/02\/DSC00489-300x169.jpg 300w, https:\/\/triumph4all.dk\/wp-content\/uploads\/2022\/02\/DSC00489-768x433.jpg 768w, https:\/\/triumph4all.dk\/wp-content\/uploads\/2022\/02\/DSC00489-1536x866.jpg 1536w, https:\/\/triumph4all.dk\/wp-content\/uploads\/2022\/02\/DSC00489-2048x1154.jpg 2048w\" sizes=\"auto, (max-width: 1024px) 100vw, 1024px\" \/><\/figure>\n\n\n\n<figure class=\"wp-block-image size-large\"><img loading=\"lazy\" decoding=\"async\" width=\"2560\" height=\"1443\" data-id=\"385\" src=\"https:\/\/triumph4all.dk\/wp-content\/uploads\/2022\/02\/DSC00494-scaled.jpg\" alt=\"\" class=\"wp-image-385\" srcset=\"https:\/\/triumph4all.dk\/wp-content\/uploads\/2022\/02\/DSC00494-scaled.jpg 2560w, https:\/\/triumph4all.dk\/wp-content\/uploads\/2022\/02\/DSC00494-300x169.jpg 300w\" sizes=\"auto, (max-width: 2560px) 100vw, 2560px\" \/><\/figure>\n\n\n\n<figure class=\"wp-block-image size-large\"><img loading=\"lazy\" decoding=\"async\" width=\"2560\" height=\"1443\" data-id=\"384\" src=\"https:\/\/triumph4all.dk\/wp-content\/uploads\/2022\/02\/DSC00497-scaled.jpg\" alt=\"\" class=\"wp-image-384\" srcset=\"https:\/\/triumph4all.dk\/wp-content\/uploads\/2022\/02\/DSC00497-scaled.jpg 2560w, https:\/\/triumph4all.dk\/wp-content\/uploads\/2022\/02\/DSC00497-300x169.jpg 300w\" sizes=\"auto, (max-width: 2560px) 100vw, 2560px\" \/><\/figure>\n<\/figure>\n\n\n\n<p>Starter med at f\u00e5 pumpen adskilt s\u00e5 jeg kan se hvordan den ser ud indvendigt heldigvis var der ingen problemer med at f\u00e5 skruerne ud p\u00e5 trods af at de s\u00e5 mishandlet ud<\/p>\n\n\n\n<figure class=\"wp-block-gallery has-nested-images columns-default is-cropped wp-block-gallery-2 is-layout-flex wp-block-gallery-is-layout-flex\">\n<figure class=\"wp-block-image size-large\"><img loading=\"lazy\" decoding=\"async\" width=\"2560\" height=\"1443\" data-id=\"388\" src=\"https:\/\/triumph4all.dk\/wp-content\/uploads\/2022\/02\/DSC00509-scaled.jpg\" alt=\"\" class=\"wp-image-388\" srcset=\"https:\/\/triumph4all.dk\/wp-content\/uploads\/2022\/02\/DSC00509-scaled.jpg 2560w, https:\/\/triumph4all.dk\/wp-content\/uploads\/2022\/02\/DSC00509-300x169.jpg 300w\" sizes=\"auto, (max-width: 2560px) 100vw, 2560px\" \/><\/figure>\n\n\n\n<figure class=\"wp-block-image size-large\"><img loading=\"lazy\" decoding=\"async\" width=\"1024\" height=\"577\" data-id=\"389\" src=\"https:\/\/triumph4all.dk\/wp-content\/uploads\/2022\/02\/DSC00513-1024x577.jpg\" alt=\"\" class=\"wp-image-389\" srcset=\"https:\/\/triumph4all.dk\/wp-content\/uploads\/2022\/02\/DSC00513-1024x577.jpg 1024w, https:\/\/triumph4all.dk\/wp-content\/uploads\/2022\/02\/DSC00513-300x169.jpg 300w, https:\/\/triumph4all.dk\/wp-content\/uploads\/2022\/02\/DSC00513-768x433.jpg 768w, https:\/\/triumph4all.dk\/wp-content\/uploads\/2022\/02\/DSC00513-1536x866.jpg 1536w, https:\/\/triumph4all.dk\/wp-content\/uploads\/2022\/02\/DSC00513-2048x1154.jpg 2048w\" sizes=\"auto, (max-width: 1024px) 100vw, 1024px\" \/><\/figure>\n<\/figure>\n\n\n\n<p>N\u00e5r man s\u00e5 f\u00e5r delt pumpen i 2 dele jeg brugte her til det en plastkile for ikke at \u00f8del\u00e6gge de flader som den nye pakning skal lukke t\u00e6t p\u00e5 her er det dog vigtigt at bem\u00e6rke hvordan de to membraner  sidder monteret samt at der ligger en 8 tals pakning underst.<\/p>\n\n\n\n<figure class=\"wp-block-gallery has-nested-images columns-default is-cropped wp-block-gallery-3 is-layout-flex wp-block-gallery-is-layout-flex\">\n<figure class=\"wp-block-image size-large\"><img loading=\"lazy\" decoding=\"async\" width=\"1024\" height=\"577\" data-id=\"390\" src=\"https:\/\/triumph4all.dk\/wp-content\/uploads\/2022\/02\/DSC00516-1024x577.jpg\" alt=\"\" class=\"wp-image-390\" srcset=\"https:\/\/triumph4all.dk\/wp-content\/uploads\/2022\/02\/DSC00516-1024x577.jpg 1024w, https:\/\/triumph4all.dk\/wp-content\/uploads\/2022\/02\/DSC00516-300x169.jpg 300w, https:\/\/triumph4all.dk\/wp-content\/uploads\/2022\/02\/DSC00516-768x433.jpg 768w, https:\/\/triumph4all.dk\/wp-content\/uploads\/2022\/02\/DSC00516-1536x866.jpg 1536w, https:\/\/triumph4all.dk\/wp-content\/uploads\/2022\/02\/DSC00516-2048x1154.jpg 2048w\" sizes=\"auto, (max-width: 1024px) 100vw, 1024px\" \/><\/figure>\n\n\n\n<figure class=\"wp-block-image size-large\"><img loading=\"lazy\" decoding=\"async\" width=\"1024\" height=\"577\" data-id=\"391\" src=\"https:\/\/triumph4all.dk\/wp-content\/uploads\/2022\/02\/DSC00519-1024x577.jpg\" alt=\"\" class=\"wp-image-391\" srcset=\"https:\/\/triumph4all.dk\/wp-content\/uploads\/2022\/02\/DSC00519-1024x577.jpg 1024w, https:\/\/triumph4all.dk\/wp-content\/uploads\/2022\/02\/DSC00519-300x169.jpg 300w, https:\/\/triumph4all.dk\/wp-content\/uploads\/2022\/02\/DSC00519-768x433.jpg 768w, https:\/\/triumph4all.dk\/wp-content\/uploads\/2022\/02\/DSC00519-1536x866.jpg 1536w, https:\/\/triumph4all.dk\/wp-content\/uploads\/2022\/02\/DSC00519-2048x1154.jpg 2048w\" sizes=\"auto, (max-width: 1024px) 100vw, 1024px\" \/><\/figure>\n<\/figure>\n\n\n\n<p>For at fjerne den store membran som pumper benzin drejes den 90 grader og l\u00f8ftes op hvis ikke den store fjeder der sidder under g\u00f8r det.<\/p>\n\n\n<div class=\"wp-block-image\">\n<figure class=\"aligncenter size-large\"><img loading=\"lazy\" decoding=\"async\" width=\"1024\" height=\"577\" src=\"https:\/\/triumph4all.dk\/wp-content\/uploads\/2022\/02\/DSC00522-1024x577.jpg\" alt=\"\" class=\"wp-image-393\" srcset=\"https:\/\/triumph4all.dk\/wp-content\/uploads\/2022\/02\/DSC00522-1024x577.jpg 1024w, https:\/\/triumph4all.dk\/wp-content\/uploads\/2022\/02\/DSC00522-300x169.jpg 300w, https:\/\/triumph4all.dk\/wp-content\/uploads\/2022\/02\/DSC00522-768x433.jpg 768w, https:\/\/triumph4all.dk\/wp-content\/uploads\/2022\/02\/DSC00522-1536x866.jpg 1536w, https:\/\/triumph4all.dk\/wp-content\/uploads\/2022\/02\/DSC00522-2048x1154.jpg 2048w\" sizes=\"auto, (max-width: 1024px) 100vw, 1024px\" \/><\/figure>\n<\/div>\n\n\n<p>Derefter tog jeg det metal l\u00e5g og som sidder i midten af huset for at komme til den pakning som ligger under.<\/p>\n\n\n\n<figure class=\"wp-block-gallery has-nested-images columns-default is-cropped wp-block-gallery-4 is-layout-flex wp-block-gallery-is-layout-flex\">\n<figure class=\"wp-block-image size-large\"><img loading=\"lazy\" decoding=\"async\" width=\"1024\" height=\"577\" data-id=\"395\" src=\"https:\/\/triumph4all.dk\/wp-content\/uploads\/2022\/02\/DSC00539-1024x577.jpg\" alt=\"\" class=\"wp-image-395\" srcset=\"https:\/\/triumph4all.dk\/wp-content\/uploads\/2022\/02\/DSC00539-1024x577.jpg 1024w, https:\/\/triumph4all.dk\/wp-content\/uploads\/2022\/02\/DSC00539-300x169.jpg 300w, https:\/\/triumph4all.dk\/wp-content\/uploads\/2022\/02\/DSC00539-768x433.jpg 768w, https:\/\/triumph4all.dk\/wp-content\/uploads\/2022\/02\/DSC00539-1536x866.jpg 1536w, https:\/\/triumph4all.dk\/wp-content\/uploads\/2022\/02\/DSC00539-2048x1154.jpg 2048w\" sizes=\"auto, (max-width: 1024px) 100vw, 1024px\" \/><\/figure>\n\n\n\n<figure class=\"wp-block-image size-large\"><img loading=\"lazy\" decoding=\"async\" width=\"1024\" height=\"577\" data-id=\"396\" src=\"https:\/\/triumph4all.dk\/wp-content\/uploads\/2022\/02\/DSC00541-1024x577.jpg\" alt=\"\" class=\"wp-image-396\" srcset=\"https:\/\/triumph4all.dk\/wp-content\/uploads\/2022\/02\/DSC00541-1024x577.jpg 1024w, https:\/\/triumph4all.dk\/wp-content\/uploads\/2022\/02\/DSC00541-300x169.jpg 300w, https:\/\/triumph4all.dk\/wp-content\/uploads\/2022\/02\/DSC00541-768x433.jpg 768w, https:\/\/triumph4all.dk\/wp-content\/uploads\/2022\/02\/DSC00541-1536x866.jpg 1536w, https:\/\/triumph4all.dk\/wp-content\/uploads\/2022\/02\/DSC00541-2048x1154.jpg 2048w\" sizes=\"auto, (max-width: 1024px) 100vw, 1024px\" \/><\/figure>\n<\/figure>\n\n\n\n<p>Det sidste der er at adskille er at f\u00e5 armen ud af huset her tog jeg som det f\u00f8rste fjederen som sidder udvendigt n\u00e6ste blev den lille c ring som holder den gennemg\u00e5ende pind s\u00e5 jeg kan f\u00e5 de sidste dele ud<\/p>\n\n\n\n<figure class=\"wp-block-gallery has-nested-images columns-default is-cropped wp-block-gallery-5 is-layout-flex wp-block-gallery-is-layout-flex\">\n<figure class=\"wp-block-image size-large\"><img loading=\"lazy\" decoding=\"async\" width=\"2560\" height=\"1443\" data-id=\"398\" src=\"https:\/\/triumph4all.dk\/wp-content\/uploads\/2022\/02\/DSC00531-scaled.jpg\" alt=\"\" class=\"wp-image-398\" srcset=\"https:\/\/triumph4all.dk\/wp-content\/uploads\/2022\/02\/DSC00531-scaled.jpg 2560w, https:\/\/triumph4all.dk\/wp-content\/uploads\/2022\/02\/DSC00531-300x169.jpg 300w\" sizes=\"auto, (max-width: 2560px) 100vw, 2560px\" \/><\/figure>\n\n\n\n<figure class=\"wp-block-image size-large\"><img loading=\"lazy\" decoding=\"async\" width=\"1024\" height=\"577\" data-id=\"397\" src=\"https:\/\/triumph4all.dk\/wp-content\/uploads\/2022\/02\/DSC00533-1024x577.jpg\" alt=\"\" class=\"wp-image-397\" srcset=\"https:\/\/triumph4all.dk\/wp-content\/uploads\/2022\/02\/DSC00533-1024x577.jpg 1024w, https:\/\/triumph4all.dk\/wp-content\/uploads\/2022\/02\/DSC00533-300x169.jpg 300w, https:\/\/triumph4all.dk\/wp-content\/uploads\/2022\/02\/DSC00533-768x433.jpg 768w, https:\/\/triumph4all.dk\/wp-content\/uploads\/2022\/02\/DSC00533-1536x866.jpg 1536w, https:\/\/triumph4all.dk\/wp-content\/uploads\/2022\/02\/DSC00533-2048x1154.jpg 2048w\" sizes=\"auto, (max-width: 1024px) 100vw, 1024px\" \/><\/figure>\n\n\n\n<figure class=\"wp-block-image size-large\"><img loading=\"lazy\" decoding=\"async\" width=\"1024\" height=\"577\" data-id=\"399\" src=\"https:\/\/triumph4all.dk\/wp-content\/uploads\/2022\/02\/DSC00535-1024x577.jpg\" alt=\"\" class=\"wp-image-399\" srcset=\"https:\/\/triumph4all.dk\/wp-content\/uploads\/2022\/02\/DSC00535-1024x577.jpg 1024w, https:\/\/triumph4all.dk\/wp-content\/uploads\/2022\/02\/DSC00535-300x169.jpg 300w, https:\/\/triumph4all.dk\/wp-content\/uploads\/2022\/02\/DSC00535-768x433.jpg 768w, https:\/\/triumph4all.dk\/wp-content\/uploads\/2022\/02\/DSC00535-1536x866.jpg 1536w, https:\/\/triumph4all.dk\/wp-content\/uploads\/2022\/02\/DSC00535-2048x1154.jpg 2048w\" sizes=\"auto, (max-width: 1024px) 100vw, 1024px\" \/><\/figure>\n<\/figure>\n\n\n\n<p>S\u00e5 blev den pumpe adskilt og klar til en gang ultralydsrensning <\/p>\n\n\n<div class=\"wp-block-image\">\n<figure class=\"aligncenter size-large\"><img loading=\"lazy\" decoding=\"async\" width=\"1024\" height=\"577\" src=\"https:\/\/triumph4all.dk\/wp-content\/uploads\/2022\/02\/DSC00549-1024x577.jpg\" alt=\"\" class=\"wp-image-400\" srcset=\"https:\/\/triumph4all.dk\/wp-content\/uploads\/2022\/02\/DSC00549-1024x577.jpg 1024w, https:\/\/triumph4all.dk\/wp-content\/uploads\/2022\/02\/DSC00549-300x169.jpg 300w, https:\/\/triumph4all.dk\/wp-content\/uploads\/2022\/02\/DSC00549-768x433.jpg 768w, https:\/\/triumph4all.dk\/wp-content\/uploads\/2022\/02\/DSC00549-1536x866.jpg 1536w, https:\/\/triumph4all.dk\/wp-content\/uploads\/2022\/02\/DSC00549-2048x1154.jpg 2048w\" sizes=\"auto, (max-width: 1024px) 100vw, 1024px\" \/><\/figure>\n<\/div>\n\n\n<p>Igen bruger jeg plastik kasse med rensev\u00e6ske i og placere kassen med l\u00e5g i karret fyldt med rent vand interesseret i hvordan tryk <a href=\"https:\/\/triumph4all.dk\/?page_id=618\" data-type=\"URL\" data-id=\"https:\/\/triumph4all.dk\/?page_id=618\">her<\/a><\/p>\n\n\n\n<figure class=\"wp-block-gallery has-nested-images columns-default is-cropped wp-block-gallery-6 is-layout-flex wp-block-gallery-is-layout-flex\">\n<figure class=\"wp-block-image size-large\"><img loading=\"lazy\" decoding=\"async\" width=\"2560\" height=\"1443\" data-id=\"406\" src=\"https:\/\/triumph4all.dk\/wp-content\/uploads\/2022\/03\/DSC00553-scaled.jpg\" alt=\"\" class=\"wp-image-406\" srcset=\"https:\/\/triumph4all.dk\/wp-content\/uploads\/2022\/03\/DSC00553-scaled.jpg 2560w, https:\/\/triumph4all.dk\/wp-content\/uploads\/2022\/03\/DSC00553-300x169.jpg 300w\" sizes=\"auto, (max-width: 2560px) 100vw, 2560px\" \/><\/figure>\n\n\n\n<figure class=\"wp-block-image size-large\"><img loading=\"lazy\" decoding=\"async\" width=\"1024\" height=\"577\" data-id=\"407\" src=\"https:\/\/triumph4all.dk\/wp-content\/uploads\/2022\/03\/DSC00554-1024x577.jpg\" alt=\"\" class=\"wp-image-407\" srcset=\"https:\/\/triumph4all.dk\/wp-content\/uploads\/2022\/03\/DSC00554-1024x577.jpg 1024w, https:\/\/triumph4all.dk\/wp-content\/uploads\/2022\/03\/DSC00554-300x169.jpg 300w, https:\/\/triumph4all.dk\/wp-content\/uploads\/2022\/03\/DSC00554-768x433.jpg 768w, https:\/\/triumph4all.dk\/wp-content\/uploads\/2022\/03\/DSC00554-1536x866.jpg 1536w, https:\/\/triumph4all.dk\/wp-content\/uploads\/2022\/03\/DSC00554-2048x1154.jpg 2048w\" sizes=\"auto, (max-width: 1024px) 100vw, 1024px\" \/><\/figure>\n<\/figure>\n\n\n\n<p> Til brug ved renovering er der et s\u00e6t beregnet til dette indeholdende flere dele end man skal bruge viser her kun de dele som jeg her brug for.<\/p>\n\n\n<div class=\"wp-block-image\">\n<figure class=\"aligncenter size-large\"><img loading=\"lazy\" decoding=\"async\" width=\"1024\" height=\"577\" src=\"https:\/\/triumph4all.dk\/wp-content\/uploads\/2022\/03\/DSC00564-1024x577.jpg\" alt=\"\" class=\"wp-image-408\" srcset=\"https:\/\/triumph4all.dk\/wp-content\/uploads\/2022\/03\/DSC00564-1024x577.jpg 1024w, https:\/\/triumph4all.dk\/wp-content\/uploads\/2022\/03\/DSC00564-300x169.jpg 300w, https:\/\/triumph4all.dk\/wp-content\/uploads\/2022\/03\/DSC00564-768x433.jpg 768w, https:\/\/triumph4all.dk\/wp-content\/uploads\/2022\/03\/DSC00564-1536x866.jpg 1536w, https:\/\/triumph4all.dk\/wp-content\/uploads\/2022\/03\/DSC00564-2048x1154.jpg 2048w\" sizes=\"auto, (max-width: 1024px) 100vw, 1024px\" \/><\/figure>\n<\/div>\n\n\n<p>S\u00e5dan blev delene efter rens.<\/p>\n\n\n<div class=\"wp-block-image\">\n<figure class=\"aligncenter size-large\"><img loading=\"lazy\" decoding=\"async\" width=\"1024\" height=\"577\" src=\"https:\/\/triumph4all.dk\/wp-content\/uploads\/2022\/03\/DSC00560-1024x577.jpg\" alt=\"\" class=\"wp-image-409\" srcset=\"https:\/\/triumph4all.dk\/wp-content\/uploads\/2022\/03\/DSC00560-1024x577.jpg 1024w, https:\/\/triumph4all.dk\/wp-content\/uploads\/2022\/03\/DSC00560-300x169.jpg 300w, https:\/\/triumph4all.dk\/wp-content\/uploads\/2022\/03\/DSC00560-768x433.jpg 768w, https:\/\/triumph4all.dk\/wp-content\/uploads\/2022\/03\/DSC00560-1536x866.jpg 1536w, https:\/\/triumph4all.dk\/wp-content\/uploads\/2022\/03\/DSC00560-2048x1154.jpg 2048w\" sizes=\"auto, (max-width: 1024px) 100vw, 1024px\" \/><\/figure>\n<\/div>\n\n\n<p>Her er den f\u00e6rdige benzinpumpe klar til montering p\u00e5 motoren igen<\/p>\n\n\n\n<figure class=\"wp-block-gallery has-nested-images columns-default is-cropped wp-block-gallery-7 is-layout-flex wp-block-gallery-is-layout-flex\">\n<figure class=\"wp-block-image size-large\"><img loading=\"lazy\" decoding=\"async\" width=\"1024\" height=\"577\" data-id=\"412\" src=\"https:\/\/triumph4all.dk\/wp-content\/uploads\/2022\/03\/DSC00569-1024x577.jpg\" alt=\"\" class=\"wp-image-412\" srcset=\"https:\/\/triumph4all.dk\/wp-content\/uploads\/2022\/03\/DSC00569-1024x577.jpg 1024w, https:\/\/triumph4all.dk\/wp-content\/uploads\/2022\/03\/DSC00569-300x169.jpg 300w, https:\/\/triumph4all.dk\/wp-content\/uploads\/2022\/03\/DSC00569-768x433.jpg 768w, https:\/\/triumph4all.dk\/wp-content\/uploads\/2022\/03\/DSC00569-1536x866.jpg 1536w, https:\/\/triumph4all.dk\/wp-content\/uploads\/2022\/03\/DSC00569-2048x1154.jpg 2048w\" sizes=\"auto, (max-width: 1024px) 100vw, 1024px\" \/><\/figure>\n\n\n\n<figure class=\"wp-block-image size-large\"><img loading=\"lazy\" decoding=\"async\" width=\"2560\" height=\"1443\" data-id=\"411\" src=\"https:\/\/triumph4all.dk\/wp-content\/uploads\/2022\/03\/DSC00574-scaled.jpg\" alt=\"\" class=\"wp-image-411\" srcset=\"https:\/\/triumph4all.dk\/wp-content\/uploads\/2022\/03\/DSC00574-scaled.jpg 2560w, https:\/\/triumph4all.dk\/wp-content\/uploads\/2022\/03\/DSC00574-300x169.jpg 300w, https:\/\/triumph4all.dk\/wp-content\/uploads\/2022\/03\/DSC00574-scaled-800x450.jpg 800w, https:\/\/triumph4all.dk\/wp-content\/uploads\/2022\/03\/DSC00574-scaled-620x349.jpg 620w, https:\/\/triumph4all.dk\/wp-content\/uploads\/2022\/03\/DSC00574-scaled-400x225.jpg 400w\" sizes=\"auto, (max-width: 2560px) 100vw, 2560px\" \/><\/figure>\n<\/figure>\n\n\n\n<p><\/p>\n\n\n<div class=\"wp-block-image\">\n<figure class=\"aligncenter size-large\"><img loading=\"lazy\" decoding=\"async\" width=\"1024\" height=\"577\" src=\"https:\/\/triumph4all.dk\/wp-content\/uploads\/2022\/03\/DSC00572-1024x577.jpg\" alt=\"\" class=\"wp-image-410\" srcset=\"https:\/\/triumph4all.dk\/wp-content\/uploads\/2022\/03\/DSC00572-1024x577.jpg 1024w, https:\/\/triumph4all.dk\/wp-content\/uploads\/2022\/03\/DSC00572-300x169.jpg 300w, https:\/\/triumph4all.dk\/wp-content\/uploads\/2022\/03\/DSC00572-768x433.jpg 768w, https:\/\/triumph4all.dk\/wp-content\/uploads\/2022\/03\/DSC00572-1536x866.jpg 1536w, https:\/\/triumph4all.dk\/wp-content\/uploads\/2022\/03\/DSC00572-2048x1154.jpg 2048w\" sizes=\"auto, (max-width: 1024px) 100vw, 1024px\" \/><\/figure>\n<\/div>","protected":false},"excerpt":{"rendered":"<p>S\u00e5 blev det tid til at kigge p\u00e5 benzinpumpen den m\u00e5 jeg nok sige ser temmelig kedelig ud men m\u00e5 se om jeg ikke kan f\u00e5 n\u00e5et brugbart ud at det. Starter med at f\u00e5 pumpen adskilt s\u00e5 jeg kan se hvordan den ser ud indvendigt heldigvis var der ingen problemer med at f\u00e5 skruerne&hellip;&nbsp;<a href=\"https:\/\/triumph4all.dk\/?page_id=383\" rel=\"bookmark\">L\u00e6s mere &raquo;<span class=\"screen-reader-text\">Benzinpumpe<\/span><\/a><\/p>\n","protected":false},"author":2,"featured_media":0,"parent":0,"menu_order":0,"comment_status":"closed","ping_status":"closed","template":"","meta":{"neve_meta_sidebar":"","neve_meta_container":"","neve_meta_enable_content_width":"","neve_meta_content_width":0,"neve_meta_title_alignment":"","neve_meta_author_avatar":"","neve_post_elements_order":"","neve_meta_disable_header":"","neve_meta_disable_footer":"","neve_meta_disable_title":"","footnotes":""},"class_list":["post-383","page","type-page","status-publish","hentry"],"_links":{"self":[{"href":"https:\/\/triumph4all.dk\/index.php?rest_route=\/wp\/v2\/pages\/383","targetHints":{"allow":["GET"]}}],"collection":[{"href":"https:\/\/triumph4all.dk\/index.php?rest_route=\/wp\/v2\/pages"}],"about":[{"href":"https:\/\/triumph4all.dk\/index.php?rest_route=\/wp\/v2\/types\/page"}],"author":[{"embeddable":true,"href":"https:\/\/triumph4all.dk\/index.php?rest_route=\/wp\/v2\/users\/2"}],"replies":[{"embeddable":true,"href":"https:\/\/triumph4all.dk\/index.php?rest_route=%2Fwp%2Fv2%2Fcomments&post=383"}],"version-history":[{"count":9,"href":"https:\/\/triumph4all.dk\/index.php?rest_route=\/wp\/v2\/pages\/383\/revisions"}],"predecessor-version":[{"id":845,"href":"https:\/\/triumph4all.dk\/index.php?rest_route=\/wp\/v2\/pages\/383\/revisions\/845"}],"wp:attachment":[{"href":"https:\/\/triumph4all.dk\/index.php?rest_route=%2Fwp%2Fv2%2Fmedia&parent=383"}],"curies":[{"name":"wp","href":"https:\/\/api.w.org\/{rel}","templated":true}]}}