{"id":191,"date":"2020-09-12T19:39:23","date_gmt":"2020-09-12T19:39:23","guid":{"rendered":"https:\/\/triumph4all.dk\/?page_id=191"},"modified":"2023-03-13T18:26:16","modified_gmt":"2023-03-13T18:26:16","slug":"reparation-af-diverse-dele","status":"publish","type":"page","link":"https:\/\/triumph4all.dk\/?page_id=191","title":{"rendered":"Gummi til ramme"},"content":{"rendered":"\n<p>S\u00e5 fik jeg fremstillet de gummi stykker som skal ligge mellem ramme og karosseribund<\/p>\n\n\n\n<figure class=\"wp-block-gallery has-nested-images columns-default is-cropped wp-block-gallery-1 is-layout-flex wp-block-gallery-is-layout-flex\">\n<figure class=\"wp-block-image size-large\"><img loading=\"lazy\" decoding=\"async\" width=\"1024\" height=\"577\" data-id=\"247\" src=\"https:\/\/triumph4all.dk\/wp-content\/uploads\/2020\/10\/Arm-1024x577.jpg\" alt=\"\" class=\"wp-image-247\" srcset=\"https:\/\/triumph4all.dk\/wp-content\/uploads\/2020\/10\/Arm-1024x577.jpg 1024w, https:\/\/triumph4all.dk\/wp-content\/uploads\/2020\/10\/Arm-300x169.jpg 300w, https:\/\/triumph4all.dk\/wp-content\/uploads\/2020\/10\/Arm-768x433.jpg 768w, https:\/\/triumph4all.dk\/wp-content\/uploads\/2020\/10\/Arm-1536x866.jpg 1536w, https:\/\/triumph4all.dk\/wp-content\/uploads\/2020\/10\/Arm-2048x1154.jpg 2048w\" sizes=\"auto, (max-width: 1024px) 100vw, 1024px\" \/><\/figure>\n\n\n\n<figure class=\"wp-block-image size-large\"><img loading=\"lazy\" decoding=\"async\" width=\"1024\" height=\"577\" data-id=\"248\" src=\"https:\/\/triumph4all.dk\/wp-content\/uploads\/2020\/10\/Arm-faerdig-1024x577.jpg\" alt=\"\" class=\"wp-image-248\" srcset=\"https:\/\/triumph4all.dk\/wp-content\/uploads\/2020\/10\/Arm-faerdig-1024x577.jpg 1024w, https:\/\/triumph4all.dk\/wp-content\/uploads\/2020\/10\/Arm-faerdig-300x169.jpg 300w, https:\/\/triumph4all.dk\/wp-content\/uploads\/2020\/10\/Arm-faerdig-768x433.jpg 768w, https:\/\/triumph4all.dk\/wp-content\/uploads\/2020\/10\/Arm-faerdig-1536x866.jpg 1536w, https:\/\/triumph4all.dk\/wp-content\/uploads\/2020\/10\/Arm-faerdig-2048x1154.jpg 2048w\" sizes=\"auto, (max-width: 1024px) 100vw, 1024px\" \/><\/figure>\n<\/figure>\n\n\n\n<p>Disse skal jeg bruge 3 stk. pr arm s\u00e5 det bliver i alt 12 stk. dem laver jeg af 3 mm NBR gummi dette laver jeg af et stykke p\u00e5 1 m x 1.4 m som jeg har k\u00f8bt<a href=\"https:\/\/www.profillageret.dk\/26-nbr-oliebestandig-nitril\" data-type=\"URL\" data-id=\"https:\/\/www.profillageret.dk\/26-nbr-oliebestandig-nitril\"> her<\/a><\/p>\n\n\n\n<figure class=\"wp-block-gallery has-nested-images columns-default is-cropped wp-block-gallery-2 is-layout-flex wp-block-gallery-is-layout-flex\">\n<figure class=\"wp-block-image size-large\"><img loading=\"lazy\" decoding=\"async\" width=\"1024\" height=\"577\" data-id=\"250\" src=\"https:\/\/triumph4all.dk\/wp-content\/uploads\/2020\/10\/Firkant-med-huller-1024x577.jpg\" alt=\"\" class=\"wp-image-250\" srcset=\"https:\/\/triumph4all.dk\/wp-content\/uploads\/2020\/10\/Firkant-med-huller-1024x577.jpg 1024w, https:\/\/triumph4all.dk\/wp-content\/uploads\/2020\/10\/Firkant-med-huller-300x169.jpg 300w, https:\/\/triumph4all.dk\/wp-content\/uploads\/2020\/10\/Firkant-med-huller-768x433.jpg 768w, https:\/\/triumph4all.dk\/wp-content\/uploads\/2020\/10\/Firkant-med-huller-1536x866.jpg 1536w, https:\/\/triumph4all.dk\/wp-content\/uploads\/2020\/10\/Firkant-med-huller-2048x1154.jpg 2048w\" sizes=\"auto, (max-width: 1024px) 100vw, 1024px\" \/><\/figure>\n\n\n\n<figure class=\"wp-block-image size-large\"><img loading=\"lazy\" decoding=\"async\" width=\"1024\" height=\"577\" data-id=\"251\" src=\"https:\/\/triumph4all.dk\/wp-content\/uploads\/2020\/10\/Bagside-1024x577.jpg\" alt=\"\" class=\"wp-image-251\" srcset=\"https:\/\/triumph4all.dk\/wp-content\/uploads\/2020\/10\/Bagside-1024x577.jpg 1024w, https:\/\/triumph4all.dk\/wp-content\/uploads\/2020\/10\/Bagside-300x169.jpg 300w, https:\/\/triumph4all.dk\/wp-content\/uploads\/2020\/10\/Bagside-768x433.jpg 768w, https:\/\/triumph4all.dk\/wp-content\/uploads\/2020\/10\/Bagside-1536x866.jpg 1536w, https:\/\/triumph4all.dk\/wp-content\/uploads\/2020\/10\/Bagside-2048x1154.jpg 2048w\" sizes=\"auto, (max-width: 1024px) 100vw, 1024px\" \/><\/figure>\n<\/figure>\n\n\n\n<p><em>Til dette har jeg f\u00e5et en til lave dette hj\u00e6lpev\u00e6rkt\u00f8j ved hj\u00e6lp at en 3d printer. Der er lavet to styrekanter p\u00e5 bagsiden s\u00e5 alle huller kommer til at ligge ens fra hj\u00f8rnet af.<\/em><\/p>\n\n\n\n<figure class=\"wp-block-gallery has-nested-images columns-default is-cropped wp-block-gallery-3 is-layout-flex wp-block-gallery-is-layout-flex\">\n<figure class=\"wp-block-image size-large\"><img loading=\"lazy\" decoding=\"async\" width=\"1024\" height=\"577\" data-id=\"252\" src=\"https:\/\/triumph4all.dk\/wp-content\/uploads\/2020\/10\/Firkant-1024x577.jpg\" alt=\"\" class=\"wp-image-252\" srcset=\"https:\/\/triumph4all.dk\/wp-content\/uploads\/2020\/10\/Firkant-1024x577.jpg 1024w, https:\/\/triumph4all.dk\/wp-content\/uploads\/2020\/10\/Firkant-300x169.jpg 300w, https:\/\/triumph4all.dk\/wp-content\/uploads\/2020\/10\/Firkant-768x433.jpg 768w, https:\/\/triumph4all.dk\/wp-content\/uploads\/2020\/10\/Firkant-1536x866.jpg 1536w, https:\/\/triumph4all.dk\/wp-content\/uploads\/2020\/10\/Firkant-2048x1154.jpg 2048w\" sizes=\"auto, (max-width: 1024px) 100vw, 1024px\" \/><\/figure>\n\n\n\n<figure class=\"wp-block-image size-large\"><img loading=\"lazy\" decoding=\"async\" width=\"1024\" height=\"577\" data-id=\"253\" src=\"https:\/\/triumph4all.dk\/wp-content\/uploads\/2020\/10\/Opspaending-1024x577.jpg\" alt=\"\" class=\"wp-image-253\" srcset=\"https:\/\/triumph4all.dk\/wp-content\/uploads\/2020\/10\/Opspaending-1024x577.jpg 1024w, https:\/\/triumph4all.dk\/wp-content\/uploads\/2020\/10\/Opspaending-300x169.jpg 300w, https:\/\/triumph4all.dk\/wp-content\/uploads\/2020\/10\/Opspaending-768x433.jpg 768w, https:\/\/triumph4all.dk\/wp-content\/uploads\/2020\/10\/Opspaending-1536x866.jpg 1536w, https:\/\/triumph4all.dk\/wp-content\/uploads\/2020\/10\/Opspaending-2048x1154.jpg 2048w\" sizes=\"auto, (max-width: 1024px) 100vw, 1024px\" \/><\/figure>\n<\/figure>\n\n\n\n<p><em>Firkanterne klippede jeg ud med en pladesaks derefter sp\u00e6ndte jeg dem op en af gangen p\u00e5 en tr\u00e6plade det hele blev s\u00e5 sp\u00e6ndt fast til arbejdsbordet.<\/em><\/p>\n\n\n\n<figure class=\"wp-block-gallery has-nested-images columns-default is-cropped wp-block-gallery-4 is-layout-flex wp-block-gallery-is-layout-flex\">\n<figure class=\"wp-block-image size-large\"><img loading=\"lazy\" decoding=\"async\" width=\"1024\" height=\"577\" data-id=\"254\" src=\"https:\/\/triumph4all.dk\/wp-content\/uploads\/2020\/10\/Huller-laves-1024x577.jpg\" alt=\"\" class=\"wp-image-254\" srcset=\"https:\/\/triumph4all.dk\/wp-content\/uploads\/2020\/10\/Huller-laves-1024x577.jpg 1024w, https:\/\/triumph4all.dk\/wp-content\/uploads\/2020\/10\/Huller-laves-300x169.jpg 300w, https:\/\/triumph4all.dk\/wp-content\/uploads\/2020\/10\/Huller-laves-768x433.jpg 768w, https:\/\/triumph4all.dk\/wp-content\/uploads\/2020\/10\/Huller-laves-1536x866.jpg 1536w, https:\/\/triumph4all.dk\/wp-content\/uploads\/2020\/10\/Huller-laves-2048x1154.jpg 2048w\" sizes=\"auto, (max-width: 1024px) 100vw, 1024px\" \/><\/figure>\n\n\n\n<figure class=\"wp-block-image size-large\"><img loading=\"lazy\" decoding=\"async\" width=\"1024\" height=\"577\" data-id=\"256\" src=\"https:\/\/triumph4all.dk\/wp-content\/uploads\/2020\/10\/Firkant-faerdig-1024x577.jpg\" alt=\"\" class=\"wp-image-256\" srcset=\"https:\/\/triumph4all.dk\/wp-content\/uploads\/2020\/10\/Firkant-faerdig-1024x577.jpg 1024w, https:\/\/triumph4all.dk\/wp-content\/uploads\/2020\/10\/Firkant-faerdig-300x169.jpg 300w, https:\/\/triumph4all.dk\/wp-content\/uploads\/2020\/10\/Firkant-faerdig-768x433.jpg 768w, https:\/\/triumph4all.dk\/wp-content\/uploads\/2020\/10\/Firkant-faerdig-1536x866.jpg 1536w, https:\/\/triumph4all.dk\/wp-content\/uploads\/2020\/10\/Firkant-faerdig-2048x1154.jpg 2048w, https:\/\/triumph4all.dk\/wp-content\/uploads\/2020\/10\/Firkant-faerdig-scaled-800x450.jpg 800w, https:\/\/triumph4all.dk\/wp-content\/uploads\/2020\/10\/Firkant-faerdig-scaled-620x349.jpg 620w, https:\/\/triumph4all.dk\/wp-content\/uploads\/2020\/10\/Firkant-faerdig-scaled-400x225.jpg 400w\" sizes=\"auto, (max-width: 1024px) 100vw, 1024px\" \/><\/figure>\n<\/figure>\n\n\n\n<p>Ved hj\u00e6lp af en hugpibe og en hammer lavede jeg s\u00e5 alle 4 huller.<\/p>\n","protected":false},"excerpt":{"rendered":"<p>S\u00e5 fik jeg fremstillet de gummi stykker som skal ligge mellem ramme og karosseribund Disse skal jeg bruge 3 stk. pr arm s\u00e5 det bliver i alt 12 stk. dem laver jeg af 3 mm NBR gummi dette laver jeg af et stykke p\u00e5 1 m x 1.4 m som jeg har k\u00f8bt her Til&hellip;&nbsp;<a href=\"https:\/\/triumph4all.dk\/?page_id=191\" rel=\"bookmark\">L\u00e6s mere &raquo;<span class=\"screen-reader-text\">Gummi til ramme<\/span><\/a><\/p>\n","protected":false},"author":2,"featured_media":0,"parent":0,"menu_order":0,"comment_status":"closed","ping_status":"closed","template":"","meta":{"neve_meta_sidebar":"","neve_meta_container":"","neve_meta_enable_content_width":"","neve_meta_content_width":0,"neve_meta_title_alignment":"","neve_meta_author_avatar":"","neve_post_elements_order":"","neve_meta_disable_header":"","neve_meta_disable_footer":"","neve_meta_disable_title":"","footnotes":""},"class_list":["post-191","page","type-page","status-publish","hentry"],"_links":{"self":[{"href":"https:\/\/triumph4all.dk\/index.php?rest_route=\/wp\/v2\/pages\/191","targetHints":{"allow":["GET"]}}],"collection":[{"href":"https:\/\/triumph4all.dk\/index.php?rest_route=\/wp\/v2\/pages"}],"about":[{"href":"https:\/\/triumph4all.dk\/index.php?rest_route=\/wp\/v2\/types\/page"}],"author":[{"embeddable":true,"href":"https:\/\/triumph4all.dk\/index.php?rest_route=\/wp\/v2\/users\/2"}],"replies":[{"embeddable":true,"href":"https:\/\/triumph4all.dk\/index.php?rest_route=%2Fwp%2Fv2%2Fcomments&post=191"}],"version-history":[{"count":7,"href":"https:\/\/triumph4all.dk\/index.php?rest_route=\/wp\/v2\/pages\/191\/revisions"}],"predecessor-version":[{"id":767,"href":"https:\/\/triumph4all.dk\/index.php?rest_route=\/wp\/v2\/pages\/191\/revisions\/767"}],"wp:attachment":[{"href":"https:\/\/triumph4all.dk\/index.php?rest_route=%2Fwp%2Fv2%2Fmedia&parent=191"}],"curies":[{"name":"wp","href":"https:\/\/api.w.org\/{rel}","templated":true}]}}