{"id":141,"date":"2020-07-26T12:08:08","date_gmt":"2020-07-26T12:08:08","guid":{"rendered":"http:\/\/triumph4all.dk\/?page_id=141"},"modified":"2022-10-10T15:32:48","modified_gmt":"2022-10-10T15:32:48","slug":"kontakt-info","status":"publish","type":"page","link":"https:\/\/triumph4all.dk\/?page_id=141","title":{"rendered":"Kontakt info"},"content":{"rendered":"\n<p>Ved sp\u00f8rgsm\u00e5l eller kommentarer til sidens opbygning<\/p>\n\n\n\n<p><a href=\"mailto:admin@triumph4all.dk\">admin@triumph4all.dk<\/a><\/p>\n\n\n\n<p>Ved sp\u00f8rgsm\u00e5l eller kommentarer til indholdet p\u00e5 siderne<\/p>\n\n\n\n<p><a href=\"mailto:kontakt@triumph4all.dk\">kontakt@triumph4all.dk<\/a><\/p>\n","protected":false},"excerpt":{"rendered":"<p>Ved sp\u00f8rgsm\u00e5l eller kommentarer til sidens opbygning admin@triumph4all.dk Ved sp\u00f8rgsm\u00e5l eller kommentarer til indholdet p\u00e5 siderne kontakt@triumph4all.dk<\/p>\n","protected":false},"author":2,"featured_media":0,"parent":0,"menu_order":0,"comment_status":"closed","ping_status":"closed","template":"","meta":{"neve_meta_sidebar":"","neve_meta_container":"","neve_meta_enable_content_width":"","neve_meta_content_width":0,"neve_meta_title_alignment":"","neve_meta_author_avatar":"","neve_post_elements_order":"","neve_meta_disable_header":"","neve_meta_disable_footer":"","neve_meta_disable_title":"","footnotes":""},"class_list":["post-141","page","type-page","status-publish","hentry"],"_links":{"self":[{"href":"https:\/\/triumph4all.dk\/index.php?rest_route=\/wp\/v2\/pages\/141","targetHints":{"allow":["GET"]}}],"collection":[{"href":"https:\/\/triumph4all.dk\/index.php?rest_route=\/wp\/v2\/pages"}],"about":[{"href":"https:\/\/triumph4all.dk\/index.php?rest_route=\/wp\/v2\/types\/page"}],"author":[{"embeddable":true,"href":"https:\/\/triumph4all.dk\/index.php?rest_route=\/wp\/v2\/users\/2"}],"replies":[{"embeddable":true,"href":"https:\/\/triumph4all.dk\/index.php?rest_route=%2Fwp%2Fv2%2Fcomments&post=141"}],"version-history":[{"count":6,"href":"https:\/\/triumph4all.dk\/index.php?rest_route=\/wp\/v2\/pages\/141\/revisions"}],"predecessor-version":[{"id":786,"href":"https:\/\/triumph4all.dk\/index.php?rest_route=\/wp\/v2\/pages\/141\/revisions\/786"}],"wp:attachment":[{"href":"https:\/\/triumph4all.dk\/index.php?rest_route=%2Fwp%2Fv2%2Fmedia&parent=141"}],"curies":[{"name":"wp","href":"https:\/\/api.w.org\/{rel}","templated":true}]}}