{"id":129,"date":"2020-09-06T19:33:57","date_gmt":"2020-09-06T19:33:57","guid":{"rendered":"http:\/\/triumph4all.dk\/?page_id=129"},"modified":"2023-03-13T18:08:10","modified_gmt":"2023-03-13T18:08:10","slug":"sandblaesning-af-dele","status":"publish","type":"page","link":"https:\/\/triumph4all.dk\/?page_id=129","title":{"rendered":"Sandbl\u00e6sning af dele"},"content":{"rendered":"<div class=\"wp-block-image\">\n<figure class=\"aligncenter size-large\"><img loading=\"lazy\" decoding=\"async\" width=\"1024\" height=\"577\" src=\"https:\/\/triumph4all.dk\/wp-content\/uploads\/2022\/05\/DSC00841-1024x577.jpg\" alt=\"\" class=\"wp-image-632\" srcset=\"https:\/\/triumph4all.dk\/wp-content\/uploads\/2022\/05\/DSC00841-1024x577.jpg 1024w, https:\/\/triumph4all.dk\/wp-content\/uploads\/2022\/05\/DSC00841-300x169.jpg 300w, https:\/\/triumph4all.dk\/wp-content\/uploads\/2022\/05\/DSC00841-768x433.jpg 768w, https:\/\/triumph4all.dk\/wp-content\/uploads\/2022\/05\/DSC00841-1536x866.jpg 1536w, https:\/\/triumph4all.dk\/wp-content\/uploads\/2022\/05\/DSC00841-2048x1154.jpg 2048w\" sizes=\"auto, (max-width: 1024px) 100vw, 1024px\" \/><\/figure>\n<\/div>\n\n\n<p>Starter f\u00f8rst med lidt billeder af den sandbl\u00e6ser som jeg har ombygget med ny type h\u00e5ndtag hvor man har mulighed for at justere m\u00e6ngden af sand dette g\u00f8res p\u00e5 den justeringsskrue men jeg m\u00e5 nok indr\u00f8mme at det ikke er det letteste af justere ind brugte en del tid p\u00e5 at finde sand m\u00e6ngde kontra luft ogs\u00e5 en del fors\u00f8g med slange st\u00f8rrelsen da undertyk fra h\u00e5ndtaget tager sand med op dette er efter min mening en klar forbedring da jeg nu bruger meget mindre luft end f\u00f8r nu k\u00f8rer jeg med max 3 bars tryks ved bl\u00e6sning. <\/p>\n\n\n\n<figure class=\"wp-block-gallery has-nested-images columns-default is-cropped wp-block-gallery-1 is-layout-flex wp-block-gallery-is-layout-flex\">\n<figure class=\"wp-block-image size-large\"><img loading=\"lazy\" decoding=\"async\" width=\"1024\" height=\"577\" data-id=\"633\" src=\"https:\/\/triumph4all.dk\/wp-content\/uploads\/2022\/05\/DSC00830-1024x577.jpg\" alt=\"\" class=\"wp-image-633\" srcset=\"https:\/\/triumph4all.dk\/wp-content\/uploads\/2022\/05\/DSC00830-1024x577.jpg 1024w, https:\/\/triumph4all.dk\/wp-content\/uploads\/2022\/05\/DSC00830-300x169.jpg 300w, https:\/\/triumph4all.dk\/wp-content\/uploads\/2022\/05\/DSC00830-768x433.jpg 768w, https:\/\/triumph4all.dk\/wp-content\/uploads\/2022\/05\/DSC00830-1536x866.jpg 1536w, https:\/\/triumph4all.dk\/wp-content\/uploads\/2022\/05\/DSC00830-2048x1154.jpg 2048w\" sizes=\"auto, (max-width: 1024px) 100vw, 1024px\" \/><\/figure>\n\n\n\n<figure class=\"wp-block-image size-large\"><img loading=\"lazy\" decoding=\"async\" width=\"1024\" height=\"577\" data-id=\"504\" src=\"https:\/\/triumph4all.dk\/wp-content\/uploads\/2022\/03\/DSC00696-1024x577.jpg\" alt=\"\" class=\"wp-image-504\" srcset=\"https:\/\/triumph4all.dk\/wp-content\/uploads\/2022\/03\/DSC00696-1024x577.jpg 1024w, https:\/\/triumph4all.dk\/wp-content\/uploads\/2022\/03\/DSC00696-300x169.jpg 300w, https:\/\/triumph4all.dk\/wp-content\/uploads\/2022\/03\/DSC00696-768x433.jpg 768w, https:\/\/triumph4all.dk\/wp-content\/uploads\/2022\/03\/DSC00696-1536x866.jpg 1536w, https:\/\/triumph4all.dk\/wp-content\/uploads\/2022\/03\/DSC00696-2048x1154.jpg 2048w\" sizes=\"auto, (max-width: 1024px) 100vw, 1024px\" \/><\/figure>\n<\/figure>\n\n\n\n<p>Som det ogs\u00e5 kan ses p\u00e5 billedet har jeg lavet bundristet om s\u00e5 det er muligt at f\u00e5 st\u00f8rre ting ind og bl\u00e6se har lavet en ekstra forst\u00e6rkning under risten af en rest kamst\u00e5l. <\/p>\n\n\n<div class=\"wp-block-image\">\n<figure class=\"aligncenter size-large\"><img loading=\"lazy\" decoding=\"async\" width=\"1024\" height=\"577\" src=\"https:\/\/triumph4all.dk\/wp-content\/uploads\/2022\/05\/DSC00835-1024x577.jpg\" alt=\"\" class=\"wp-image-634\" srcset=\"https:\/\/triumph4all.dk\/wp-content\/uploads\/2022\/05\/DSC00835-1024x577.jpg 1024w, https:\/\/triumph4all.dk\/wp-content\/uploads\/2022\/05\/DSC00835-300x169.jpg 300w, https:\/\/triumph4all.dk\/wp-content\/uploads\/2022\/05\/DSC00835-768x433.jpg 768w, https:\/\/triumph4all.dk\/wp-content\/uploads\/2022\/05\/DSC00835-1536x866.jpg 1536w, https:\/\/triumph4all.dk\/wp-content\/uploads\/2022\/05\/DSC00835-2048x1154.jpg 2048w\" sizes=\"auto, (max-width: 1024px) 100vw, 1024px\" \/><\/figure>\n<\/div>\n\n\n<p>Da det nye bl\u00e6seh\u00e5ndtag ikke er udformet som pistol med h\u00e5ndtag til stop\/start er der monteret en fodpedal til dette form\u00e5l bl\u00e6setrykket justeres p\u00e5 den vandudskiller som ogs\u00e5 er blevet monteret.<\/p>\n\n\n\n<figure class=\"wp-block-gallery has-nested-images columns-default is-cropped wp-block-gallery-2 is-layout-flex wp-block-gallery-is-layout-flex\">\n<figure class=\"wp-block-image size-large\"><img loading=\"lazy\" decoding=\"async\" width=\"2560\" height=\"1443\" data-id=\"636\" src=\"https:\/\/triumph4all.dk\/wp-content\/uploads\/2022\/05\/DSC00847-scaled.jpg\" alt=\"\" class=\"wp-image-636\" srcset=\"https:\/\/triumph4all.dk\/wp-content\/uploads\/2022\/05\/DSC00847-scaled.jpg 2560w, https:\/\/triumph4all.dk\/wp-content\/uploads\/2022\/05\/DSC00847-300x169.jpg 300w\" sizes=\"auto, (max-width: 2560px) 100vw, 2560px\" \/><\/figure>\n\n\n\n<figure class=\"wp-block-image size-large\"><img loading=\"lazy\" decoding=\"async\" width=\"1024\" height=\"577\" data-id=\"637\" src=\"https:\/\/triumph4all.dk\/wp-content\/uploads\/2022\/05\/DSC00846-1024x577.jpg\" alt=\"\" class=\"wp-image-637\" srcset=\"https:\/\/triumph4all.dk\/wp-content\/uploads\/2022\/05\/DSC00846-1024x577.jpg 1024w, https:\/\/triumph4all.dk\/wp-content\/uploads\/2022\/05\/DSC00846-300x169.jpg 300w, https:\/\/triumph4all.dk\/wp-content\/uploads\/2022\/05\/DSC00846-768x433.jpg 768w, https:\/\/triumph4all.dk\/wp-content\/uploads\/2022\/05\/DSC00846-1536x866.jpg 1536w, https:\/\/triumph4all.dk\/wp-content\/uploads\/2022\/05\/DSC00846-2048x1154.jpg 2048w\" sizes=\"auto, (max-width: 1024px) 100vw, 1024px\" \/><\/figure>\n\n\n\n<figure class=\"wp-block-image size-large\"><img loading=\"lazy\" decoding=\"async\" width=\"2560\" height=\"1443\" data-id=\"635\" src=\"https:\/\/triumph4all.dk\/wp-content\/uploads\/2022\/05\/DSC00860-scaled.jpg\" alt=\"\" class=\"wp-image-635\" srcset=\"https:\/\/triumph4all.dk\/wp-content\/uploads\/2022\/05\/DSC00860-scaled.jpg 2560w, https:\/\/triumph4all.dk\/wp-content\/uploads\/2022\/05\/DSC00860-300x169.jpg 300w\" sizes=\"auto, (max-width: 2560px) 100vw, 2560px\" \/><\/figure>\n<\/figure>\n\n\n\n<p>Her er en lille video hvor man kan se hvordan den virker n\u00e5r man bl\u00e6ser med 3 bars tryk<\/p>\n\n\n\n<figure class=\"wp-block-embed aligncenter is-type-video is-provider-youtube wp-block-embed-youtube wp-embed-aspect-16-9 wp-has-aspect-ratio\"><div class=\"wp-block-embed__wrapper\">\n<div class=\"nv-iframe-embed\"><iframe loading=\"lazy\" title=\"Sandbl\u00e6ser\" width=\"1200\" height=\"675\" src=\"https:\/\/www.youtube.com\/embed\/PqlhbnylZxg?feature=oembed\" frameborder=\"0\" allow=\"accelerometer; autoplay; clipboard-write; encrypted-media; gyroscope; picture-in-picture; web-share\" allowfullscreen><\/iframe><\/div>\n<\/div><\/figure>\n\n\n\n<p>Klarg\u00f8ring af dele som senere skal males og monteres p\u00e5 bilen igen klarg\u00f8r jeg p\u00e5 f\u00f8lgende m\u00e5de f\u00f8rst renses de mest beskidte dele med en roterende st\u00e5lb\u00f8rste eller en god gammeldags h\u00e5nd drevet model derefter sandbl\u00e6ser jeg dem s\u00e5 jeg opn\u00e5r dette som kan se p\u00e5 de efterf\u00f8lgende billeder.<\/p>\n\n\n<div class=\"wp-block-image\">\n<figure class=\"aligncenter size-large\"><img loading=\"lazy\" decoding=\"async\" width=\"1024\" height=\"577\" src=\"http:\/\/triumph4all.dk\/wp-content\/uploads\/2020\/07\/Sand-f\u00f8r-1024x577.jpg\" alt=\"\" class=\"wp-image-134\" srcset=\"https:\/\/triumph4all.dk\/wp-content\/uploads\/2020\/07\/Sand-f\u00f8r-1024x577.jpg 1024w, https:\/\/triumph4all.dk\/wp-content\/uploads\/2020\/07\/Sand-f\u00f8r-300x169.jpg 300w, https:\/\/triumph4all.dk\/wp-content\/uploads\/2020\/07\/Sand-f\u00f8r-768x433.jpg 768w, https:\/\/triumph4all.dk\/wp-content\/uploads\/2020\/07\/Sand-f\u00f8r-1536x866.jpg 1536w, https:\/\/triumph4all.dk\/wp-content\/uploads\/2020\/07\/Sand-f\u00f8r-2048x1154.jpg 2048w\" sizes=\"auto, (max-width: 1024px) 100vw, 1024px\" \/><figcaption class=\"wp-element-caption\">F\u00f8r reng\u00f8ring<\/figcaption><\/figure>\n<\/div>\n\n<div class=\"wp-block-image\">\n<figure class=\"aligncenter size-large\"><img loading=\"lazy\" decoding=\"async\" width=\"1024\" height=\"577\" src=\"http:\/\/triumph4all.dk\/wp-content\/uploads\/2020\/07\/Sand-efter-1024x577.jpg\" alt=\"\" class=\"wp-image-133\" srcset=\"https:\/\/triumph4all.dk\/wp-content\/uploads\/2020\/07\/Sand-efter-1024x577.jpg 1024w, https:\/\/triumph4all.dk\/wp-content\/uploads\/2020\/07\/Sand-efter-300x169.jpg 300w, https:\/\/triumph4all.dk\/wp-content\/uploads\/2020\/07\/Sand-efter-768x433.jpg 768w, https:\/\/triumph4all.dk\/wp-content\/uploads\/2020\/07\/Sand-efter-1536x866.jpg 1536w, https:\/\/triumph4all.dk\/wp-content\/uploads\/2020\/07\/Sand-efter-2048x1154.jpg 2048w\" sizes=\"auto, (max-width: 1024px) 100vw, 1024px\" \/><figcaption class=\"wp-element-caption\">Efter sandbl\u00e6sning klar til maling<\/figcaption><\/figure>\n<\/div>\n\n<div class=\"wp-block-image\">\n<figure class=\"aligncenter size-large\"><img loading=\"lazy\" decoding=\"async\" width=\"1024\" height=\"577\" src=\"http:\/\/triumph4all.dk\/wp-content\/uploads\/2020\/07\/Sand-div-dele-1024x577.jpg\" alt=\"\" class=\"wp-image-132\" srcset=\"https:\/\/triumph4all.dk\/wp-content\/uploads\/2020\/07\/Sand-div-dele-1024x577.jpg 1024w, https:\/\/triumph4all.dk\/wp-content\/uploads\/2020\/07\/Sand-div-dele-300x169.jpg 300w, https:\/\/triumph4all.dk\/wp-content\/uploads\/2020\/07\/Sand-div-dele-768x433.jpg 768w, https:\/\/triumph4all.dk\/wp-content\/uploads\/2020\/07\/Sand-div-dele-1536x866.jpg 1536w, https:\/\/triumph4all.dk\/wp-content\/uploads\/2020\/07\/Sand-div-dele-2048x1154.jpg 2048w\" sizes=\"auto, (max-width: 1024px) 100vw, 1024px\" \/><figcaption class=\"wp-element-caption\">Er startet op p\u00e5 at f\u00e5 sandbl\u00e6st flere dele s\u00e5 de klar til maling p\u00e5 en gang.<\/figcaption><\/figure>\n<\/div>\n\n\n<figure class=\"wp-block-gallery has-nested-images columns-default is-cropped wp-block-gallery-3 is-layout-flex wp-block-gallery-is-layout-flex\">\n<figure class=\"wp-block-image size-large\"><img loading=\"lazy\" decoding=\"async\" width=\"1024\" height=\"577\" data-id=\"639\" src=\"https:\/\/triumph4all.dk\/wp-content\/uploads\/2022\/05\/DSC00813-1024x577.jpg\" alt=\"\" class=\"wp-image-639\" srcset=\"https:\/\/triumph4all.dk\/wp-content\/uploads\/2022\/05\/DSC00813-1024x577.jpg 1024w, https:\/\/triumph4all.dk\/wp-content\/uploads\/2022\/05\/DSC00813-300x169.jpg 300w, https:\/\/triumph4all.dk\/wp-content\/uploads\/2022\/05\/DSC00813-768x433.jpg 768w, https:\/\/triumph4all.dk\/wp-content\/uploads\/2022\/05\/DSC00813-1536x866.jpg 1536w, https:\/\/triumph4all.dk\/wp-content\/uploads\/2022\/05\/DSC00813-2048x1154.jpg 2048w\" sizes=\"auto, (max-width: 1024px) 100vw, 1024px\" \/><\/figure>\n\n\n\n<figure class=\"wp-block-image size-large\"><img loading=\"lazy\" decoding=\"async\" width=\"2560\" height=\"1443\" data-id=\"638\" src=\"https:\/\/triumph4all.dk\/wp-content\/uploads\/2022\/05\/DSC00807-scaled.jpg\" alt=\"\" class=\"wp-image-638\" srcset=\"https:\/\/triumph4all.dk\/wp-content\/uploads\/2022\/05\/DSC00807-scaled.jpg 2560w, https:\/\/triumph4all.dk\/wp-content\/uploads\/2022\/05\/DSC00807-300x169.jpg 300w\" sizes=\"auto, (max-width: 2560px) 100vw, 2560px\" \/><\/figure>\n<\/figure>\n\n\n\n<p>Dele fra kassen som er grundmalet med 2k epoxy maling slut maling kommer p\u00e5 senere.<\/p>\n\n\n\n<p>Her er et par ekstra eksempler p\u00e5 dele som er blevet sandbl\u00e6st og 2k epoxy grundet<\/p>\n\n\n\n<figure class=\"wp-block-gallery has-nested-images columns-default is-cropped wp-block-gallery-4 is-layout-flex wp-block-gallery-is-layout-flex\">\n<figure class=\"wp-block-image size-large\"><img loading=\"lazy\" decoding=\"async\" width=\"1024\" height=\"577\" data-id=\"651\" src=\"https:\/\/triumph4all.dk\/wp-content\/uploads\/2022\/05\/DSC00778-1024x577.jpg\" alt=\"\" class=\"wp-image-651\" srcset=\"https:\/\/triumph4all.dk\/wp-content\/uploads\/2022\/05\/DSC00778-1024x577.jpg 1024w, https:\/\/triumph4all.dk\/wp-content\/uploads\/2022\/05\/DSC00778-300x169.jpg 300w, https:\/\/triumph4all.dk\/wp-content\/uploads\/2022\/05\/DSC00778-768x433.jpg 768w, https:\/\/triumph4all.dk\/wp-content\/uploads\/2022\/05\/DSC00778-1536x866.jpg 1536w, https:\/\/triumph4all.dk\/wp-content\/uploads\/2022\/05\/DSC00778-2048x1154.jpg 2048w\" sizes=\"auto, (max-width: 1024px) 100vw, 1024px\" \/><\/figure>\n\n\n\n<figure class=\"wp-block-image size-large\"><img loading=\"lazy\" decoding=\"async\" width=\"1024\" height=\"577\" data-id=\"650\" src=\"https:\/\/triumph4all.dk\/wp-content\/uploads\/2022\/05\/DSC00794-1024x577.jpg\" alt=\"\" class=\"wp-image-650\" srcset=\"https:\/\/triumph4all.dk\/wp-content\/uploads\/2022\/05\/DSC00794-1024x577.jpg 1024w, https:\/\/triumph4all.dk\/wp-content\/uploads\/2022\/05\/DSC00794-300x169.jpg 300w, https:\/\/triumph4all.dk\/wp-content\/uploads\/2022\/05\/DSC00794-768x433.jpg 768w, https:\/\/triumph4all.dk\/wp-content\/uploads\/2022\/05\/DSC00794-1536x866.jpg 1536w, https:\/\/triumph4all.dk\/wp-content\/uploads\/2022\/05\/DSC00794-2048x1154.jpg 2048w\" sizes=\"auto, (max-width: 1024px) 100vw, 1024px\" \/><\/figure>\n\n\n\n<figure class=\"wp-block-image size-large\"><img loading=\"lazy\" decoding=\"async\" width=\"1024\" height=\"577\" data-id=\"654\" src=\"https:\/\/triumph4all.dk\/wp-content\/uploads\/2022\/05\/DSC00815-1024x577.jpg\" alt=\"\" class=\"wp-image-654\" srcset=\"https:\/\/triumph4all.dk\/wp-content\/uploads\/2022\/05\/DSC00815-1024x577.jpg 1024w, https:\/\/triumph4all.dk\/wp-content\/uploads\/2022\/05\/DSC00815-300x169.jpg 300w, https:\/\/triumph4all.dk\/wp-content\/uploads\/2022\/05\/DSC00815-768x433.jpg 768w, https:\/\/triumph4all.dk\/wp-content\/uploads\/2022\/05\/DSC00815-1536x866.jpg 1536w, https:\/\/triumph4all.dk\/wp-content\/uploads\/2022\/05\/DSC00815-2048x1154.jpg 2048w\" sizes=\"auto, (max-width: 1024px) 100vw, 1024px\" \/><\/figure>\n<\/figure>\n\n\n\n<figure class=\"wp-block-gallery has-nested-images columns-default is-cropped wp-block-gallery-5 is-layout-flex wp-block-gallery-is-layout-flex\">\n<figure class=\"wp-block-image size-large\"><img loading=\"lazy\" decoding=\"async\" width=\"1024\" height=\"577\" data-id=\"653\" src=\"https:\/\/triumph4all.dk\/wp-content\/uploads\/2022\/05\/DSC00781-1024x577.jpg\" alt=\"\" class=\"wp-image-653\" srcset=\"https:\/\/triumph4all.dk\/wp-content\/uploads\/2022\/05\/DSC00781-1024x577.jpg 1024w, https:\/\/triumph4all.dk\/wp-content\/uploads\/2022\/05\/DSC00781-300x169.jpg 300w, https:\/\/triumph4all.dk\/wp-content\/uploads\/2022\/05\/DSC00781-768x433.jpg 768w, https:\/\/triumph4all.dk\/wp-content\/uploads\/2022\/05\/DSC00781-1536x866.jpg 1536w, https:\/\/triumph4all.dk\/wp-content\/uploads\/2022\/05\/DSC00781-2048x1154.jpg 2048w\" sizes=\"auto, (max-width: 1024px) 100vw, 1024px\" \/><\/figure>\n\n\n\n<figure class=\"wp-block-image size-large\"><img loading=\"lazy\" decoding=\"async\" width=\"1024\" height=\"577\" data-id=\"652\" src=\"https:\/\/triumph4all.dk\/wp-content\/uploads\/2022\/05\/DSC00795-1024x577.jpg\" alt=\"\" class=\"wp-image-652\" srcset=\"https:\/\/triumph4all.dk\/wp-content\/uploads\/2022\/05\/DSC00795-1024x577.jpg 1024w, https:\/\/triumph4all.dk\/wp-content\/uploads\/2022\/05\/DSC00795-300x169.jpg 300w, https:\/\/triumph4all.dk\/wp-content\/uploads\/2022\/05\/DSC00795-768x433.jpg 768w, https:\/\/triumph4all.dk\/wp-content\/uploads\/2022\/05\/DSC00795-1536x866.jpg 1536w, https:\/\/triumph4all.dk\/wp-content\/uploads\/2022\/05\/DSC00795-2048x1154.jpg 2048w\" sizes=\"auto, (max-width: 1024px) 100vw, 1024px\" \/><\/figure>\n\n\n\n<figure class=\"wp-block-image size-large\"><img loading=\"lazy\" decoding=\"async\" width=\"1024\" height=\"577\" data-id=\"655\" src=\"https:\/\/triumph4all.dk\/wp-content\/uploads\/2022\/05\/DSC00808-1024x577.jpg\" alt=\"\" class=\"wp-image-655\" srcset=\"https:\/\/triumph4all.dk\/wp-content\/uploads\/2022\/05\/DSC00808-1024x577.jpg 1024w, https:\/\/triumph4all.dk\/wp-content\/uploads\/2022\/05\/DSC00808-300x169.jpg 300w, https:\/\/triumph4all.dk\/wp-content\/uploads\/2022\/05\/DSC00808-768x433.jpg 768w, https:\/\/triumph4all.dk\/wp-content\/uploads\/2022\/05\/DSC00808-1536x866.jpg 1536w, https:\/\/triumph4all.dk\/wp-content\/uploads\/2022\/05\/DSC00808-2048x1154.jpg 2048w\" sizes=\"auto, (max-width: 1024px) 100vw, 1024px\" \/><\/figure>\n<\/figure>\n","protected":false},"excerpt":{"rendered":"<p>Starter f\u00f8rst med lidt billeder af den sandbl\u00e6ser som jeg har ombygget med ny type h\u00e5ndtag hvor man har mulighed for at justere m\u00e6ngden af sand dette g\u00f8res p\u00e5 den justeringsskrue men jeg m\u00e5 nok indr\u00f8mme at det ikke er det letteste af justere ind brugte en del tid p\u00e5 at finde sand m\u00e6ngde kontra&hellip;&nbsp;<a href=\"https:\/\/triumph4all.dk\/?page_id=129\" rel=\"bookmark\">L\u00e6s mere &raquo;<span class=\"screen-reader-text\">Sandbl\u00e6sning af dele<\/span><\/a><\/p>\n","protected":false},"author":2,"featured_media":0,"parent":0,"menu_order":0,"comment_status":"closed","ping_status":"closed","template":"","meta":{"neve_meta_sidebar":"","neve_meta_container":"","neve_meta_enable_content_width":"","neve_meta_content_width":0,"neve_meta_title_alignment":"","neve_meta_author_avatar":"","neve_post_elements_order":"","neve_meta_disable_header":"","neve_meta_disable_footer":"","neve_meta_disable_title":"","footnotes":""},"class_list":["post-129","page","type-page","status-publish","hentry"],"_links":{"self":[{"href":"https:\/\/triumph4all.dk\/index.php?rest_route=\/wp\/v2\/pages\/129","targetHints":{"allow":["GET"]}}],"collection":[{"href":"https:\/\/triumph4all.dk\/index.php?rest_route=\/wp\/v2\/pages"}],"about":[{"href":"https:\/\/triumph4all.dk\/index.php?rest_route=\/wp\/v2\/types\/page"}],"author":[{"embeddable":true,"href":"https:\/\/triumph4all.dk\/index.php?rest_route=\/wp\/v2\/users\/2"}],"replies":[{"embeddable":true,"href":"https:\/\/triumph4all.dk\/index.php?rest_route=%2Fwp%2Fv2%2Fcomments&post=129"}],"version-history":[{"count":16,"href":"https:\/\/triumph4all.dk\/index.php?rest_route=\/wp\/v2\/pages\/129\/revisions"}],"predecessor-version":[{"id":837,"href":"https:\/\/triumph4all.dk\/index.php?rest_route=\/wp\/v2\/pages\/129\/revisions\/837"}],"wp:attachment":[{"href":"https:\/\/triumph4all.dk\/index.php?rest_route=%2Fwp%2Fv2%2Fmedia&parent=129"}],"curies":[{"name":"wp","href":"https:\/\/api.w.org\/{rel}","templated":true}]}}